{"id":724,"date":"2025-08-06T10:54:21","date_gmt":"2025-08-06T10:54:21","guid":{"rendered":"https:\/\/nowinsure.com\/?page_id=724"},"modified":"2026-02-25T12:50:06","modified_gmt":"2026-02-25T12:50:06","slug":"iphone-17-verzekering","status":"publish","type":"page","link":"https:\/\/nowinsure.com\/fr\/iphone-17-verzekering\/","title":{"rendered":"Assurance iPhone 17"},"content":{"rendered":"<p>Oui ! L'iPhone 17 est arriv\u00e9 ! Plus rapide, plus intelligent et plus fin que jamais. Avec son \u00e9cran ProMotion sans bordures et sa puissante puce A19, vous voudrez imm\u00e9diatement l'assurer contre les dommages, le vol et la malchance.<\/p>","protected":false},"excerpt":{"rendered":"<p>Oui ! L'iPhone 17 est arriv\u00e9 ! Plus rapide, plus intelligent et plus fin que jamais. Avec son \u00e9cran ProMotion sans bordures et sa puissante puce A19, vous voudrez imm\u00e9diatement l'assurer contre les dommages, le vol et la malchance.<\/p>","protected":false},"author":1,"featured_media":0,"parent":0,"menu_order":0,"comment_status":"closed","ping_status":"closed","template":"page-templates\/iphone.php","meta":{"_acf_changed":false,"footnotes":""},"categories":[8],"tags":[],"class_list":["post-724","page","type-page","status-publish","hentry","category-phone"],"acf":[],"yoast_head":"<!-- This site is optimized with the Yoast SEO plugin v26.8 - https:\/\/yoast.com\/product\/yoast-seo-wordpress\/ -->\n<title>iPhone 17 verzekering bij NowInsure<\/title>\n<meta name=\"description\" content=\"Verzeker je nieuwe iPhone 17 (Pro) tegen schade, diefstal of een defect. Kies voor een iPhone 17 verzekering met wereldwijde dekking en snelle reparatie.\" \/>\n<meta name=\"robots\" content=\"index, follow, max-snippet:-1, max-image-preview:large, max-video-preview:-1\" \/>\n<link rel=\"canonical\" href=\"https:\/\/nowinsure.com\/fr\/iphone-17-verzekering\/\" \/>\n<meta property=\"og:locale\" content=\"fr_FR\" \/>\n<meta property=\"og:type\" content=\"article\" \/>\n<meta property=\"og:title\" content=\"iPhone 17 verzekering bij NowInsure\" \/>\n<meta property=\"og:description\" content=\"Verzeker je nieuwe iPhone 17 (Pro) tegen schade, diefstal of een defect. Kies voor een iPhone 17 verzekering met wereldwijde dekking en snelle reparatie.\" \/>\n<meta property=\"og:url\" content=\"https:\/\/nowinsure.com\/fr\/iphone-17-verzekering\/\" \/>\n<meta property=\"og:site_name\" content=\"NowInsure\" \/>\n<meta property=\"article:modified_time\" content=\"2026-02-25T12:50:06+00:00\" \/>\n<meta name=\"twitter:card\" content=\"summary_large_image\" \/>\n<meta name=\"twitter:label1\" content=\"Dur\u00e9e de lecture est.\" \/>\n\t<meta name=\"twitter:data1\" content=\"1 minute\" \/>\n<script type=\"application\/ld+json\" class=\"yoast-schema-graph\">{\"@context\":\"https:\/\/schema.org\",\"@graph\":[{\"@type\":\"WebPage\",\"@id\":\"https:\/\/nowinsure.com\/iphone-17-verzekering\/\",\"url\":\"https:\/\/nowinsure.com\/iphone-17-verzekering\/\",\"name\":\"iPhone 17 verzekering bij NowInsure\",\"isPartOf\":{\"@id\":\"https:\/\/nowinsure.com\/#website\"},\"datePublished\":\"2025-08-06T10:54:21+00:00\",\"dateModified\":\"2026-02-25T12:50:06+00:00\",\"description\":\"Verzeker je nieuwe iPhone 17 (Pro) tegen schade, diefstal of een defect. Kies voor een iPhone 17 verzekering met wereldwijde dekking en snelle reparatie.\",\"breadcrumb\":{\"@id\":\"https:\/\/nowinsure.com\/iphone-17-verzekering\/#breadcrumb\"},\"inLanguage\":\"fr-BE\",\"potentialAction\":[{\"@type\":\"ReadAction\",\"target\":[\"https:\/\/nowinsure.com\/iphone-17-verzekering\/\"]}]},{\"@type\":\"BreadcrumbList\",\"@id\":\"https:\/\/nowinsure.com\/iphone-17-verzekering\/#breadcrumb\",\"itemListElement\":[{\"@type\":\"ListItem\",\"position\":1,\"name\":\"Home\",\"item\":\"https:\/\/nowinsure.com\/\"},{\"@type\":\"ListItem\",\"position\":2,\"name\":\"iPhone 17 verzekering\"}]},{\"@type\":\"WebSite\",\"@id\":\"https:\/\/nowinsure.com\/#website\",\"url\":\"https:\/\/nowinsure.com\/\",\"name\":\"NowInsure\",\"description\":\"Apparaten verzekeren vanaf \u20ac2,99 p\/m\",\"publisher\":{\"@id\":\"https:\/\/nowinsure.com\/#organization\"},\"potentialAction\":[{\"@type\":\"SearchAction\",\"target\":{\"@type\":\"EntryPoint\",\"urlTemplate\":\"https:\/\/nowinsure.com\/?s={search_term_string}\"},\"query-input\":{\"@type\":\"PropertyValueSpecification\",\"valueRequired\":true,\"valueName\":\"search_term_string\"}}],\"inLanguage\":\"fr-BE\"},{\"@type\":\"Organization\",\"@id\":\"https:\/\/nowinsure.com\/#organization\",\"name\":\"nowinsure.com\",\"url\":\"https:\/\/nowinsure.com\/\",\"logo\":{\"@type\":\"ImageObject\",\"inLanguage\":\"fr-BE\",\"@id\":\"https:\/\/nowinsure.com\/#\/schema\/logo\/image\/\",\"url\":\"https:\/\/nowinsure.com\/wp-content\/uploads\/2022\/08\/nowinsure.png\",\"contentUrl\":\"https:\/\/nowinsure.com\/wp-content\/uploads\/2022\/08\/nowinsure.png\",\"width\":500,\"height\":114,\"caption\":\"nowinsure.com\"},\"image\":{\"@id\":\"https:\/\/nowinsure.com\/#\/schema\/logo\/image\/\"}}]}<\/script>\n<!-- \/ Yoast SEO plugin. -->","yoast_head_json":{"title":"iPhone 17 verzekering bij NowInsure","description":"Verzeker je nieuwe iPhone 17 (Pro) tegen schade, diefstal of een defect. Kies voor een iPhone 17 verzekering met wereldwijde dekking en snelle reparatie.","robots":{"index":"index","follow":"follow","max-snippet":"max-snippet:-1","max-image-preview":"max-image-preview:large","max-video-preview":"max-video-preview:-1"},"canonical":"https:\/\/nowinsure.com\/fr\/iphone-17-verzekering\/","og_locale":"fr_FR","og_type":"article","og_title":"iPhone 17 verzekering bij NowInsure","og_description":"Verzeker je nieuwe iPhone 17 (Pro) tegen schade, diefstal of een defect. Kies voor een iPhone 17 verzekering met wereldwijde dekking en snelle reparatie.","og_url":"https:\/\/nowinsure.com\/fr\/iphone-17-verzekering\/","og_site_name":"NowInsure","article_modified_time":"2026-02-25T12:50:06+00:00","twitter_card":"summary_large_image","twitter_misc":{"Dur\u00e9e de lecture est.":"1 minute"},"schema":{"@context":"https:\/\/schema.org","@graph":[{"@type":"WebPage","@id":"https:\/\/nowinsure.com\/iphone-17-verzekering\/","url":"https:\/\/nowinsure.com\/iphone-17-verzekering\/","name":"iPhone 17 verzekering bij NowInsure","isPartOf":{"@id":"https:\/\/nowinsure.com\/#website"},"datePublished":"2025-08-06T10:54:21+00:00","dateModified":"2026-02-25T12:50:06+00:00","description":"Verzeker je nieuwe iPhone 17 (Pro) tegen schade, diefstal of een defect. Kies voor een iPhone 17 verzekering met wereldwijde dekking en snelle reparatie.","breadcrumb":{"@id":"https:\/\/nowinsure.com\/iphone-17-verzekering\/#breadcrumb"},"inLanguage":"fr-BE","potentialAction":[{"@type":"ReadAction","target":["https:\/\/nowinsure.com\/iphone-17-verzekering\/"]}]},{"@type":"BreadcrumbList","@id":"https:\/\/nowinsure.com\/iphone-17-verzekering\/#breadcrumb","itemListElement":[{"@type":"ListItem","position":1,"name":"Home","item":"https:\/\/nowinsure.com\/"},{"@type":"ListItem","position":2,"name":"iPhone 17 verzekering"}]},{"@type":"WebSite","@id":"https:\/\/nowinsure.com\/#website","url":"https:\/\/nowinsure.com\/","name":"NowInsure","description":"Assurer les appareils \u00e0 partir de 2,99 \u20ac par mois","publisher":{"@id":"https:\/\/nowinsure.com\/#organization"},"potentialAction":[{"@type":"SearchAction","target":{"@type":"EntryPoint","urlTemplate":"https:\/\/nowinsure.com\/?s={search_term_string}"},"query-input":{"@type":"PropertyValueSpecification","valueRequired":true,"valueName":"search_term_string"}}],"inLanguage":"fr-BE"},{"@type":"Organization","@id":"https:\/\/nowinsure.com\/#organization","name":"nowinsure.com","url":"https:\/\/nowinsure.com\/","logo":{"@type":"ImageObject","inLanguage":"fr-BE","@id":"https:\/\/nowinsure.com\/#\/schema\/logo\/image\/","url":"https:\/\/nowinsure.com\/wp-content\/uploads\/2022\/08\/nowinsure.png","contentUrl":"https:\/\/nowinsure.com\/wp-content\/uploads\/2022\/08\/nowinsure.png","width":500,"height":114,"caption":"nowinsure.com"},"image":{"@id":"https:\/\/nowinsure.com\/#\/schema\/logo\/image\/"}}]}},"_links":{"self":[{"href":"https:\/\/nowinsure.com\/fr\/wp-json\/wp\/v2\/pages\/724","targetHints":{"allow":["GET"]}}],"collection":[{"href":"https:\/\/nowinsure.com\/fr\/wp-json\/wp\/v2\/pages"}],"about":[{"href":"https:\/\/nowinsure.com\/fr\/wp-json\/wp\/v2\/types\/page"}],"author":[{"embeddable":true,"href":"https:\/\/nowinsure.com\/fr\/wp-json\/wp\/v2\/users\/1"}],"replies":[{"embeddable":true,"href":"https:\/\/nowinsure.com\/fr\/wp-json\/wp\/v2\/comments?post=724"}],"version-history":[{"count":5,"href":"https:\/\/nowinsure.com\/fr\/wp-json\/wp\/v2\/pages\/724\/revisions"}],"predecessor-version":[{"id":733,"href":"https:\/\/nowinsure.com\/fr\/wp-json\/wp\/v2\/pages\/724\/revisions\/733"}],"wp:attachment":[{"href":"https:\/\/nowinsure.com\/fr\/wp-json\/wp\/v2\/media?parent=724"}],"wp:term":[{"taxonomy":"category","embeddable":true,"href":"https:\/\/nowinsure.com\/fr\/wp-json\/wp\/v2\/categories?post=724"},{"taxonomy":"post_tag","embeddable":true,"href":"https:\/\/nowinsure.com\/fr\/wp-json\/wp\/v2\/tags?post=724"}],"curies":[{"name":"wp","href":"https:\/\/api.w.org\/{rel}","templated":true}]}}