{"id":70,"date":"2022-08-31T14:42:53","date_gmt":"2022-08-31T14:42:53","guid":{"rendered":"http:\/\/localhost\/projecten\/nowinsure\/wordpress\/?page_id=70"},"modified":"2024-02-13T10:55:50","modified_gmt":"2024-02-13T10:55:50","slug":"over-ons","status":"publish","type":"page","link":"https:\/\/nowinsure.com\/fr\/over-ons\/","title":{"rendered":"\u00c0 propos de nous"},"content":{"rendered":"<h2>D\u00e9couvrez la commodit\u00e9 de l'assurance sur nowinsure.com<\/h2>\n<p>Nous sommes nowinsure.com. Notre objectif est de vous permettre de profiter de votre achat sans avoir \u00e0 vous soucier d'\u00e9ventuels dommages et\/ou vols. C'est pourquoi nous avons une assurance pour tous vos appareils \u00e9lectroniques. Vous pouvez vous adresser \u00e0 nous pour assurer votre t\u00e9l\u00e9phone, votre smartwatch ou votre ordinateur portable. L'achat de tous vos appareils \u00e9lectroniques repr\u00e9sente souvent un investissement consid\u00e9rable. Quel dommage que vous ne puissiez pas profiter de votre achat en toute tranquillit\u00e9 par crainte d'un dommage et\/ou d'un vol. Gr\u00e2ce \u00e0 notre large gamme, vous pouvez facilement assurer tout ce que vous voulez aupr\u00e8s d'un seul assureur. Pratique.<\/p>\n<h2>Une assurance facile, comme il se doit<\/h2>\n<p>Avec notre \u00e9quipe, nous mettons tout en \u0153uvre pour rendre l'assurance aussi simple que possible. C'est pourquoi souscrire une assurance chez nous est un jeu d'enfant. De plus, avec nowinsure.com, vous b\u00e9n\u00e9ficiez d'une couverture mondiale, vous n'avez donc pas \u00e0 vous demander si vous devez mettre \u00e0 jour votre assurance lorsque vous voyagez. Et saviez-vous que nos polices d'assurance peuvent \u00eatre souscrites jusqu'\u00e0 12 mois apr\u00e8s l'achat ? Pas d'urgence apr\u00e8s l'achat de votre produit, souscrivez votre assurance au moment qui vous convient. Vous avez la malchance de voir votre appareil endommag\u00e9 ? Un simple coup de fil suffit pour que tout s'enclenche.<\/p>\n<h2>R\u00e9paration rapide ou produit de remplacement<\/h2>\n<p>Si votre t\u00e9l\u00e9phone portable, votre appareil photo, votre ordinateur portable ou tout autre appareil tombe en panne, vous voulez bien s\u00fbr vous en occuper le plus rapidement possible. Chez nowinsure.com, nous comprenons que vous ne voulez pas \u00eatre priv\u00e9 de votre appareil plus longtemps que n\u00e9cessaire. C'est pourquoi nous proposons une r\u00e9paration ou un remplacement rapide. Nous sommes disponibles tous les jours ouvrables pour vous servir le plus rapidement possible.<\/p>\n<h2>L'orientation client<\/h2>\n<p>Chez nowinsure.com, tout tourne autour de vous. C'est pourquoi nous mettons tout en \u0153uvre pour que vous, notre client, vous sentiez \u00e9cout\u00e9. Vous recherchez une bonne assurance, sans petits caract\u00e8res, accompagn\u00e9e d'un excellent service ? Bienvenue sur nowinsure.com.<\/p>\n<p>En outre, nowinsure.com est affili\u00e9 \u00e0 Thuiswinkel Waarborg Keurmerk, ce qui garantit des achats s\u00fbrs et fiables sur Internet. Voir notre\u00a0<a href=\"https:\/\/www.thuiswinkel.org\/leden\/nowinsure\/certificaat\" target=\"_blank\" rel=\"noopener\">certificat<\/a>.<\/p>\n<h2>Contact<\/h2>\n<p>Comment puis-je contacter nowinsure.com ? Vous pouvez contacter notre service client\u00e8le en appelant le 010 - 206 86 75, disponible en semaine de 9h \u00e0 17h, ou via info@nowinsure.com. Nous nous effor\u00e7ons de r\u00e9pondre aux courriels dans les 24 heures pendant les heures d'ouverture. Si vous nous envoyez un e-mail pendant le week-end, nous traiterons votre message d\u00e8s que possible apr\u00e8s le week-end.<\/p>\n<p>nowinsure.com fait partie de\u00a0<a href=\"https:\/\/www.harmony.nl\/\" target=\"_blank\" rel=\"noopener\">Harmony Financial Services B.V.<\/a><br \/>\n<strong>Donn\u00e9es de l'entreprise :<\/strong><br \/>\nChambre de commerce n\u00b0 : 24316009<br \/>\nNum\u00e9ro de TVA : NL810950984B01<\/p>\n<p><strong>Licence AFM :<\/strong><br \/>\n12004420<\/p>\n<p><strong>Adresse :<\/strong><br \/>\nAdmiralty Quay 62<br \/>\n3063 ED Rotterdam<\/p>","protected":false},"excerpt":{"rendered":"<p>Ontdek het gemak van verzekeren bij nowinsure.com Wij zijn nowinsure.com. Ons doel is om jou te laten genieten van je aankoop, zonder je zorgen te hoeven maken over eventuele schade en\/of diefstal. Daarom hebben wij voor al jouw elektronische apparaten een verzekering. Je kan bij ons terecht voor een verzekering van je telefoon tot je [&hellip;]<\/p>\n","protected":false},"author":1,"featured_media":0,"parent":0,"menu_order":0,"comment_status":"closed","ping_status":"closed","template":"","meta":{"_acf_changed":false,"footnotes":""},"categories":[],"tags":[],"class_list":["post-70","page","type-page","status-publish","hentry"],"acf":[],"yoast_head":"<!-- This site is optimized with the Yoast SEO plugin v26.8 - https:\/\/yoast.com\/product\/yoast-seo-wordpress\/ -->\n<title>Over ons - NowInsure<\/title>\n<meta name=\"robots\" content=\"index, follow, max-snippet:-1, max-image-preview:large, max-video-preview:-1\" \/>\n<link rel=\"canonical\" href=\"https:\/\/nowinsure.com\/fr\/over-ons\/\" \/>\n<meta property=\"og:locale\" content=\"fr_FR\" \/>\n<meta property=\"og:type\" content=\"article\" \/>\n<meta property=\"og:title\" content=\"Over ons - NowInsure\" \/>\n<meta property=\"og:description\" content=\"Ontdek het gemak van verzekeren bij nowinsure.com Wij zijn nowinsure.com. Ons doel is om jou te laten genieten van je aankoop, zonder je zorgen te hoeven maken over eventuele schade en\/of diefstal. Daarom hebben wij voor al jouw elektronische apparaten een verzekering. Je kan bij ons terecht voor een verzekering van je telefoon tot je [&hellip;]\" \/>\n<meta property=\"og:url\" content=\"https:\/\/nowinsure.com\/fr\/over-ons\/\" \/>\n<meta property=\"og:site_name\" content=\"NowInsure\" \/>\n<meta property=\"article:modified_time\" content=\"2024-02-13T10:55:50+00:00\" \/>\n<meta name=\"twitter:card\" content=\"summary_large_image\" \/>\n<meta name=\"twitter:label1\" content=\"Dur\u00e9e de lecture est.\" \/>\n\t<meta name=\"twitter:data1\" content=\"3 minutes\" \/>\n<script type=\"application\/ld+json\" class=\"yoast-schema-graph\">{\"@context\":\"https:\/\/schema.org\",\"@graph\":[{\"@type\":\"WebPage\",\"@id\":\"https:\/\/nowinsure.com\/fr\/over-ons\/\",\"url\":\"https:\/\/nowinsure.com\/fr\/over-ons\/\",\"name\":\"Over ons - NowInsure\",\"isPartOf\":{\"@id\":\"https:\/\/nowinsure.com\/#website\"},\"datePublished\":\"2022-08-31T14:42:53+00:00\",\"dateModified\":\"2024-02-13T10:55:50+00:00\",\"breadcrumb\":{\"@id\":\"https:\/\/nowinsure.com\/fr\/over-ons\/#breadcrumb\"},\"inLanguage\":\"fr-BE\",\"potentialAction\":[{\"@type\":\"ReadAction\",\"target\":[\"https:\/\/nowinsure.com\/fr\/over-ons\/\"]}]},{\"@type\":\"BreadcrumbList\",\"@id\":\"https:\/\/nowinsure.com\/fr\/over-ons\/#breadcrumb\",\"itemListElement\":[{\"@type\":\"ListItem\",\"position\":1,\"name\":\"Home\",\"item\":\"https:\/\/nowinsure.com\/\"},{\"@type\":\"ListItem\",\"position\":2,\"name\":\"Over ons\"}]},{\"@type\":\"WebSite\",\"@id\":\"https:\/\/nowinsure.com\/#website\",\"url\":\"https:\/\/nowinsure.com\/\",\"name\":\"NowInsure\",\"description\":\"Apparaten verzekeren vanaf \u20ac2,99 p\/m\",\"publisher\":{\"@id\":\"https:\/\/nowinsure.com\/#organization\"},\"potentialAction\":[{\"@type\":\"SearchAction\",\"target\":{\"@type\":\"EntryPoint\",\"urlTemplate\":\"https:\/\/nowinsure.com\/?s={search_term_string}\"},\"query-input\":{\"@type\":\"PropertyValueSpecification\",\"valueRequired\":true,\"valueName\":\"search_term_string\"}}],\"inLanguage\":\"fr-BE\"},{\"@type\":\"Organization\",\"@id\":\"https:\/\/nowinsure.com\/#organization\",\"name\":\"nowinsure.com\",\"url\":\"https:\/\/nowinsure.com\/\",\"logo\":{\"@type\":\"ImageObject\",\"inLanguage\":\"fr-BE\",\"@id\":\"https:\/\/nowinsure.com\/#\/schema\/logo\/image\/\",\"url\":\"https:\/\/nowinsure.com\/wp-content\/uploads\/2022\/08\/nowinsure.png\",\"contentUrl\":\"https:\/\/nowinsure.com\/wp-content\/uploads\/2022\/08\/nowinsure.png\",\"width\":500,\"height\":114,\"caption\":\"nowinsure.com\"},\"image\":{\"@id\":\"https:\/\/nowinsure.com\/#\/schema\/logo\/image\/\"}}]}<\/script>\n<!-- \/ Yoast SEO plugin. -->","yoast_head_json":{"title":"Over ons - NowInsure","robots":{"index":"index","follow":"follow","max-snippet":"max-snippet:-1","max-image-preview":"max-image-preview:large","max-video-preview":"max-video-preview:-1"},"canonical":"https:\/\/nowinsure.com\/fr\/over-ons\/","og_locale":"fr_FR","og_type":"article","og_title":"Over ons - NowInsure","og_description":"Ontdek het gemak van verzekeren bij nowinsure.com Wij zijn nowinsure.com. Ons doel is om jou te laten genieten van je aankoop, zonder je zorgen te hoeven maken over eventuele schade en\/of diefstal. Daarom hebben wij voor al jouw elektronische apparaten een verzekering. Je kan bij ons terecht voor een verzekering van je telefoon tot je [&hellip;]","og_url":"https:\/\/nowinsure.com\/fr\/over-ons\/","og_site_name":"NowInsure","article_modified_time":"2024-02-13T10:55:50+00:00","twitter_card":"summary_large_image","twitter_misc":{"Dur\u00e9e de lecture est.":"3 minutes"},"schema":{"@context":"https:\/\/schema.org","@graph":[{"@type":"WebPage","@id":"https:\/\/nowinsure.com\/fr\/over-ons\/","url":"https:\/\/nowinsure.com\/fr\/over-ons\/","name":"Over ons - NowInsure","isPartOf":{"@id":"https:\/\/nowinsure.com\/#website"},"datePublished":"2022-08-31T14:42:53+00:00","dateModified":"2024-02-13T10:55:50+00:00","breadcrumb":{"@id":"https:\/\/nowinsure.com\/fr\/over-ons\/#breadcrumb"},"inLanguage":"fr-BE","potentialAction":[{"@type":"ReadAction","target":["https:\/\/nowinsure.com\/fr\/over-ons\/"]}]},{"@type":"BreadcrumbList","@id":"https:\/\/nowinsure.com\/fr\/over-ons\/#breadcrumb","itemListElement":[{"@type":"ListItem","position":1,"name":"Home","item":"https:\/\/nowinsure.com\/"},{"@type":"ListItem","position":2,"name":"Over ons"}]},{"@type":"WebSite","@id":"https:\/\/nowinsure.com\/#website","url":"https:\/\/nowinsure.com\/","name":"NowInsure","description":"Assurer les appareils \u00e0 partir de 2,99 \u20ac par mois","publisher":{"@id":"https:\/\/nowinsure.com\/#organization"},"potentialAction":[{"@type":"SearchAction","target":{"@type":"EntryPoint","urlTemplate":"https:\/\/nowinsure.com\/?s={search_term_string}"},"query-input":{"@type":"PropertyValueSpecification","valueRequired":true,"valueName":"search_term_string"}}],"inLanguage":"fr-BE"},{"@type":"Organization","@id":"https:\/\/nowinsure.com\/#organization","name":"nowinsure.com","url":"https:\/\/nowinsure.com\/","logo":{"@type":"ImageObject","inLanguage":"fr-BE","@id":"https:\/\/nowinsure.com\/#\/schema\/logo\/image\/","url":"https:\/\/nowinsure.com\/wp-content\/uploads\/2022\/08\/nowinsure.png","contentUrl":"https:\/\/nowinsure.com\/wp-content\/uploads\/2022\/08\/nowinsure.png","width":500,"height":114,"caption":"nowinsure.com"},"image":{"@id":"https:\/\/nowinsure.com\/#\/schema\/logo\/image\/"}}]}},"_links":{"self":[{"href":"https:\/\/nowinsure.com\/fr\/wp-json\/wp\/v2\/pages\/70","targetHints":{"allow":["GET"]}}],"collection":[{"href":"https:\/\/nowinsure.com\/fr\/wp-json\/wp\/v2\/pages"}],"about":[{"href":"https:\/\/nowinsure.com\/fr\/wp-json\/wp\/v2\/types\/page"}],"author":[{"embeddable":true,"href":"https:\/\/nowinsure.com\/fr\/wp-json\/wp\/v2\/users\/1"}],"replies":[{"embeddable":true,"href":"https:\/\/nowinsure.com\/fr\/wp-json\/wp\/v2\/comments?post=70"}],"version-history":[{"count":4,"href":"https:\/\/nowinsure.com\/fr\/wp-json\/wp\/v2\/pages\/70\/revisions"}],"predecessor-version":[{"id":384,"href":"https:\/\/nowinsure.com\/fr\/wp-json\/wp\/v2\/pages\/70\/revisions\/384"}],"wp:attachment":[{"href":"https:\/\/nowinsure.com\/fr\/wp-json\/wp\/v2\/media?parent=70"}],"wp:term":[{"taxonomy":"category","embeddable":true,"href":"https:\/\/nowinsure.com\/fr\/wp-json\/wp\/v2\/categories?post=70"},{"taxonomy":"post_tag","embeddable":true,"href":"https:\/\/nowinsure.com\/fr\/wp-json\/wp\/v2\/tags?post=70"}],"curies":[{"name":"wp","href":"https:\/\/api.w.org\/{rel}","templated":true}]}}