{"id":7,"date":"2022-08-12T10:52:55","date_gmt":"2022-08-12T10:52:55","guid":{"rendered":"http:\/\/localhost\/projecten\/nowinsure\/wordpress\/?page_id=7"},"modified":"2026-03-19T12:40:25","modified_gmt":"2026-03-19T12:40:25","slug":"zorgeloos-genieten-van-al-jouw-apparatuur","status":"publish","type":"page","link":"https:\/\/nowinsure.com\/fr\/","title":{"rendered":"Assurer le mat\u00e9riel chez Nowinsure"},"content":{"rendered":"<h2>La protection intelligente qui va au-del\u00e0 de votre assurance standard<\/h2>\n<ul>\n<li><strong>Embarquement flexible<\/strong>: Prot\u00e9gez votre appareil jusqu'\u00e0 un an \u00e0 compter de la date d'achat.<\/li>\n<li><strong>Temps d'arr\u00eat minimal<\/strong>R\u00e9paration : R\u00e9parations agr\u00e9\u00e9es pour une remise en service rapide.<\/li>\n<li><strong>Une s\u00e9curit\u00e9 sans limite<\/strong>Le syst\u00e8me d'information sur la sant\u00e9 : une protection totale, que vous soyez \u00e0 la maison ou en voyage.<\/li>\n<li><strong>Essai sans risque<\/strong>: Toujours 14 jours pour revoir votre police.<\/li>\n<li><strong>Une tarification \u00e9quitable<\/strong>Les frais d'assurance : Pas de frais cach\u00e9s, vous ne payez que pour votre couverture.<\/li>\n<li><strong>Protection durable<\/strong>La garantie du fabricant : une s\u00e9curit\u00e9 suppl\u00e9mentaire qui s'ajoute \u00e0 la garantie standard du fabricant.<\/li>\n<\/ul>\n<h2>Une protection maximale pour les \u00e9quipements dont vous d\u00e9pendez<\/h2>\n<p>Nous n'y pensons gu\u00e8re, mais nos vies tournent autour de l'\u00e9lectronique. Votre smartphone est votre bureau, votre ordinateur portable votre studio de cr\u00e9ation et votre smartwatch votre coach. Lorsqu'un appareil tombe en panne \u00e0 cause d'une fissure, d'un vol ou d'une d\u00e9faillance technique, votre routine quotidienne s'arr\u00eate.<\/p>\n<p>Chez Nowinsure, nous comprenons cette d\u00e9pendance. Nous ne proposons pas une assurance standard pour vos appareils, mais un filet de s\u00e9curit\u00e9 pour votre style de vie num\u00e9rique. Qu'il s'agisse du dernier iPhone, d'un appareil photo haut de gamme ou de votre \u00e9quipement de jeu, nous veillons \u00e0 ce qu'un accident n'ait pas d'impact durable sur votre accessibilit\u00e9 ou votre productivit\u00e9.<\/p>\n<h2>Pourquoi l'assurance des appareils \u00e9lectrom\u00e9nagers est-elle indispensable en 2026 ?<\/h2>\n<p><span style=\"font-weight: 400\">La technologie qui se trouve dans nos poches devient de plus en plus complexe et les co\u00fbts de r\u00e9paration augmentent en m\u00eame temps. Alors que vous aviez l'habitude de changer vous-m\u00eame une batterie, les appareils modernes comme le <\/span><a href=\"https:\/\/nowinsure.com\/fr\/iphone-17-verzekering\/\"><span style=\"font-weight: 400\">iPhone 17<\/span><\/a><span style=\"font-weight: 400\"> ou les derniers MacBooks des instruments de pr\u00e9cision qui ne peuvent \u00eatre r\u00e9par\u00e9s que par des sp\u00e9cialistes.\u00a0<\/span><\/p>\n<p><span style=\"font-weight: 400\">L'assurance de Nowinsure vous prot\u00e8ge contre ces co\u00fbts explosifs. Nous regardons au-del\u00e0 de la valeur d'achat, nous regardons la facilit\u00e9 d'utilisation. Gr\u00e2ce \u00e0 notre couverture mondiale, vous \u00eates prot\u00e9g\u00e9 non seulement \u00e0 la maison, mais aussi lors d'un voyage d'affaires important ou de vacances bien m\u00e9rit\u00e9es.<\/span><\/p>\n<p><span style=\"font-weight: 400\">Pourquoi assurer votre appareil aujourd'hui ? En r\u00e9alit\u00e9, une panne inattendue ou un vol n'est pas seulement un revers financier, mais perturbe tout votre rythme quotidien. Nous vivons dans une soci\u00e9t\u00e9 o\u00f9 nous avons besoin d'\u00eatre \u2018toujours en ligne\u2019. Sans un smartphone ou un ordinateur portable en \u00e9tat de marche, vous n'avez pas acc\u00e8s aux services bancaires, \u00e0 la navigation, aux dossiers professionnels ou aux contacts sociaux.\u00a0<\/span><\/p>\n<p><span style=\"font-weight: 400\">Assurer votre appareil avec Nowinsure, c'est en fait une garantie de continuit\u00e9. Au lieu de passer des semaines \u00e0 \u00e9conomiser pour une r\u00e9paration co\u00fbteuse ou un nouvel appareil, nous veillons \u00e0 ce que vous soyez imm\u00e9diatement op\u00e9rationnel. Assurer votre \u00e9quipement n'est donc pas un co\u00fbt suppl\u00e9mentaire, mais un investissement intelligent dans votre accessibilit\u00e9 et votre productivit\u00e9.<\/span><\/p>\n<h2>Plus intelligent que votre assurance habitation : les avantages de Nowinsure<\/h2>\n<p><span style=\"font-weight: 400\">Une erreur fr\u00e9quente consiste \u00e0 penser que l'assurance contenu couvre tout. Dans la pratique, c'est souvent le contraire qui se produit : il manque une couverture ext\u00e9rieure, la franchise est tr\u00e8s \u00e9lev\u00e9e ou les appareils \u00e9lectroniques sont totalement exclus de la couverture contre le vol. Nowinsure comble cette lacune. Notre police est con\u00e7ue pour les appareils mobiles. Cela signifie que :<\/span><\/p>\n<ul>\n<li style=\"font-weight: 400\"><b>Aucune incidence sur votre police d'assurance habitation :<\/b><span style=\"font-weight: 400\"> Vous faites une demande d'indemnisation ? Votre prime aupr\u00e8s de votre banque reste inchang\u00e9e.<\/span><\/li>\n<li style=\"font-weight: 400\"><b>Service de r\u00e9paration directe :<\/b><span style=\"font-weight: 400\"> Pas de semaines d'attente pour un expert, mais une communication directe avec des m\u00e9caniciens reconnus.<\/span><\/li>\n<\/ul>\n<p><b>La mentalit\u00e9 du \"tout risque\" :<\/b><span style=\"font-weight: 400\"> Nous assurons des sc\u00e9narios que les assureurs traditionnels refusent, tels que les dommages caus\u00e9s par les chutes \u00e0 l'ext\u00e9rieur.<\/span><\/p>\n<h2>Une assurance \u00e9quipement transparente, sans petits caract\u00e8res<\/h2>\n<p><span style=\"font-weight: 400\">Le monde de l'assurance est connu pour sa complexit\u00e9, mais Nowinsure opte pour une transparence radicale. Pas de frais de police cach\u00e9s, pas de contrats annuels dont vous ne pouvez vous d\u00e9faire, et un aper\u00e7u clair de ce que vous payez par mois. Vous pouvez assurer votre mat\u00e9riel jusqu'\u00e0 12 mois apr\u00e8s l'achat.\u00a0<\/span><\/p>\n<p><span style=\"font-weight: 400\">Vous avez ainsi la libert\u00e9 de profiter de votre produit dans un premier temps et d'y ajouter la s\u00e9curit\u00e9 qui vous convient par la suite. Avec une p\u00e9riode de r\u00e9flexion de 14 jours et la possibilit\u00e9 de r\u00e9silier mensuellement, vous gardez toujours le contr\u00f4le de vos co\u00fbts fixes.<\/span><\/p>\n<h2>Durabilit\u00e9 et rapidit\u00e9 : notre vision de la r\u00e9paration des dommages<\/h2>\n<p><span style=\"font-weight: 400\">Dans un monde o\u00f9 nous sommes de plus en plus conscients des ressources, Nowinsure croit en la r\u00e9paration plut\u00f4t qu'au remplacement. Notre premi\u00e8re priorit\u00e9 est toujours une r\u00e9paration experte avec des pi\u00e8ces d'origine. C'est non seulement plus rapide pour vous, mais aussi meilleur pour la plan\u00e8te.\u00a0<\/span><\/p>\n<p><span style=\"font-weight: 400\">La r\u00e9paration n'est plus possible ? Nous \u00e9tudions alors une indemnisation \u00e9quitable sur la base de la valeur journali\u00e8re ou de la valeur \u00e0 neuf, afin que vous puissiez retrouver un appareil en \u00e9tat de marche le plus rapidement possible. Avec Nowinsure, vous n'achetez pas de la paperasse, vous achetez la garantie que vous resterez toujours en ligne et connect\u00e9.<\/span><\/p>\n<h2>Commencer \u00e0 prot\u00e9ger Nowinsure en 2 minutes<\/h2>\n<p>\u00cates-vous pr\u00eat \u00e0 laisser derri\u00e8re vous les risques de dommages et de vols ? Le processus est enti\u00e8rement num\u00e9ris\u00e9 et optimis\u00e9 pour votre confort. Utilisez notre widget intuitif pour s\u00e9lectionner votre appareil, choisissez la couverture qui convient \u00e0 votre utilisation et soumettez votre demande.<\/p>\n<p>Que vous soyez un travailleur ind\u00e9pendant cherchant \u00e0 s\u00e9curiser son ordinateur portable ou un \u00e9tudiant assurant ses \u00e9couteurs, Nowinsure rend la protection professionnelle accessible \u00e0 tous. Votre \u00e9quipement est important pour vous, assurez-vous qu'il le reste.<\/p>","protected":false},"excerpt":{"rendered":"<p>De slimme bescherming die verder gaat dan je standaard verzekering Flexibel instappen: Bescherm je device tot 1 jaar na aankoopdatum. Minimale downtime: Geautoriseerde reparaties zodat je snel weer online bent. Grenzeloze zekerheid: Volledige bescherming, of je nu thuis bent of op reis. Risicoloos proberen: Altijd 14 dagen de tijd om je polis te herzien. Eerlijke [&hellip;]<\/p>\n","protected":false},"author":1,"featured_media":10,"parent":0,"menu_order":0,"comment_status":"closed","ping_status":"closed","template":"page-templates\/homepage.php","meta":{"_acf_changed":false,"footnotes":""},"categories":[],"tags":[],"class_list":["post-7","page","type-page","status-publish","has-post-thumbnail","hentry"],"acf":[],"yoast_head":"<!-- This site is optimized with the Yoast SEO plugin v26.8 - https:\/\/yoast.com\/product\/yoast-seo-wordpress\/ -->\n<title>Zorgeloos genieten van al jouw apparatuur - NowInsure<\/title>\n<meta name=\"description\" content=\"Sluit eenvoudig je toestelverzekering af voor al je apparatuur (telefoon, laptop). Profiteer van wereldwijde dekking en schadeafhandeling bij NowInsure.\" \/>\n<meta name=\"robots\" content=\"index, follow, max-snippet:-1, max-image-preview:large, max-video-preview:-1\" \/>\n<link rel=\"canonical\" href=\"https:\/\/nowinsure.com\/fr\/\" \/>\n<meta property=\"og:locale\" content=\"fr_FR\" \/>\n<meta property=\"og:type\" content=\"article\" \/>\n<meta property=\"og:title\" content=\"Zorgeloos genieten van al jouw apparatuur - NowInsure\" \/>\n<meta property=\"og:description\" content=\"Sluit eenvoudig je toestelverzekering af voor al je apparatuur (telefoon, laptop). Profiteer van wereldwijde dekking en schadeafhandeling bij NowInsure.\" \/>\n<meta property=\"og:url\" content=\"https:\/\/nowinsure.com\/fr\/\" \/>\n<meta property=\"og:site_name\" content=\"NowInsure\" \/>\n<meta property=\"article:modified_time\" content=\"2026-03-19T12:40:25+00:00\" \/>\n<meta property=\"og:image\" content=\"https:\/\/nowinsure.com\/wp-content\/uploads\/2022\/08\/1579844832iStock-514515228-1@1x_1.jpg\" \/>\n\t<meta property=\"og:image:width\" content=\"1980\" \/>\n\t<meta property=\"og:image:height\" content=\"957\" \/>\n\t<meta property=\"og:image:type\" content=\"image\/jpeg\" \/>\n<meta name=\"twitter:card\" content=\"summary_large_image\" \/>\n<meta name=\"twitter:label1\" content=\"Dur\u00e9e de lecture est.\" \/>\n\t<meta name=\"twitter:data1\" content=\"4 minutes\" \/>\n<script type=\"application\/ld+json\" class=\"yoast-schema-graph\">{\"@context\":\"https:\/\/schema.org\",\"@graph\":[{\"@type\":\"WebPage\",\"@id\":\"https:\/\/nowinsure.com\/\",\"url\":\"https:\/\/nowinsure.com\/\",\"name\":\"Zorgeloos genieten van al jouw apparatuur - NowInsure\",\"isPartOf\":{\"@id\":\"https:\/\/nowinsure.com\/#website\"},\"primaryImageOfPage\":{\"@id\":\"https:\/\/nowinsure.com\/#primaryimage\"},\"image\":{\"@id\":\"https:\/\/nowinsure.com\/#primaryimage\"},\"thumbnailUrl\":\"https:\/\/nowinsure.com\/wp-content\/uploads\/2022\/08\/1579844832iStock-514515228-1@1x_1.jpg\",\"datePublished\":\"2022-08-12T10:52:55+00:00\",\"dateModified\":\"2026-03-19T12:40:25+00:00\",\"description\":\"Sluit eenvoudig je toestelverzekering af voor al je apparatuur (telefoon, laptop). Profiteer van wereldwijde dekking en schadeafhandeling bij NowInsure.\",\"breadcrumb\":{\"@id\":\"https:\/\/nowinsure.com\/#breadcrumb\"},\"inLanguage\":\"fr-BE\",\"potentialAction\":[{\"@type\":\"ReadAction\",\"target\":[\"https:\/\/nowinsure.com\/\"]}]},{\"@type\":\"ImageObject\",\"inLanguage\":\"fr-BE\",\"@id\":\"https:\/\/nowinsure.com\/#primaryimage\",\"url\":\"https:\/\/nowinsure.com\/wp-content\/uploads\/2022\/08\/1579844832iStock-514515228-1@1x_1.jpg\",\"contentUrl\":\"https:\/\/nowinsure.com\/wp-content\/uploads\/2022\/08\/1579844832iStock-514515228-1@1x_1.jpg\",\"width\":1980,\"height\":957},{\"@type\":\"BreadcrumbList\",\"@id\":\"https:\/\/nowinsure.com\/#breadcrumb\",\"itemListElement\":[{\"@type\":\"ListItem\",\"position\":1,\"name\":\"Home\",\"item\":\"https:\/\/nowinsure.com\/\"},{\"@type\":\"ListItem\",\"position\":2,\"name\":\"Apparatuur verzekeren bij Nowinsure\"}]},{\"@type\":\"WebSite\",\"@id\":\"https:\/\/nowinsure.com\/#website\",\"url\":\"https:\/\/nowinsure.com\/\",\"name\":\"NowInsure\",\"description\":\"Apparaten verzekeren vanaf \u20ac2,99 p\/m\",\"publisher\":{\"@id\":\"https:\/\/nowinsure.com\/#organization\"},\"potentialAction\":[{\"@type\":\"SearchAction\",\"target\":{\"@type\":\"EntryPoint\",\"urlTemplate\":\"https:\/\/nowinsure.com\/?s={search_term_string}\"},\"query-input\":{\"@type\":\"PropertyValueSpecification\",\"valueRequired\":true,\"valueName\":\"search_term_string\"}}],\"inLanguage\":\"fr-BE\"},{\"@type\":\"Organization\",\"@id\":\"https:\/\/nowinsure.com\/#organization\",\"name\":\"nowinsure.com\",\"url\":\"https:\/\/nowinsure.com\/\",\"logo\":{\"@type\":\"ImageObject\",\"inLanguage\":\"fr-BE\",\"@id\":\"https:\/\/nowinsure.com\/#\/schema\/logo\/image\/\",\"url\":\"https:\/\/nowinsure.com\/wp-content\/uploads\/2022\/08\/nowinsure.png\",\"contentUrl\":\"https:\/\/nowinsure.com\/wp-content\/uploads\/2022\/08\/nowinsure.png\",\"width\":500,\"height\":114,\"caption\":\"nowinsure.com\"},\"image\":{\"@id\":\"https:\/\/nowinsure.com\/#\/schema\/logo\/image\/\"}}]}<\/script>\n<!-- \/ Yoast SEO plugin. -->","yoast_head_json":{"title":"Profitez sans souci de tous vos \u00e9quipements - NowInsure","description":"Souscrivez facilement une assurance pour tous vos appareils (t\u00e9l\u00e9phone, ordinateur portable). B\u00e9n\u00e9ficiez d'une couverture globale et d'un r\u00e8glement des sinistres avec NowInsure.","robots":{"index":"index","follow":"follow","max-snippet":"max-snippet:-1","max-image-preview":"max-image-preview:large","max-video-preview":"max-video-preview:-1"},"canonical":"https:\/\/nowinsure.com\/fr\/","og_locale":"fr_FR","og_type":"article","og_title":"Zorgeloos genieten van al jouw apparatuur - NowInsure","og_description":"Sluit eenvoudig je toestelverzekering af voor al je apparatuur (telefoon, laptop). Profiteer van wereldwijde dekking en schadeafhandeling bij NowInsure.","og_url":"https:\/\/nowinsure.com\/fr\/","og_site_name":"NowInsure","article_modified_time":"2026-03-19T12:40:25+00:00","og_image":[{"width":1980,"height":957,"url":"https:\/\/nowinsure.com\/wp-content\/uploads\/2022\/08\/1579844832iStock-514515228-1@1x_1.jpg","type":"image\/jpeg"}],"twitter_card":"summary_large_image","twitter_misc":{"Dur\u00e9e de lecture est.":"4 minutes"},"schema":{"@context":"https:\/\/schema.org","@graph":[{"@type":"WebPage","@id":"https:\/\/nowinsure.com\/","url":"https:\/\/nowinsure.com\/","name":"Profitez sans souci de tous vos \u00e9quipements - NowInsure","isPartOf":{"@id":"https:\/\/nowinsure.com\/#website"},"primaryImageOfPage":{"@id":"https:\/\/nowinsure.com\/#primaryimage"},"image":{"@id":"https:\/\/nowinsure.com\/#primaryimage"},"thumbnailUrl":"https:\/\/nowinsure.com\/wp-content\/uploads\/2022\/08\/1579844832iStock-514515228-1@1x_1.jpg","datePublished":"2022-08-12T10:52:55+00:00","dateModified":"2026-03-19T12:40:25+00:00","description":"Souscrivez facilement une assurance pour tous vos appareils (t\u00e9l\u00e9phone, ordinateur portable). B\u00e9n\u00e9ficiez d'une couverture globale et d'un r\u00e8glement des sinistres avec NowInsure.","breadcrumb":{"@id":"https:\/\/nowinsure.com\/#breadcrumb"},"inLanguage":"fr-BE","potentialAction":[{"@type":"ReadAction","target":["https:\/\/nowinsure.com\/"]}]},{"@type":"ImageObject","inLanguage":"fr-BE","@id":"https:\/\/nowinsure.com\/#primaryimage","url":"https:\/\/nowinsure.com\/wp-content\/uploads\/2022\/08\/1579844832iStock-514515228-1@1x_1.jpg","contentUrl":"https:\/\/nowinsure.com\/wp-content\/uploads\/2022\/08\/1579844832iStock-514515228-1@1x_1.jpg","width":1980,"height":957},{"@type":"BreadcrumbList","@id":"https:\/\/nowinsure.com\/#breadcrumb","itemListElement":[{"@type":"ListItem","position":1,"name":"Home","item":"https:\/\/nowinsure.com\/"},{"@type":"ListItem","position":2,"name":"Apparatuur verzekeren bij Nowinsure"}]},{"@type":"WebSite","@id":"https:\/\/nowinsure.com\/#website","url":"https:\/\/nowinsure.com\/","name":"NowInsure","description":"Assurer les appareils \u00e0 partir de 2,99 \u20ac par mois","publisher":{"@id":"https:\/\/nowinsure.com\/#organization"},"potentialAction":[{"@type":"SearchAction","target":{"@type":"EntryPoint","urlTemplate":"https:\/\/nowinsure.com\/?s={search_term_string}"},"query-input":{"@type":"PropertyValueSpecification","valueRequired":true,"valueName":"search_term_string"}}],"inLanguage":"fr-BE"},{"@type":"Organization","@id":"https:\/\/nowinsure.com\/#organization","name":"nowinsure.com","url":"https:\/\/nowinsure.com\/","logo":{"@type":"ImageObject","inLanguage":"fr-BE","@id":"https:\/\/nowinsure.com\/#\/schema\/logo\/image\/","url":"https:\/\/nowinsure.com\/wp-content\/uploads\/2022\/08\/nowinsure.png","contentUrl":"https:\/\/nowinsure.com\/wp-content\/uploads\/2022\/08\/nowinsure.png","width":500,"height":114,"caption":"nowinsure.com"},"image":{"@id":"https:\/\/nowinsure.com\/#\/schema\/logo\/image\/"}}]}},"_links":{"self":[{"href":"https:\/\/nowinsure.com\/fr\/wp-json\/wp\/v2\/pages\/7","targetHints":{"allow":["GET"]}}],"collection":[{"href":"https:\/\/nowinsure.com\/fr\/wp-json\/wp\/v2\/pages"}],"about":[{"href":"https:\/\/nowinsure.com\/fr\/wp-json\/wp\/v2\/types\/page"}],"author":[{"embeddable":true,"href":"https:\/\/nowinsure.com\/fr\/wp-json\/wp\/v2\/users\/1"}],"replies":[{"embeddable":true,"href":"https:\/\/nowinsure.com\/fr\/wp-json\/wp\/v2\/comments?post=7"}],"version-history":[{"count":8,"href":"https:\/\/nowinsure.com\/fr\/wp-json\/wp\/v2\/pages\/7\/revisions"}],"predecessor-version":[{"id":787,"href":"https:\/\/nowinsure.com\/fr\/wp-json\/wp\/v2\/pages\/7\/revisions\/787"}],"wp:featuredmedia":[{"embeddable":true,"href":"https:\/\/nowinsure.com\/fr\/wp-json\/wp\/v2\/media\/10"}],"wp:attachment":[{"href":"https:\/\/nowinsure.com\/fr\/wp-json\/wp\/v2\/media?parent=7"}],"wp:term":[{"taxonomy":"category","embeddable":true,"href":"https:\/\/nowinsure.com\/fr\/wp-json\/wp\/v2\/categories?post=7"},{"taxonomy":"post_tag","embeddable":true,"href":"https:\/\/nowinsure.com\/fr\/wp-json\/wp\/v2\/tags?post=7"}],"curies":[{"name":"wp","href":"https:\/\/api.w.org\/{rel}","templated":true}]}}