{"id":584,"date":"2025-04-01T13:24:22","date_gmt":"2025-04-01T13:24:22","guid":{"rendered":"https:\/\/www.nowinsure.com\/?page_id=584"},"modified":"2025-06-26T08:24:26","modified_gmt":"2025-06-26T08:24:26","slug":"gameconsole-verzekeren","status":"publish","type":"page","link":"https:\/\/nowinsure.com\/fr\/gameconsole-verzekeren\/","title":{"rendered":"Assurance des consoles de jeux"},"content":{"rendered":"<p>Que vous soyez un joueur inv\u00e9t\u00e9r\u00e9 ou que vous vous d\u00e9tendiez de temps en temps en jouant \u00e0 FIFA ou \u00e0 Zelda sur la toute derni\u00e8re console de jeu, vous \u00eates en droit de vous attendre \u00e0 ce qu'elle vous permette de vous d\u00e9tendre. <a href=\"https:\/\/nowinsure.com\/fr\/nintendo-switch-2-verzekeren\/\">Nintendo Switch 2<\/a> - votre console de jeu est plus qu'un jouet. C'est un investissement. Avec une bonne assurance pour console de jeux, vous prot\u00e9gez votre console contre les dommages, les d\u00e9fauts et (\u00e9ventuellement) le vol. Vous pouvez ainsi continuer \u00e0 jouer sans souci, o\u00f9 que vous soyez.<\/p>","protected":false},"excerpt":{"rendered":"<p>Of je nu een fanatieke gamer bent of af en toe ontspant met een potje FIFA of Zelda op de nieuwste Nintendo Switch 2 \u2014 je gameconsole is meer dan speelgoed. Het is een investering. Met een goede gameconsole verzekering bescherm je je console tegen schade, defecten en (optioneel) diefstal. Zodat jij zorgeloos kunt blijven [&hellip;]<\/p>\n","protected":false},"author":1,"featured_media":586,"parent":0,"menu_order":4,"comment_status":"closed","ping_status":"closed","template":"page-templates\/verzekeringen-child_v2.php","meta":{"_acf_changed":false,"footnotes":""},"categories":[14,13],"tags":[],"class_list":["post-584","page","type-page","status-publish","has-post-thumbnail","hentry","category-consoles","category-verzekering"],"acf":[],"yoast_head":"<!-- This site is optimized with the Yoast SEO plugin v26.8 - https:\/\/yoast.com\/product\/yoast-seo-wordpress\/ -->\n<title>Gameconsole verzekeren - NowInsure<\/title>\n<meta name=\"description\" content=\"Gameconsole verzekeren? Kies voor wereldwijde dekking tegen schade, diefstal en defect. Snel geregeld, geen gedoe. Sluit nu je verzekering af!\" \/>\n<meta name=\"robots\" content=\"index, follow, max-snippet:-1, max-image-preview:large, max-video-preview:-1\" \/>\n<link rel=\"canonical\" href=\"https:\/\/nowinsure.com\/fr\/gameconsole-verzekeren\/\" \/>\n<meta property=\"og:locale\" content=\"fr_FR\" \/>\n<meta property=\"og:type\" content=\"article\" \/>\n<meta property=\"og:title\" content=\"Gameconsole verzekeren - NowInsure\" \/>\n<meta property=\"og:description\" content=\"Gameconsole verzekeren? Kies voor wereldwijde dekking tegen schade, diefstal en defect. Snel geregeld, geen gedoe. Sluit nu je verzekering af!\" \/>\n<meta property=\"og:url\" content=\"https:\/\/nowinsure.com\/fr\/gameconsole-verzekeren\/\" \/>\n<meta property=\"og:site_name\" content=\"NowInsure\" \/>\n<meta property=\"article:modified_time\" content=\"2025-06-26T08:24:26+00:00\" \/>\n<meta property=\"og:image\" content=\"https:\/\/nowinsure.com\/wp-content\/uploads\/2025\/04\/console.png\" \/>\n\t<meta property=\"og:image:width\" content=\"140\" \/>\n\t<meta property=\"og:image:height\" content=\"140\" \/>\n\t<meta property=\"og:image:type\" content=\"image\/png\" \/>\n<meta name=\"twitter:card\" content=\"summary_large_image\" \/>\n<meta name=\"twitter:label1\" content=\"Dur\u00e9e de lecture est.\" \/>\n\t<meta name=\"twitter:data1\" content=\"1 minute\" \/>\n<script type=\"application\/ld+json\" class=\"yoast-schema-graph\">{\"@context\":\"https:\/\/schema.org\",\"@graph\":[{\"@type\":\"WebPage\",\"@id\":\"https:\/\/nowinsure.com\/gameconsole-verzekeren\/\",\"url\":\"https:\/\/nowinsure.com\/gameconsole-verzekeren\/\",\"name\":\"Gameconsole verzekeren - NowInsure\",\"isPartOf\":{\"@id\":\"https:\/\/nowinsure.com\/#website\"},\"primaryImageOfPage\":{\"@id\":\"https:\/\/nowinsure.com\/gameconsole-verzekeren\/#primaryimage\"},\"image\":{\"@id\":\"https:\/\/nowinsure.com\/gameconsole-verzekeren\/#primaryimage\"},\"thumbnailUrl\":\"https:\/\/nowinsure.com\/wp-content\/uploads\/2025\/04\/console.png\",\"datePublished\":\"2025-04-01T13:24:22+00:00\",\"dateModified\":\"2025-06-26T08:24:26+00:00\",\"description\":\"Gameconsole verzekeren? Kies voor wereldwijde dekking tegen schade, diefstal en defect. Snel geregeld, geen gedoe. Sluit nu je verzekering af!\",\"breadcrumb\":{\"@id\":\"https:\/\/nowinsure.com\/gameconsole-verzekeren\/#breadcrumb\"},\"inLanguage\":\"fr-BE\",\"potentialAction\":[{\"@type\":\"ReadAction\",\"target\":[\"https:\/\/nowinsure.com\/gameconsole-verzekeren\/\"]}]},{\"@type\":\"ImageObject\",\"inLanguage\":\"fr-BE\",\"@id\":\"https:\/\/nowinsure.com\/gameconsole-verzekeren\/#primaryimage\",\"url\":\"https:\/\/nowinsure.com\/wp-content\/uploads\/2025\/04\/console.png\",\"contentUrl\":\"https:\/\/nowinsure.com\/wp-content\/uploads\/2025\/04\/console.png\",\"width\":140,\"height\":140},{\"@type\":\"BreadcrumbList\",\"@id\":\"https:\/\/nowinsure.com\/gameconsole-verzekeren\/#breadcrumb\",\"itemListElement\":[{\"@type\":\"ListItem\",\"position\":1,\"name\":\"Home\",\"item\":\"https:\/\/nowinsure.com\/\"},{\"@type\":\"ListItem\",\"position\":2,\"name\":\"Gameconsole verzekeren\"}]},{\"@type\":\"WebSite\",\"@id\":\"https:\/\/nowinsure.com\/#website\",\"url\":\"https:\/\/nowinsure.com\/\",\"name\":\"NowInsure\",\"description\":\"Apparaten verzekeren vanaf \u20ac2,99 p\/m\",\"publisher\":{\"@id\":\"https:\/\/nowinsure.com\/#organization\"},\"potentialAction\":[{\"@type\":\"SearchAction\",\"target\":{\"@type\":\"EntryPoint\",\"urlTemplate\":\"https:\/\/nowinsure.com\/?s={search_term_string}\"},\"query-input\":{\"@type\":\"PropertyValueSpecification\",\"valueRequired\":true,\"valueName\":\"search_term_string\"}}],\"inLanguage\":\"fr-BE\"},{\"@type\":\"Organization\",\"@id\":\"https:\/\/nowinsure.com\/#organization\",\"name\":\"nowinsure.com\",\"url\":\"https:\/\/nowinsure.com\/\",\"logo\":{\"@type\":\"ImageObject\",\"inLanguage\":\"fr-BE\",\"@id\":\"https:\/\/nowinsure.com\/#\/schema\/logo\/image\/\",\"url\":\"https:\/\/nowinsure.com\/wp-content\/uploads\/2022\/08\/nowinsure.png\",\"contentUrl\":\"https:\/\/nowinsure.com\/wp-content\/uploads\/2022\/08\/nowinsure.png\",\"width\":500,\"height\":114,\"caption\":\"nowinsure.com\"},\"image\":{\"@id\":\"https:\/\/nowinsure.com\/#\/schema\/logo\/image\/\"}}]}<\/script>\n<!-- \/ Yoast SEO plugin. -->","yoast_head_json":{"title":"Gameconsole verzekeren - NowInsure","description":"Gameconsole verzekeren? Kies voor wereldwijde dekking tegen schade, diefstal en defect. Snel geregeld, geen gedoe. Sluit nu je verzekering af!","robots":{"index":"index","follow":"follow","max-snippet":"max-snippet:-1","max-image-preview":"max-image-preview:large","max-video-preview":"max-video-preview:-1"},"canonical":"https:\/\/nowinsure.com\/fr\/gameconsole-verzekeren\/","og_locale":"fr_FR","og_type":"article","og_title":"Gameconsole verzekeren - NowInsure","og_description":"Gameconsole verzekeren? Kies voor wereldwijde dekking tegen schade, diefstal en defect. Snel geregeld, geen gedoe. Sluit nu je verzekering af!","og_url":"https:\/\/nowinsure.com\/fr\/gameconsole-verzekeren\/","og_site_name":"NowInsure","article_modified_time":"2025-06-26T08:24:26+00:00","og_image":[{"width":140,"height":140,"url":"https:\/\/nowinsure.com\/wp-content\/uploads\/2025\/04\/console.png","type":"image\/png"}],"twitter_card":"summary_large_image","twitter_misc":{"Dur\u00e9e de lecture est.":"1 minute"},"schema":{"@context":"https:\/\/schema.org","@graph":[{"@type":"WebPage","@id":"https:\/\/nowinsure.com\/gameconsole-verzekeren\/","url":"https:\/\/nowinsure.com\/gameconsole-verzekeren\/","name":"Gameconsole verzekeren - NowInsure","isPartOf":{"@id":"https:\/\/nowinsure.com\/#website"},"primaryImageOfPage":{"@id":"https:\/\/nowinsure.com\/gameconsole-verzekeren\/#primaryimage"},"image":{"@id":"https:\/\/nowinsure.com\/gameconsole-verzekeren\/#primaryimage"},"thumbnailUrl":"https:\/\/nowinsure.com\/wp-content\/uploads\/2025\/04\/console.png","datePublished":"2025-04-01T13:24:22+00:00","dateModified":"2025-06-26T08:24:26+00:00","description":"Gameconsole verzekeren? Kies voor wereldwijde dekking tegen schade, diefstal en defect. Snel geregeld, geen gedoe. Sluit nu je verzekering af!","breadcrumb":{"@id":"https:\/\/nowinsure.com\/gameconsole-verzekeren\/#breadcrumb"},"inLanguage":"fr-BE","potentialAction":[{"@type":"ReadAction","target":["https:\/\/nowinsure.com\/gameconsole-verzekeren\/"]}]},{"@type":"ImageObject","inLanguage":"fr-BE","@id":"https:\/\/nowinsure.com\/gameconsole-verzekeren\/#primaryimage","url":"https:\/\/nowinsure.com\/wp-content\/uploads\/2025\/04\/console.png","contentUrl":"https:\/\/nowinsure.com\/wp-content\/uploads\/2025\/04\/console.png","width":140,"height":140},{"@type":"BreadcrumbList","@id":"https:\/\/nowinsure.com\/gameconsole-verzekeren\/#breadcrumb","itemListElement":[{"@type":"ListItem","position":1,"name":"Home","item":"https:\/\/nowinsure.com\/"},{"@type":"ListItem","position":2,"name":"Gameconsole verzekeren"}]},{"@type":"WebSite","@id":"https:\/\/nowinsure.com\/#website","url":"https:\/\/nowinsure.com\/","name":"NowInsure","description":"Assurer les appareils \u00e0 partir de 2,99 \u20ac par mois","publisher":{"@id":"https:\/\/nowinsure.com\/#organization"},"potentialAction":[{"@type":"SearchAction","target":{"@type":"EntryPoint","urlTemplate":"https:\/\/nowinsure.com\/?s={search_term_string}"},"query-input":{"@type":"PropertyValueSpecification","valueRequired":true,"valueName":"search_term_string"}}],"inLanguage":"fr-BE"},{"@type":"Organization","@id":"https:\/\/nowinsure.com\/#organization","name":"nowinsure.com","url":"https:\/\/nowinsure.com\/","logo":{"@type":"ImageObject","inLanguage":"fr-BE","@id":"https:\/\/nowinsure.com\/#\/schema\/logo\/image\/","url":"https:\/\/nowinsure.com\/wp-content\/uploads\/2022\/08\/nowinsure.png","contentUrl":"https:\/\/nowinsure.com\/wp-content\/uploads\/2022\/08\/nowinsure.png","width":500,"height":114,"caption":"nowinsure.com"},"image":{"@id":"https:\/\/nowinsure.com\/#\/schema\/logo\/image\/"}}]}},"_links":{"self":[{"href":"https:\/\/nowinsure.com\/fr\/wp-json\/wp\/v2\/pages\/584","targetHints":{"allow":["GET"]}}],"collection":[{"href":"https:\/\/nowinsure.com\/fr\/wp-json\/wp\/v2\/pages"}],"about":[{"href":"https:\/\/nowinsure.com\/fr\/wp-json\/wp\/v2\/types\/page"}],"author":[{"embeddable":true,"href":"https:\/\/nowinsure.com\/fr\/wp-json\/wp\/v2\/users\/1"}],"replies":[{"embeddable":true,"href":"https:\/\/nowinsure.com\/fr\/wp-json\/wp\/v2\/comments?post=584"}],"version-history":[{"count":14,"href":"https:\/\/nowinsure.com\/fr\/wp-json\/wp\/v2\/pages\/584\/revisions"}],"predecessor-version":[{"id":717,"href":"https:\/\/nowinsure.com\/fr\/wp-json\/wp\/v2\/pages\/584\/revisions\/717"}],"wp:featuredmedia":[{"embeddable":true,"href":"https:\/\/nowinsure.com\/fr\/wp-json\/wp\/v2\/media\/586"}],"wp:attachment":[{"href":"https:\/\/nowinsure.com\/fr\/wp-json\/wp\/v2\/media?parent=584"}],"wp:term":[{"taxonomy":"category","embeddable":true,"href":"https:\/\/nowinsure.com\/fr\/wp-json\/wp\/v2\/categories?post=584"},{"taxonomy":"post_tag","embeddable":true,"href":"https:\/\/nowinsure.com\/fr\/wp-json\/wp\/v2\/tags?post=584"}],"curies":[{"name":"wp","href":"https:\/\/api.w.org\/{rel}","templated":true}]}}