{"id":561,"date":"2025-03-13T16:07:00","date_gmt":"2025-03-13T16:07:00","guid":{"rendered":"https:\/\/www.nowinsure.com\/?page_id=561"},"modified":"2025-05-01T18:45:14","modified_gmt":"2025-05-01T18:45:14","slug":"apple-watch-verzekering","status":"publish","type":"page","link":"https:\/\/nowinsure.com\/fr\/apple-watch-verzekering\/","title":{"rendered":"Smartwatch &amp; <br>Assurance pour l'Apple Watch"},"content":{"rendered":"<p>Une Apple Watch ou une smartwatch vous aide \u00e0 suivre votre sant\u00e9, vos notifications et vos activit\u00e9s quotidiennes. Mais un accident est vite arriv\u00e9. Avec l'assurance smartwatch, vous \u00eates prot\u00e9g\u00e9 contre les chutes, les d\u00e9g\u00e2ts des eaux, le vol et les d\u00e9fauts hors garantie. Vous \u00e9vitez ainsi les frais impr\u00e9vus et votre smartwatch reste toujours en parfait \u00e9tat.<\/p>","protected":false},"excerpt":{"rendered":"<p>Une Apple Watch ou une smartwatch vous aide \u00e0 suivre votre sant\u00e9, vos notifications et vos activit\u00e9s quotidiennes. Mais un accident est vite arriv\u00e9. Avec l'assurance smartwatch, vous \u00eates prot\u00e9g\u00e9 contre les chutes, les d\u00e9g\u00e2ts des eaux, le vol et les d\u00e9fauts hors garantie. Vous \u00e9vitez ainsi les frais impr\u00e9vus et votre smartwatch reste toujours en parfait \u00e9tat.<\/p>","protected":false},"author":1,"featured_media":46,"parent":0,"menu_order":3,"comment_status":"closed","ping_status":"closed","template":"page-templates\/verzekeringen-child_v2.php","meta":{"_acf_changed":false,"footnotes":""},"categories":[11,13],"tags":[],"class_list":["post-561","page","type-page","status-publish","has-post-thumbnail","hentry","category-wearables","category-verzekering"],"acf":[],"yoast_head":"<!-- This site is optimized with the Yoast SEO plugin v26.8 - https:\/\/yoast.com\/product\/yoast-seo-wordpress\/ -->\n<title>Smartwatch &amp; Apple Watch verzekering - NowInsure<\/title>\n<meta name=\"description\" content=\"Verzeker je Apple Watch of smartwatch en voorkom onverwachte kosten door schade, diefstal of defecten. Verzeker je smartwatch vandaag nog!\" \/>\n<meta name=\"robots\" content=\"index, follow, max-snippet:-1, max-image-preview:large, max-video-preview:-1\" \/>\n<link rel=\"canonical\" href=\"https:\/\/nowinsure.com\/fr\/apple-watch-verzekering\/\" \/>\n<meta property=\"og:locale\" content=\"fr_FR\" \/>\n<meta property=\"og:type\" content=\"article\" \/>\n<meta property=\"og:title\" content=\"Smartwatch &amp; Apple Watch verzekering - NowInsure\" \/>\n<meta property=\"og:description\" content=\"Verzeker je Apple Watch of smartwatch en voorkom onverwachte kosten door schade, diefstal of defecten. Verzeker je smartwatch vandaag nog!\" \/>\n<meta property=\"og:url\" content=\"https:\/\/nowinsure.com\/fr\/apple-watch-verzekering\/\" \/>\n<meta property=\"og:site_name\" content=\"NowInsure\" \/>\n<meta property=\"article:modified_time\" content=\"2025-05-01T18:45:14+00:00\" \/>\n<meta property=\"og:image\" content=\"https:\/\/nowinsure.com\/wp-content\/uploads\/2022\/08\/1579849422smartwatch.png\" \/>\n\t<meta property=\"og:image:width\" content=\"140\" \/>\n\t<meta property=\"og:image:height\" content=\"140\" \/>\n\t<meta property=\"og:image:type\" content=\"image\/png\" \/>\n<meta name=\"twitter:card\" content=\"summary_large_image\" \/>\n<meta name=\"twitter:label1\" content=\"Dur\u00e9e de lecture est.\" \/>\n\t<meta name=\"twitter:data1\" content=\"1 minute\" \/>\n<script type=\"application\/ld+json\" class=\"yoast-schema-graph\">{\"@context\":\"https:\/\/schema.org\",\"@graph\":[{\"@type\":\"WebPage\",\"@id\":\"https:\/\/nowinsure.com\/fr\/apple-watch-verzekering\/\",\"url\":\"https:\/\/nowinsure.com\/fr\/apple-watch-verzekering\/\",\"name\":\"Smartwatch & Apple Watch verzekering - NowInsure\",\"isPartOf\":{\"@id\":\"https:\/\/nowinsure.com\/#website\"},\"primaryImageOfPage\":{\"@id\":\"https:\/\/nowinsure.com\/fr\/apple-watch-verzekering\/#primaryimage\"},\"image\":{\"@id\":\"https:\/\/nowinsure.com\/fr\/apple-watch-verzekering\/#primaryimage\"},\"thumbnailUrl\":\"https:\/\/nowinsure.com\/wp-content\/uploads\/2022\/08\/1579849422smartwatch.png\",\"datePublished\":\"2025-03-13T16:07:00+00:00\",\"dateModified\":\"2025-05-01T18:45:14+00:00\",\"description\":\"Verzeker je Apple Watch of smartwatch en voorkom onverwachte kosten door schade, diefstal of defecten. Verzeker je smartwatch vandaag nog!\",\"breadcrumb\":{\"@id\":\"https:\/\/nowinsure.com\/fr\/apple-watch-verzekering\/#breadcrumb\"},\"inLanguage\":\"fr-BE\",\"potentialAction\":[{\"@type\":\"ReadAction\",\"target\":[\"https:\/\/nowinsure.com\/fr\/apple-watch-verzekering\/\"]}]},{\"@type\":\"ImageObject\",\"inLanguage\":\"fr-BE\",\"@id\":\"https:\/\/nowinsure.com\/fr\/apple-watch-verzekering\/#primaryimage\",\"url\":\"https:\/\/nowinsure.com\/wp-content\/uploads\/2022\/08\/1579849422smartwatch.png\",\"contentUrl\":\"https:\/\/nowinsure.com\/wp-content\/uploads\/2022\/08\/1579849422smartwatch.png\",\"width\":140,\"height\":140},{\"@type\":\"BreadcrumbList\",\"@id\":\"https:\/\/nowinsure.com\/fr\/apple-watch-verzekering\/#breadcrumb\",\"itemListElement\":[{\"@type\":\"ListItem\",\"position\":1,\"name\":\"Home\",\"item\":\"https:\/\/nowinsure.com\/\"},{\"@type\":\"ListItem\",\"position\":2,\"name\":\"Smartwatch &#038; Apple Watch verzekering\"}]},{\"@type\":\"WebSite\",\"@id\":\"https:\/\/nowinsure.com\/#website\",\"url\":\"https:\/\/nowinsure.com\/\",\"name\":\"NowInsure\",\"description\":\"Apparaten verzekeren vanaf \u20ac2,99 p\/m\",\"publisher\":{\"@id\":\"https:\/\/nowinsure.com\/#organization\"},\"potentialAction\":[{\"@type\":\"SearchAction\",\"target\":{\"@type\":\"EntryPoint\",\"urlTemplate\":\"https:\/\/nowinsure.com\/?s={search_term_string}\"},\"query-input\":{\"@type\":\"PropertyValueSpecification\",\"valueRequired\":true,\"valueName\":\"search_term_string\"}}],\"inLanguage\":\"fr-BE\"},{\"@type\":\"Organization\",\"@id\":\"https:\/\/nowinsure.com\/#organization\",\"name\":\"nowinsure.com\",\"url\":\"https:\/\/nowinsure.com\/\",\"logo\":{\"@type\":\"ImageObject\",\"inLanguage\":\"fr-BE\",\"@id\":\"https:\/\/nowinsure.com\/#\/schema\/logo\/image\/\",\"url\":\"https:\/\/nowinsure.com\/wp-content\/uploads\/2022\/08\/nowinsure.png\",\"contentUrl\":\"https:\/\/nowinsure.com\/wp-content\/uploads\/2022\/08\/nowinsure.png\",\"width\":500,\"height\":114,\"caption\":\"nowinsure.com\"},\"image\":{\"@id\":\"https:\/\/nowinsure.com\/#\/schema\/logo\/image\/\"}}]}<\/script>\n<!-- \/ Yoast SEO plugin. -->","yoast_head_json":{"title":"Assurance Smartwatch et Apple Watch - NowInsure","description":"Assurez votre Apple Watch ou votre smartwatch et \u00e9vitez les frais impr\u00e9vus li\u00e9s aux dommages, au vol ou aux pannes. Assurez votre smartwatch d\u00e8s aujourd'hui !","robots":{"index":"index","follow":"follow","max-snippet":"max-snippet:-1","max-image-preview":"max-image-preview:large","max-video-preview":"max-video-preview:-1"},"canonical":"https:\/\/nowinsure.com\/fr\/apple-watch-verzekering\/","og_locale":"fr_FR","og_type":"article","og_title":"Smartwatch & Apple Watch verzekering - NowInsure","og_description":"Verzeker je Apple Watch of smartwatch en voorkom onverwachte kosten door schade, diefstal of defecten. Verzeker je smartwatch vandaag nog!","og_url":"https:\/\/nowinsure.com\/fr\/apple-watch-verzekering\/","og_site_name":"NowInsure","article_modified_time":"2025-05-01T18:45:14+00:00","og_image":[{"width":140,"height":140,"url":"https:\/\/nowinsure.com\/wp-content\/uploads\/2022\/08\/1579849422smartwatch.png","type":"image\/png"}],"twitter_card":"summary_large_image","twitter_misc":{"Dur\u00e9e de lecture est.":"1 minute"},"schema":{"@context":"https:\/\/schema.org","@graph":[{"@type":"WebPage","@id":"https:\/\/nowinsure.com\/fr\/apple-watch-verzekering\/","url":"https:\/\/nowinsure.com\/fr\/apple-watch-verzekering\/","name":"Assurance Smartwatch et Apple Watch - NowInsure","isPartOf":{"@id":"https:\/\/nowinsure.com\/#website"},"primaryImageOfPage":{"@id":"https:\/\/nowinsure.com\/fr\/apple-watch-verzekering\/#primaryimage"},"image":{"@id":"https:\/\/nowinsure.com\/fr\/apple-watch-verzekering\/#primaryimage"},"thumbnailUrl":"https:\/\/nowinsure.com\/wp-content\/uploads\/2022\/08\/1579849422smartwatch.png","datePublished":"2025-03-13T16:07:00+00:00","dateModified":"2025-05-01T18:45:14+00:00","description":"Assurez votre Apple Watch ou votre smartwatch et \u00e9vitez les frais impr\u00e9vus li\u00e9s aux dommages, au vol ou aux pannes. Assurez votre smartwatch d\u00e8s aujourd'hui !","breadcrumb":{"@id":"https:\/\/nowinsure.com\/fr\/apple-watch-verzekering\/#breadcrumb"},"inLanguage":"fr-BE","potentialAction":[{"@type":"ReadAction","target":["https:\/\/nowinsure.com\/fr\/apple-watch-verzekering\/"]}]},{"@type":"ImageObject","inLanguage":"fr-BE","@id":"https:\/\/nowinsure.com\/fr\/apple-watch-verzekering\/#primaryimage","url":"https:\/\/nowinsure.com\/wp-content\/uploads\/2022\/08\/1579849422smartwatch.png","contentUrl":"https:\/\/nowinsure.com\/wp-content\/uploads\/2022\/08\/1579849422smartwatch.png","width":140,"height":140},{"@type":"BreadcrumbList","@id":"https:\/\/nowinsure.com\/fr\/apple-watch-verzekering\/#breadcrumb","itemListElement":[{"@type":"ListItem","position":1,"name":"Home","item":"https:\/\/nowinsure.com\/"},{"@type":"ListItem","position":2,"name":"Smartwatch &#038; Apple Watch verzekering"}]},{"@type":"WebSite","@id":"https:\/\/nowinsure.com\/#website","url":"https:\/\/nowinsure.com\/","name":"NowInsure","description":"Assurer les appareils \u00e0 partir de 2,99 \u20ac par mois","publisher":{"@id":"https:\/\/nowinsure.com\/#organization"},"potentialAction":[{"@type":"SearchAction","target":{"@type":"EntryPoint","urlTemplate":"https:\/\/nowinsure.com\/?s={search_term_string}"},"query-input":{"@type":"PropertyValueSpecification","valueRequired":true,"valueName":"search_term_string"}}],"inLanguage":"fr-BE"},{"@type":"Organization","@id":"https:\/\/nowinsure.com\/#organization","name":"nowinsure.com","url":"https:\/\/nowinsure.com\/","logo":{"@type":"ImageObject","inLanguage":"fr-BE","@id":"https:\/\/nowinsure.com\/#\/schema\/logo\/image\/","url":"https:\/\/nowinsure.com\/wp-content\/uploads\/2022\/08\/nowinsure.png","contentUrl":"https:\/\/nowinsure.com\/wp-content\/uploads\/2022\/08\/nowinsure.png","width":500,"height":114,"caption":"nowinsure.com"},"image":{"@id":"https:\/\/nowinsure.com\/#\/schema\/logo\/image\/"}}]}},"_links":{"self":[{"href":"https:\/\/nowinsure.com\/fr\/wp-json\/wp\/v2\/pages\/561","targetHints":{"allow":["GET"]}}],"collection":[{"href":"https:\/\/nowinsure.com\/fr\/wp-json\/wp\/v2\/pages"}],"about":[{"href":"https:\/\/nowinsure.com\/fr\/wp-json\/wp\/v2\/types\/page"}],"author":[{"embeddable":true,"href":"https:\/\/nowinsure.com\/fr\/wp-json\/wp\/v2\/users\/1"}],"replies":[{"embeddable":true,"href":"https:\/\/nowinsure.com\/fr\/wp-json\/wp\/v2\/comments?post=561"}],"version-history":[{"count":12,"href":"https:\/\/nowinsure.com\/fr\/wp-json\/wp\/v2\/pages\/561\/revisions"}],"predecessor-version":[{"id":665,"href":"https:\/\/nowinsure.com\/fr\/wp-json\/wp\/v2\/pages\/561\/revisions\/665"}],"wp:featuredmedia":[{"embeddable":true,"href":"https:\/\/nowinsure.com\/fr\/wp-json\/wp\/v2\/media\/46"}],"wp:attachment":[{"href":"https:\/\/nowinsure.com\/fr\/wp-json\/wp\/v2\/media?parent=561"}],"wp:term":[{"taxonomy":"category","embeddable":true,"href":"https:\/\/nowinsure.com\/fr\/wp-json\/wp\/v2\/categories?post=561"},{"taxonomy":"post_tag","embeddable":true,"href":"https:\/\/nowinsure.com\/fr\/wp-json\/wp\/v2\/tags?post=561"}],"curies":[{"name":"wp","href":"https:\/\/api.w.org\/{rel}","templated":true}]}}