{"id":541,"date":"2025-03-07T14:27:37","date_gmt":"2025-03-07T14:27:37","guid":{"rendered":"https:\/\/www.nowinsure.com\/?page_id=541"},"modified":"2026-02-25T12:45:24","modified_gmt":"2026-02-25T12:45:24","slug":"laptop-verzekering","status":"publish","type":"page","link":"https:\/\/nowinsure.com\/fr\/laptop-verzekering\/","title":{"rendered":"Assurance ordinateur portable"},"content":{"rendered":"<p>Un ordinateur portable est un appareil pr\u00e9cieux et indispensable. L'assurance ordinateur portable vous permet de vous pr\u00e9munir contre les frais impr\u00e9vus li\u00e9s aux accidents, au vol et aux d\u00e9faillances techniques. Vous b\u00e9n\u00e9ficiez ainsi non seulement d'une s\u00e9curit\u00e9 financi\u00e8re, mais aussi d'une tranquillit\u00e9 d'esprit.<\/p>","protected":false},"excerpt":{"rendered":"<p>Un ordinateur portable est un appareil pr\u00e9cieux et indispensable. L'assurance ordinateur portable vous permet de vous pr\u00e9munir contre les frais impr\u00e9vus li\u00e9s aux accidents, au vol et aux d\u00e9faillances techniques. Vous b\u00e9n\u00e9ficiez ainsi non seulement d'une s\u00e9curit\u00e9 financi\u00e8re, mais aussi d'une tranquillit\u00e9 d'esprit.<\/p>","protected":false},"author":1,"featured_media":48,"parent":0,"menu_order":2,"comment_status":"closed","ping_status":"closed","template":"page-templates\/verzekeringen-child_v2.php","meta":{"_acf_changed":false,"footnotes":""},"categories":[7,13],"tags":[],"class_list":["post-541","page","type-page","status-publish","has-post-thumbnail","hentry","category-notebook","category-verzekering"],"acf":[],"yoast_head":"<!-- This site is optimized with the Yoast SEO plugin v26.8 - https:\/\/yoast.com\/product\/yoast-seo-wordpress\/ -->\n<title>Laptop verzekering bij Nowinsure | Schade &amp; Diefstal Gedekt<\/title>\n<meta name=\"description\" content=\"Bescherm je laptop tegen schade en diefstal met de laptop verzekering van NowInsure. Wereldwijde dekking en snelle afhandeling. Sluit direct online af!\" \/>\n<meta name=\"robots\" content=\"index, follow, max-snippet:-1, max-image-preview:large, max-video-preview:-1\" \/>\n<link rel=\"canonical\" href=\"https:\/\/nowinsure.com\/fr\/laptop-verzekering\/\" \/>\n<meta property=\"og:locale\" content=\"fr_FR\" \/>\n<meta property=\"og:type\" content=\"article\" \/>\n<meta property=\"og:title\" content=\"Laptop verzekering bij Nowinsure | Schade &amp; Diefstal Gedekt\" \/>\n<meta property=\"og:description\" content=\"Bescherm je laptop tegen schade en diefstal met de laptop verzekering van NowInsure. Wereldwijde dekking en snelle afhandeling. Sluit direct online af!\" \/>\n<meta property=\"og:url\" content=\"https:\/\/nowinsure.com\/fr\/laptop-verzekering\/\" \/>\n<meta property=\"og:site_name\" content=\"NowInsure\" \/>\n<meta property=\"article:modified_time\" content=\"2026-02-25T12:45:24+00:00\" \/>\n<meta property=\"og:image\" content=\"https:\/\/nowinsure.com\/wp-content\/uploads\/2022\/08\/1579849403laptop.png\" \/>\n\t<meta property=\"og:image:width\" content=\"140\" \/>\n\t<meta property=\"og:image:height\" content=\"140\" \/>\n\t<meta property=\"og:image:type\" content=\"image\/png\" \/>\n<meta name=\"twitter:card\" content=\"summary_large_image\" \/>\n<meta name=\"twitter:label1\" content=\"Dur\u00e9e de lecture est.\" \/>\n\t<meta name=\"twitter:data1\" content=\"1 minute\" \/>\n<script type=\"application\/ld+json\" class=\"yoast-schema-graph\">{\"@context\":\"https:\/\/schema.org\",\"@graph\":[{\"@type\":\"WebPage\",\"@id\":\"https:\/\/nowinsure.com\/fr\/laptop-verzekering\/\",\"url\":\"https:\/\/nowinsure.com\/fr\/laptop-verzekering\/\",\"name\":\"Laptop verzekering bij Nowinsure | Schade & Diefstal Gedekt\",\"isPartOf\":{\"@id\":\"https:\/\/nowinsure.com\/#website\"},\"primaryImageOfPage\":{\"@id\":\"https:\/\/nowinsure.com\/fr\/laptop-verzekering\/#primaryimage\"},\"image\":{\"@id\":\"https:\/\/nowinsure.com\/fr\/laptop-verzekering\/#primaryimage\"},\"thumbnailUrl\":\"https:\/\/nowinsure.com\/wp-content\/uploads\/2022\/08\/1579849403laptop.png\",\"datePublished\":\"2025-03-07T14:27:37+00:00\",\"dateModified\":\"2026-02-25T12:45:24+00:00\",\"description\":\"Bescherm je laptop tegen schade en diefstal met de laptop verzekering van NowInsure. Wereldwijde dekking en snelle afhandeling. Sluit direct online af!\",\"breadcrumb\":{\"@id\":\"https:\/\/nowinsure.com\/fr\/laptop-verzekering\/#breadcrumb\"},\"inLanguage\":\"fr-BE\",\"potentialAction\":[{\"@type\":\"ReadAction\",\"target\":[\"https:\/\/nowinsure.com\/fr\/laptop-verzekering\/\"]}]},{\"@type\":\"ImageObject\",\"inLanguage\":\"fr-BE\",\"@id\":\"https:\/\/nowinsure.com\/fr\/laptop-verzekering\/#primaryimage\",\"url\":\"https:\/\/nowinsure.com\/wp-content\/uploads\/2022\/08\/1579849403laptop.png\",\"contentUrl\":\"https:\/\/nowinsure.com\/wp-content\/uploads\/2022\/08\/1579849403laptop.png\",\"width\":140,\"height\":140},{\"@type\":\"BreadcrumbList\",\"@id\":\"https:\/\/nowinsure.com\/fr\/laptop-verzekering\/#breadcrumb\",\"itemListElement\":[{\"@type\":\"ListItem\",\"position\":1,\"name\":\"Home\",\"item\":\"https:\/\/nowinsure.com\/\"},{\"@type\":\"ListItem\",\"position\":2,\"name\":\"Laptop verzekering\"}]},{\"@type\":\"WebSite\",\"@id\":\"https:\/\/nowinsure.com\/#website\",\"url\":\"https:\/\/nowinsure.com\/\",\"name\":\"NowInsure\",\"description\":\"Apparaten verzekeren vanaf \u20ac2,99 p\/m\",\"publisher\":{\"@id\":\"https:\/\/nowinsure.com\/#organization\"},\"potentialAction\":[{\"@type\":\"SearchAction\",\"target\":{\"@type\":\"EntryPoint\",\"urlTemplate\":\"https:\/\/nowinsure.com\/?s={search_term_string}\"},\"query-input\":{\"@type\":\"PropertyValueSpecification\",\"valueRequired\":true,\"valueName\":\"search_term_string\"}}],\"inLanguage\":\"fr-BE\"},{\"@type\":\"Organization\",\"@id\":\"https:\/\/nowinsure.com\/#organization\",\"name\":\"nowinsure.com\",\"url\":\"https:\/\/nowinsure.com\/\",\"logo\":{\"@type\":\"ImageObject\",\"inLanguage\":\"fr-BE\",\"@id\":\"https:\/\/nowinsure.com\/#\/schema\/logo\/image\/\",\"url\":\"https:\/\/nowinsure.com\/wp-content\/uploads\/2022\/08\/nowinsure.png\",\"contentUrl\":\"https:\/\/nowinsure.com\/wp-content\/uploads\/2022\/08\/nowinsure.png\",\"width\":500,\"height\":114,\"caption\":\"nowinsure.com\"},\"image\":{\"@id\":\"https:\/\/nowinsure.com\/#\/schema\/logo\/image\/\"}}]}<\/script>\n<!-- \/ Yoast SEO plugin. -->","yoast_head_json":{"title":"Laptop verzekering bij Nowinsure | Schade & Diefstal Gedekt","description":"Bescherm je laptop tegen schade en diefstal met de laptop verzekering van NowInsure. Wereldwijde dekking en snelle afhandeling. Sluit direct online af!","robots":{"index":"index","follow":"follow","max-snippet":"max-snippet:-1","max-image-preview":"max-image-preview:large","max-video-preview":"max-video-preview:-1"},"canonical":"https:\/\/nowinsure.com\/fr\/laptop-verzekering\/","og_locale":"fr_FR","og_type":"article","og_title":"Laptop verzekering bij Nowinsure | Schade & Diefstal Gedekt","og_description":"Bescherm je laptop tegen schade en diefstal met de laptop verzekering van NowInsure. Wereldwijde dekking en snelle afhandeling. Sluit direct online af!","og_url":"https:\/\/nowinsure.com\/fr\/laptop-verzekering\/","og_site_name":"NowInsure","article_modified_time":"2026-02-25T12:45:24+00:00","og_image":[{"width":140,"height":140,"url":"https:\/\/nowinsure.com\/wp-content\/uploads\/2022\/08\/1579849403laptop.png","type":"image\/png"}],"twitter_card":"summary_large_image","twitter_misc":{"Dur\u00e9e de lecture est.":"1 minute"},"schema":{"@context":"https:\/\/schema.org","@graph":[{"@type":"WebPage","@id":"https:\/\/nowinsure.com\/fr\/laptop-verzekering\/","url":"https:\/\/nowinsure.com\/fr\/laptop-verzekering\/","name":"Laptop verzekering bij Nowinsure | Schade & Diefstal Gedekt","isPartOf":{"@id":"https:\/\/nowinsure.com\/#website"},"primaryImageOfPage":{"@id":"https:\/\/nowinsure.com\/fr\/laptop-verzekering\/#primaryimage"},"image":{"@id":"https:\/\/nowinsure.com\/fr\/laptop-verzekering\/#primaryimage"},"thumbnailUrl":"https:\/\/nowinsure.com\/wp-content\/uploads\/2022\/08\/1579849403laptop.png","datePublished":"2025-03-07T14:27:37+00:00","dateModified":"2026-02-25T12:45:24+00:00","description":"Bescherm je laptop tegen schade en diefstal met de laptop verzekering van NowInsure. Wereldwijde dekking en snelle afhandeling. Sluit direct online af!","breadcrumb":{"@id":"https:\/\/nowinsure.com\/fr\/laptop-verzekering\/#breadcrumb"},"inLanguage":"fr-BE","potentialAction":[{"@type":"ReadAction","target":["https:\/\/nowinsure.com\/fr\/laptop-verzekering\/"]}]},{"@type":"ImageObject","inLanguage":"fr-BE","@id":"https:\/\/nowinsure.com\/fr\/laptop-verzekering\/#primaryimage","url":"https:\/\/nowinsure.com\/wp-content\/uploads\/2022\/08\/1579849403laptop.png","contentUrl":"https:\/\/nowinsure.com\/wp-content\/uploads\/2022\/08\/1579849403laptop.png","width":140,"height":140},{"@type":"BreadcrumbList","@id":"https:\/\/nowinsure.com\/fr\/laptop-verzekering\/#breadcrumb","itemListElement":[{"@type":"ListItem","position":1,"name":"Home","item":"https:\/\/nowinsure.com\/"},{"@type":"ListItem","position":2,"name":"Laptop verzekering"}]},{"@type":"WebSite","@id":"https:\/\/nowinsure.com\/#website","url":"https:\/\/nowinsure.com\/","name":"NowInsure","description":"Assurer les appareils \u00e0 partir de 2,99 \u20ac par mois","publisher":{"@id":"https:\/\/nowinsure.com\/#organization"},"potentialAction":[{"@type":"SearchAction","target":{"@type":"EntryPoint","urlTemplate":"https:\/\/nowinsure.com\/?s={search_term_string}"},"query-input":{"@type":"PropertyValueSpecification","valueRequired":true,"valueName":"search_term_string"}}],"inLanguage":"fr-BE"},{"@type":"Organization","@id":"https:\/\/nowinsure.com\/#organization","name":"nowinsure.com","url":"https:\/\/nowinsure.com\/","logo":{"@type":"ImageObject","inLanguage":"fr-BE","@id":"https:\/\/nowinsure.com\/#\/schema\/logo\/image\/","url":"https:\/\/nowinsure.com\/wp-content\/uploads\/2022\/08\/nowinsure.png","contentUrl":"https:\/\/nowinsure.com\/wp-content\/uploads\/2022\/08\/nowinsure.png","width":500,"height":114,"caption":"nowinsure.com"},"image":{"@id":"https:\/\/nowinsure.com\/#\/schema\/logo\/image\/"}}]}},"_links":{"self":[{"href":"https:\/\/nowinsure.com\/fr\/wp-json\/wp\/v2\/pages\/541","targetHints":{"allow":["GET"]}}],"collection":[{"href":"https:\/\/nowinsure.com\/fr\/wp-json\/wp\/v2\/pages"}],"about":[{"href":"https:\/\/nowinsure.com\/fr\/wp-json\/wp\/v2\/types\/page"}],"author":[{"embeddable":true,"href":"https:\/\/nowinsure.com\/fr\/wp-json\/wp\/v2\/users\/1"}],"replies":[{"embeddable":true,"href":"https:\/\/nowinsure.com\/fr\/wp-json\/wp\/v2\/comments?post=541"}],"version-history":[{"count":8,"href":"https:\/\/nowinsure.com\/fr\/wp-json\/wp\/v2\/pages\/541\/revisions"}],"predecessor-version":[{"id":560,"href":"https:\/\/nowinsure.com\/fr\/wp-json\/wp\/v2\/pages\/541\/revisions\/560"}],"wp:featuredmedia":[{"embeddable":true,"href":"https:\/\/nowinsure.com\/fr\/wp-json\/wp\/v2\/media\/48"}],"wp:attachment":[{"href":"https:\/\/nowinsure.com\/fr\/wp-json\/wp\/v2\/media?parent=541"}],"wp:term":[{"taxonomy":"category","embeddable":true,"href":"https:\/\/nowinsure.com\/fr\/wp-json\/wp\/v2\/categories?post=541"},{"taxonomy":"post_tag","embeddable":true,"href":"https:\/\/nowinsure.com\/fr\/wp-json\/wp\/v2\/tags?post=541"}],"curies":[{"name":"wp","href":"https:\/\/api.w.org\/{rel}","templated":true}]}}