{"id":38,"date":"2022-08-17T12:04:03","date_gmt":"2022-08-17T12:04:03","guid":{"rendered":"http:\/\/localhost\/projecten\/nowinsure\/wordpress\/?page_id=38"},"modified":"2026-02-25T12:48:47","modified_gmt":"2026-02-25T12:48:47","slug":"speaker-verzekeren","status":"publish","type":"page","link":"https:\/\/nowinsure.com\/fr\/speaker-verzekeren\/","title":{"rendered":"Assurance des conf\u00e9renciers"},"content":{"rendered":"<h2>Assurez votre haut-parleur sans fil sur nowinsure.com<\/h2>\n<p>Il est judicieux d'assurer votre haut-parleur sans fil pour profiter de votre achat le plus longtemps possible. Un haut-parleur sans fil est une autre invention tr\u00e8s pratique. En effet, quel que soit l'endroit o\u00f9 vous souhaitez \u00e9couter de la musique, sur la route, dans la salle de bains ou au fond du jardin, un haut-parleur sans fil vous permet d'\u00e9couter la musique que vous voulez n'importe o\u00f9. Et en plus, vous pouvez \u00e9couter cette musique avec les personnes qui vous entourent. Id\u00e9al pour \u00e9couter de la musique de haute qualit\u00e9 en famille ou entre amis dans des endroits o\u00f9 cela ne serait normalement pas possible.<\/p>\n<h2>\u00c0 quoi sert votre haut-parleur sans fil ?<\/h2>\n<p>Un haut-parleur sans fil convient \u00e0 de nombreux endroits. Ils ont tous leurs propres qualit\u00e9s. Par exemple, certains haut-parleurs conviennent parfaitement \u00e0 la salle de bains. Bien entendu, tous les haut-parleurs ne peuvent pas r\u00e9sister \u00e0 l'humidit\u00e9 de la salle de bains. En outre, certains haut-parleurs disposent d'une connexion WiFi int\u00e9gr\u00e9e, tandis que d'autres n'en ont pas. Certains haut-parleurs fonctionnent \u00e9galement avec Bluetooth. Toutes ces fonctionnalit\u00e9s ont bien entendu un prix. C'est pourquoi un haut-parleur sans fil n'est souvent pas une bonne affaire. Dommage que votre haut-parleur se casse ou soit endommag\u00e9 et que vous ne puissiez plus l'utiliser.<\/p>\n<h2>Assurance d'un haut-parleur sans fil en 2 minutes<\/h2>\n<p>Un haut-parleur sans fil est naturellement con\u00e7u pour \u00eatre utilis\u00e9 dans plusieurs endroits. Il est donc facile de l'emporter avec vous lorsque vous sortez pour la journ\u00e9e. \u00c0 la plage, \u00e0 la f\u00eate chez des amis ou au club de sport. Mais si vous emportez souvent votre haut-parleur avec vous, les risques de l'endommager sont \u00e9videmment plus \u00e9lev\u00e9s. Lors du transport, par exemple, ou s'il est renvers\u00e9 dans un endroit tr\u00e8s fr\u00e9quent\u00e9. Si votre haut-parleur sans fil n'est pas assur\u00e9, vous risquez de le laisser chez vous plus longtemps que vous ne le souhaiteriez pour \u00e9viter tout dommage.<\/p>\n<h2>Assurance pour votre enceinte sans fil sur nowinsure.com<\/h2>\n<p>Chez nowinsure.com, nous avons la solution pour que vous n'ayez plus \u00e0 vous soucier des dommages. Si vous choisissez d'assurer votre haut-parleur sans fil avec nowInsure.com, vous n'aurez plus \u00e0 craindre qu'un dommage mette fin \u00e0 votre plaisir d'\u00e9coute. En cas de dommage, votre haut-parleur sera r\u00e9par\u00e9 ou remplac\u00e9, afin que vous puissiez bient\u00f4t profiter \u00e0 nouveau de la musique que vous aimez partout.<\/p>","protected":false},"excerpt":{"rendered":"<p>Verzeker je draadloos speaker bij nowinsure.com Jouw draadloos speaker verzekeren is slim om zolang te kunnen genieten van je aankoop. Een draadloze speaker is namelijk nog zo\u2019n uitvinding die enorm handig is. Want waar jij ook muziek wilt luisteren, onderweg, in de badkamer of achterin de tuin, met een draadloze speaker luister je overal naar [&hellip;]<\/p>\n","protected":false},"author":1,"featured_media":40,"parent":0,"menu_order":12,"comment_status":"closed","ping_status":"closed","template":"page-templates\/verzekeringen-child.php","meta":{"_acf_changed":false,"footnotes":""},"categories":[1,13],"tags":[],"class_list":["post-38","page","type-page","status-publish","has-post-thumbnail","hentry","category-other","category-verzekering"],"acf":[],"yoast_head":"<!-- This site is optimized with the Yoast SEO plugin v26.8 - https:\/\/yoast.com\/product\/yoast-seo-wordpress\/ -->\n<title>Speaker verzekeren - NowInsure<\/title>\n<meta name=\"description\" content=\"Je speaker verzekeren tegen schade, diefstal of vallen? Kies voor een complete polis met wereldwijde dekking. Sluit nu eenvoudig online af bij NowInsure!\" \/>\n<meta name=\"robots\" content=\"index, follow, max-snippet:-1, max-image-preview:large, max-video-preview:-1\" \/>\n<link rel=\"canonical\" href=\"https:\/\/nowinsure.com\/fr\/speaker-verzekeren\/\" \/>\n<meta property=\"og:locale\" content=\"fr_FR\" \/>\n<meta property=\"og:type\" content=\"article\" \/>\n<meta property=\"og:title\" content=\"Speaker verzekeren - NowInsure\" \/>\n<meta property=\"og:description\" content=\"Je speaker verzekeren tegen schade, diefstal of vallen? Kies voor een complete polis met wereldwijde dekking. Sluit nu eenvoudig online af bij NowInsure!\" \/>\n<meta property=\"og:url\" content=\"https:\/\/nowinsure.com\/fr\/speaker-verzekeren\/\" \/>\n<meta property=\"og:site_name\" content=\"NowInsure\" \/>\n<meta property=\"article:modified_time\" content=\"2026-02-25T12:48:47+00:00\" \/>\n<meta property=\"og:image\" content=\"https:\/\/nowinsure.com\/wp-content\/uploads\/2022\/08\/1579849434smart_speaker.png\" \/>\n\t<meta property=\"og:image:width\" content=\"140\" \/>\n\t<meta property=\"og:image:height\" content=\"140\" \/>\n\t<meta property=\"og:image:type\" content=\"image\/png\" \/>\n<meta name=\"twitter:card\" content=\"summary_large_image\" \/>\n<meta name=\"twitter:label1\" content=\"Dur\u00e9e de lecture est.\" \/>\n\t<meta name=\"twitter:data1\" content=\"3 minutes\" \/>\n<script type=\"application\/ld+json\" class=\"yoast-schema-graph\">{\"@context\":\"https:\/\/schema.org\",\"@graph\":[{\"@type\":\"WebPage\",\"@id\":\"https:\/\/nowinsure.com\/speaker-verzekeren\/\",\"url\":\"https:\/\/nowinsure.com\/speaker-verzekeren\/\",\"name\":\"Speaker verzekeren - NowInsure\",\"isPartOf\":{\"@id\":\"https:\/\/nowinsure.com\/#website\"},\"primaryImageOfPage\":{\"@id\":\"https:\/\/nowinsure.com\/speaker-verzekeren\/#primaryimage\"},\"image\":{\"@id\":\"https:\/\/nowinsure.com\/speaker-verzekeren\/#primaryimage\"},\"thumbnailUrl\":\"https:\/\/nowinsure.com\/wp-content\/uploads\/2022\/08\/1579849434smart_speaker.png\",\"datePublished\":\"2022-08-17T12:04:03+00:00\",\"dateModified\":\"2026-02-25T12:48:47+00:00\",\"description\":\"Je speaker verzekeren tegen schade, diefstal of vallen? Kies voor een complete polis met wereldwijde dekking. Sluit nu eenvoudig online af bij NowInsure!\",\"breadcrumb\":{\"@id\":\"https:\/\/nowinsure.com\/speaker-verzekeren\/#breadcrumb\"},\"inLanguage\":\"fr-BE\",\"potentialAction\":[{\"@type\":\"ReadAction\",\"target\":[\"https:\/\/nowinsure.com\/speaker-verzekeren\/\"]}]},{\"@type\":\"ImageObject\",\"inLanguage\":\"fr-BE\",\"@id\":\"https:\/\/nowinsure.com\/speaker-verzekeren\/#primaryimage\",\"url\":\"https:\/\/nowinsure.com\/wp-content\/uploads\/2022\/08\/1579849434smart_speaker.png\",\"contentUrl\":\"https:\/\/nowinsure.com\/wp-content\/uploads\/2022\/08\/1579849434smart_speaker.png\",\"width\":140,\"height\":140},{\"@type\":\"BreadcrumbList\",\"@id\":\"https:\/\/nowinsure.com\/speaker-verzekeren\/#breadcrumb\",\"itemListElement\":[{\"@type\":\"ListItem\",\"position\":1,\"name\":\"Home\",\"item\":\"https:\/\/nowinsure.com\/\"},{\"@type\":\"ListItem\",\"position\":2,\"name\":\"Speaker verzekeren\"}]},{\"@type\":\"WebSite\",\"@id\":\"https:\/\/nowinsure.com\/#website\",\"url\":\"https:\/\/nowinsure.com\/\",\"name\":\"NowInsure\",\"description\":\"Apparaten verzekeren vanaf \u20ac2,99 p\/m\",\"publisher\":{\"@id\":\"https:\/\/nowinsure.com\/#organization\"},\"potentialAction\":[{\"@type\":\"SearchAction\",\"target\":{\"@type\":\"EntryPoint\",\"urlTemplate\":\"https:\/\/nowinsure.com\/?s={search_term_string}\"},\"query-input\":{\"@type\":\"PropertyValueSpecification\",\"valueRequired\":true,\"valueName\":\"search_term_string\"}}],\"inLanguage\":\"fr-BE\"},{\"@type\":\"Organization\",\"@id\":\"https:\/\/nowinsure.com\/#organization\",\"name\":\"nowinsure.com\",\"url\":\"https:\/\/nowinsure.com\/\",\"logo\":{\"@type\":\"ImageObject\",\"inLanguage\":\"fr-BE\",\"@id\":\"https:\/\/nowinsure.com\/#\/schema\/logo\/image\/\",\"url\":\"https:\/\/nowinsure.com\/wp-content\/uploads\/2022\/08\/nowinsure.png\",\"contentUrl\":\"https:\/\/nowinsure.com\/wp-content\/uploads\/2022\/08\/nowinsure.png\",\"width\":500,\"height\":114,\"caption\":\"nowinsure.com\"},\"image\":{\"@id\":\"https:\/\/nowinsure.com\/#\/schema\/logo\/image\/\"}}]}<\/script>\n<!-- \/ Yoast SEO plugin. -->","yoast_head_json":{"title":"Speaker verzekeren - NowInsure","description":"Je speaker verzekeren tegen schade, diefstal of vallen? Kies voor een complete polis met wereldwijde dekking. Sluit nu eenvoudig online af bij NowInsure!","robots":{"index":"index","follow":"follow","max-snippet":"max-snippet:-1","max-image-preview":"max-image-preview:large","max-video-preview":"max-video-preview:-1"},"canonical":"https:\/\/nowinsure.com\/fr\/speaker-verzekeren\/","og_locale":"fr_FR","og_type":"article","og_title":"Speaker verzekeren - NowInsure","og_description":"Je speaker verzekeren tegen schade, diefstal of vallen? Kies voor een complete polis met wereldwijde dekking. Sluit nu eenvoudig online af bij NowInsure!","og_url":"https:\/\/nowinsure.com\/fr\/speaker-verzekeren\/","og_site_name":"NowInsure","article_modified_time":"2026-02-25T12:48:47+00:00","og_image":[{"width":140,"height":140,"url":"https:\/\/nowinsure.com\/wp-content\/uploads\/2022\/08\/1579849434smart_speaker.png","type":"image\/png"}],"twitter_card":"summary_large_image","twitter_misc":{"Dur\u00e9e de lecture est.":"3 minutes"},"schema":{"@context":"https:\/\/schema.org","@graph":[{"@type":"WebPage","@id":"https:\/\/nowinsure.com\/speaker-verzekeren\/","url":"https:\/\/nowinsure.com\/speaker-verzekeren\/","name":"Speaker verzekeren - NowInsure","isPartOf":{"@id":"https:\/\/nowinsure.com\/#website"},"primaryImageOfPage":{"@id":"https:\/\/nowinsure.com\/speaker-verzekeren\/#primaryimage"},"image":{"@id":"https:\/\/nowinsure.com\/speaker-verzekeren\/#primaryimage"},"thumbnailUrl":"https:\/\/nowinsure.com\/wp-content\/uploads\/2022\/08\/1579849434smart_speaker.png","datePublished":"2022-08-17T12:04:03+00:00","dateModified":"2026-02-25T12:48:47+00:00","description":"Je speaker verzekeren tegen schade, diefstal of vallen? Kies voor een complete polis met wereldwijde dekking. Sluit nu eenvoudig online af bij NowInsure!","breadcrumb":{"@id":"https:\/\/nowinsure.com\/speaker-verzekeren\/#breadcrumb"},"inLanguage":"fr-BE","potentialAction":[{"@type":"ReadAction","target":["https:\/\/nowinsure.com\/speaker-verzekeren\/"]}]},{"@type":"ImageObject","inLanguage":"fr-BE","@id":"https:\/\/nowinsure.com\/speaker-verzekeren\/#primaryimage","url":"https:\/\/nowinsure.com\/wp-content\/uploads\/2022\/08\/1579849434smart_speaker.png","contentUrl":"https:\/\/nowinsure.com\/wp-content\/uploads\/2022\/08\/1579849434smart_speaker.png","width":140,"height":140},{"@type":"BreadcrumbList","@id":"https:\/\/nowinsure.com\/speaker-verzekeren\/#breadcrumb","itemListElement":[{"@type":"ListItem","position":1,"name":"Home","item":"https:\/\/nowinsure.com\/"},{"@type":"ListItem","position":2,"name":"Speaker verzekeren"}]},{"@type":"WebSite","@id":"https:\/\/nowinsure.com\/#website","url":"https:\/\/nowinsure.com\/","name":"NowInsure","description":"Assurer les appareils \u00e0 partir de 2,99 \u20ac par mois","publisher":{"@id":"https:\/\/nowinsure.com\/#organization"},"potentialAction":[{"@type":"SearchAction","target":{"@type":"EntryPoint","urlTemplate":"https:\/\/nowinsure.com\/?s={search_term_string}"},"query-input":{"@type":"PropertyValueSpecification","valueRequired":true,"valueName":"search_term_string"}}],"inLanguage":"fr-BE"},{"@type":"Organization","@id":"https:\/\/nowinsure.com\/#organization","name":"nowinsure.com","url":"https:\/\/nowinsure.com\/","logo":{"@type":"ImageObject","inLanguage":"fr-BE","@id":"https:\/\/nowinsure.com\/#\/schema\/logo\/image\/","url":"https:\/\/nowinsure.com\/wp-content\/uploads\/2022\/08\/nowinsure.png","contentUrl":"https:\/\/nowinsure.com\/wp-content\/uploads\/2022\/08\/nowinsure.png","width":500,"height":114,"caption":"nowinsure.com"},"image":{"@id":"https:\/\/nowinsure.com\/#\/schema\/logo\/image\/"}}]}},"_links":{"self":[{"href":"https:\/\/nowinsure.com\/fr\/wp-json\/wp\/v2\/pages\/38","targetHints":{"allow":["GET"]}}],"collection":[{"href":"https:\/\/nowinsure.com\/fr\/wp-json\/wp\/v2\/pages"}],"about":[{"href":"https:\/\/nowinsure.com\/fr\/wp-json\/wp\/v2\/types\/page"}],"author":[{"embeddable":true,"href":"https:\/\/nowinsure.com\/fr\/wp-json\/wp\/v2\/users\/1"}],"replies":[{"embeddable":true,"href":"https:\/\/nowinsure.com\/fr\/wp-json\/wp\/v2\/comments?post=38"}],"version-history":[{"count":2,"href":"https:\/\/nowinsure.com\/fr\/wp-json\/wp\/v2\/pages\/38\/revisions"}],"predecessor-version":[{"id":98,"href":"https:\/\/nowinsure.com\/fr\/wp-json\/wp\/v2\/pages\/38\/revisions\/98"}],"wp:featuredmedia":[{"embeddable":true,"href":"https:\/\/nowinsure.com\/fr\/wp-json\/wp\/v2\/media\/40"}],"wp:attachment":[{"href":"https:\/\/nowinsure.com\/fr\/wp-json\/wp\/v2\/media?parent=38"}],"wp:term":[{"taxonomy":"category","embeddable":true,"href":"https:\/\/nowinsure.com\/fr\/wp-json\/wp\/v2\/categories?post=38"},{"taxonomy":"post_tag","embeddable":true,"href":"https:\/\/nowinsure.com\/fr\/wp-json\/wp\/v2\/tags?post=38"}],"curies":[{"name":"wp","href":"https:\/\/api.w.org\/{rel}","templated":true}]}}