{"id":36,"date":"2022-08-17T12:03:42","date_gmt":"2022-08-17T12:03:42","guid":{"rendered":"http:\/\/localhost\/projecten\/nowinsure\/wordpress\/?page_id=36"},"modified":"2026-02-25T12:46:32","modified_gmt":"2026-02-25T12:46:32","slug":"e-reader-verzekeren","status":"publish","type":"page","link":"https:\/\/nowinsure.com\/fr\/e-reader-verzekeren\/","title":{"rendered":"Assurance des lecteurs \u00e9lectroniques"},"content":{"rendered":"<h2>Assurance pour les lecteurs \u00e9lectroniques via nowinsure.com<\/h2>\n<p>Assurer votre lecteur \u00e9lectronique sur nowinsure.com vous permet de continuer \u00e0 profiter de la lecture. Vous avez \u00e9galement troqu\u00e9 les livres papier pour un e-reader ? Vous avez certainement d\u00e9couvert le confort de la lecture \u00e0 l'\u00e9cran. Surtout en vacances, un e-reader est indispensable si vous aimez lire. Au lieu d'une pile de livres, il vous suffit d'emporter un seul lecteur \u00e9lectronique. Que vous empruntiez des livres \u00e0 la biblioth\u00e8que ou que vous achetiez vos livres \u00e9lectroniques en ligne, la lecture sur un lecteur \u00e9lectronique vous donne un acc\u00e8s illimit\u00e9 aux livres. Vous ne serez donc jamais \u00e0 court de livres avec votre lecteur \u00e9lectronique.<\/p>\n<h2>Risque \u00e9lev\u00e9 d'endommagement en cas d'utilisation fr\u00e9quente<\/h2>\n<p>C'est justement parce que vous utilisez beaucoup votre e-reader que le risque d'endommagement est \u00e9galement plus \u00e9lev\u00e9. Surtout si vous emportez votre e-reader en vacances, un accident est vite arriv\u00e9. Mais bien s\u00fbr, les choses peuvent aussi mal tourner \u00e0 la maison. Un verre qui tombe sur votre e-reader ou une chute peuvent causer beaucoup de d\u00e9g\u00e2ts. Et alors que l'on s'est habitu\u00e9 au confort d'un lecteur \u00e9lectronique, il est difficile de revenir \u00e0 un livre. En effet, il faut alors lire le soir ou la nuit \u00e0 la lumi\u00e8re d'une lampe, parce que l'on ne dispose plus d'un e-reader dont l'\u00e9cran est \u00e9clair\u00e9.<\/p>\n<h2>L'assurance des lecteurs \u00e9lectroniques en 2 minutes<\/h2>\n<p>En cas de dommage, vous souhaitez \u00e9videmment faire r\u00e9parer votre lecteur \u00e9lectronique le plus rapidement possible afin de pouvoir recommencer \u00e0 lire sur votre propre lecteur \u00e9lectronique. Il arrive qu'un lecteur \u00e9lectronique soit irr\u00e9parable. Si votre lecteur \u00e9lectronique est effectivement irr\u00e9parable, l'id\u00e9al est de vous procurer un produit de remplacement dans la m\u00eame gamme de prix. Ainsi, vous ne devez pas faire de compromis sur la qualit\u00e9.<\/p>\n<h2>Assurez votre lecteur \u00e9lectronique sur nowinsure.com<\/h2>\n<p>Vous avez achet\u00e9 un nouveau lecteur \u00e9lectronique dont vous \u00eates tr\u00e8s satisfait ? Dans ce cas, il est judicieux d'assurer votre e-reader avec nowinsure. Gr\u00e2ce \u00e0 notre assurance avantageuse, vous pouvez emporter votre e-reader partout avec vous, sans craindre de l'endommager. D\u00e9couvrez nos assurances pour e-readers et assurez votre e-reader d\u00e8s aujourd'hui.<\/p>","protected":false},"excerpt":{"rendered":"<p>E-reader verzekeren via nowinsure.com Je e-reader verzekeren bij nowinsure.com zorgt ervoor dat je met plezier kan blijven doorlezen. Heb jij ook de papieren boeken ingeruild voor een e-reader? Dan heb je vast ook het gemak ontdekt van het lezen van een scherm. Zeker op vakantie is een e-reader onmisbaar als je van lezen houdt. In [&hellip;]<\/p>\n","protected":false},"author":1,"featured_media":41,"parent":0,"menu_order":7,"comment_status":"closed","ping_status":"closed","template":"page-templates\/verzekeringen-child.php","meta":{"_acf_changed":false,"footnotes":""},"categories":[1,13],"tags":[],"class_list":["post-36","page","type-page","status-publish","has-post-thumbnail","hentry","category-other","category-verzekering"],"acf":[],"yoast_head":"<!-- This site is optimized with the Yoast SEO plugin v26.8 - https:\/\/yoast.com\/product\/yoast-seo-wordpress\/ -->\n<title>E-reader verzekeren - NowInsure<\/title>\n<meta name=\"description\" content=\"Je e-reader verzekeren tegen schade, vallen of diefstal? Kies voor zekerheid met een lage premie en snelle afhandeling. Sluit je ereader verzekering eenvoudig online af!\" \/>\n<meta name=\"robots\" content=\"index, follow, max-snippet:-1, max-image-preview:large, max-video-preview:-1\" \/>\n<link rel=\"canonical\" href=\"https:\/\/nowinsure.com\/fr\/e-reader-verzekeren\/\" \/>\n<meta property=\"og:locale\" content=\"fr_FR\" \/>\n<meta property=\"og:type\" content=\"article\" \/>\n<meta property=\"og:title\" content=\"E-reader verzekeren - NowInsure\" \/>\n<meta property=\"og:description\" content=\"Je e-reader verzekeren tegen schade, vallen of diefstal? Kies voor zekerheid met een lage premie en snelle afhandeling. Sluit je ereader verzekering eenvoudig online af!\" \/>\n<meta property=\"og:url\" content=\"https:\/\/nowinsure.com\/fr\/e-reader-verzekeren\/\" \/>\n<meta property=\"og:site_name\" content=\"NowInsure\" \/>\n<meta property=\"article:modified_time\" content=\"2026-02-25T12:46:32+00:00\" \/>\n<meta property=\"og:image\" content=\"https:\/\/nowinsure.com\/wp-content\/uploads\/2022\/08\/1579853789e_reader.png\" \/>\n\t<meta property=\"og:image:width\" content=\"140\" \/>\n\t<meta property=\"og:image:height\" content=\"140\" \/>\n\t<meta property=\"og:image:type\" content=\"image\/png\" \/>\n<meta name=\"twitter:card\" content=\"summary_large_image\" \/>\n<meta name=\"twitter:label1\" content=\"Dur\u00e9e de lecture est.\" \/>\n\t<meta name=\"twitter:data1\" content=\"2 minutes\" \/>\n<script type=\"application\/ld+json\" class=\"yoast-schema-graph\">{\"@context\":\"https:\/\/schema.org\",\"@graph\":[{\"@type\":\"WebPage\",\"@id\":\"https:\/\/nowinsure.com\/e-reader-verzekeren\/\",\"url\":\"https:\/\/nowinsure.com\/e-reader-verzekeren\/\",\"name\":\"E-reader verzekeren - NowInsure\",\"isPartOf\":{\"@id\":\"https:\/\/nowinsure.com\/#website\"},\"primaryImageOfPage\":{\"@id\":\"https:\/\/nowinsure.com\/e-reader-verzekeren\/#primaryimage\"},\"image\":{\"@id\":\"https:\/\/nowinsure.com\/e-reader-verzekeren\/#primaryimage\"},\"thumbnailUrl\":\"https:\/\/nowinsure.com\/wp-content\/uploads\/2022\/08\/1579853789e_reader.png\",\"datePublished\":\"2022-08-17T12:03:42+00:00\",\"dateModified\":\"2026-02-25T12:46:32+00:00\",\"description\":\"Je e-reader verzekeren tegen schade, vallen of diefstal? Kies voor zekerheid met een lage premie en snelle afhandeling. Sluit je ereader verzekering eenvoudig online af!\",\"breadcrumb\":{\"@id\":\"https:\/\/nowinsure.com\/e-reader-verzekeren\/#breadcrumb\"},\"inLanguage\":\"fr-BE\",\"potentialAction\":[{\"@type\":\"ReadAction\",\"target\":[\"https:\/\/nowinsure.com\/e-reader-verzekeren\/\"]}]},{\"@type\":\"ImageObject\",\"inLanguage\":\"fr-BE\",\"@id\":\"https:\/\/nowinsure.com\/e-reader-verzekeren\/#primaryimage\",\"url\":\"https:\/\/nowinsure.com\/wp-content\/uploads\/2022\/08\/1579853789e_reader.png\",\"contentUrl\":\"https:\/\/nowinsure.com\/wp-content\/uploads\/2022\/08\/1579853789e_reader.png\",\"width\":140,\"height\":140},{\"@type\":\"BreadcrumbList\",\"@id\":\"https:\/\/nowinsure.com\/e-reader-verzekeren\/#breadcrumb\",\"itemListElement\":[{\"@type\":\"ListItem\",\"position\":1,\"name\":\"Home\",\"item\":\"https:\/\/nowinsure.com\/\"},{\"@type\":\"ListItem\",\"position\":2,\"name\":\"E-reader verzekeren\"}]},{\"@type\":\"WebSite\",\"@id\":\"https:\/\/nowinsure.com\/#website\",\"url\":\"https:\/\/nowinsure.com\/\",\"name\":\"NowInsure\",\"description\":\"Apparaten verzekeren vanaf \u20ac2,99 p\/m\",\"publisher\":{\"@id\":\"https:\/\/nowinsure.com\/#organization\"},\"potentialAction\":[{\"@type\":\"SearchAction\",\"target\":{\"@type\":\"EntryPoint\",\"urlTemplate\":\"https:\/\/nowinsure.com\/?s={search_term_string}\"},\"query-input\":{\"@type\":\"PropertyValueSpecification\",\"valueRequired\":true,\"valueName\":\"search_term_string\"}}],\"inLanguage\":\"fr-BE\"},{\"@type\":\"Organization\",\"@id\":\"https:\/\/nowinsure.com\/#organization\",\"name\":\"nowinsure.com\",\"url\":\"https:\/\/nowinsure.com\/\",\"logo\":{\"@type\":\"ImageObject\",\"inLanguage\":\"fr-BE\",\"@id\":\"https:\/\/nowinsure.com\/#\/schema\/logo\/image\/\",\"url\":\"https:\/\/nowinsure.com\/wp-content\/uploads\/2022\/08\/nowinsure.png\",\"contentUrl\":\"https:\/\/nowinsure.com\/wp-content\/uploads\/2022\/08\/nowinsure.png\",\"width\":500,\"height\":114,\"caption\":\"nowinsure.com\"},\"image\":{\"@id\":\"https:\/\/nowinsure.com\/#\/schema\/logo\/image\/\"}}]}<\/script>\n<!-- \/ Yoast SEO plugin. -->","yoast_head_json":{"title":"E-reader verzekeren - NowInsure","description":"Je e-reader verzekeren tegen schade, vallen of diefstal? Kies voor zekerheid met een lage premie en snelle afhandeling. Sluit je ereader verzekering eenvoudig online af!","robots":{"index":"index","follow":"follow","max-snippet":"max-snippet:-1","max-image-preview":"max-image-preview:large","max-video-preview":"max-video-preview:-1"},"canonical":"https:\/\/nowinsure.com\/fr\/e-reader-verzekeren\/","og_locale":"fr_FR","og_type":"article","og_title":"E-reader verzekeren - NowInsure","og_description":"Je e-reader verzekeren tegen schade, vallen of diefstal? Kies voor zekerheid met een lage premie en snelle afhandeling. Sluit je ereader verzekering eenvoudig online af!","og_url":"https:\/\/nowinsure.com\/fr\/e-reader-verzekeren\/","og_site_name":"NowInsure","article_modified_time":"2026-02-25T12:46:32+00:00","og_image":[{"width":140,"height":140,"url":"https:\/\/nowinsure.com\/wp-content\/uploads\/2022\/08\/1579853789e_reader.png","type":"image\/png"}],"twitter_card":"summary_large_image","twitter_misc":{"Dur\u00e9e de lecture est.":"2 minutes"},"schema":{"@context":"https:\/\/schema.org","@graph":[{"@type":"WebPage","@id":"https:\/\/nowinsure.com\/e-reader-verzekeren\/","url":"https:\/\/nowinsure.com\/e-reader-verzekeren\/","name":"E-reader verzekeren - NowInsure","isPartOf":{"@id":"https:\/\/nowinsure.com\/#website"},"primaryImageOfPage":{"@id":"https:\/\/nowinsure.com\/e-reader-verzekeren\/#primaryimage"},"image":{"@id":"https:\/\/nowinsure.com\/e-reader-verzekeren\/#primaryimage"},"thumbnailUrl":"https:\/\/nowinsure.com\/wp-content\/uploads\/2022\/08\/1579853789e_reader.png","datePublished":"2022-08-17T12:03:42+00:00","dateModified":"2026-02-25T12:46:32+00:00","description":"Je e-reader verzekeren tegen schade, vallen of diefstal? Kies voor zekerheid met een lage premie en snelle afhandeling. Sluit je ereader verzekering eenvoudig online af!","breadcrumb":{"@id":"https:\/\/nowinsure.com\/e-reader-verzekeren\/#breadcrumb"},"inLanguage":"fr-BE","potentialAction":[{"@type":"ReadAction","target":["https:\/\/nowinsure.com\/e-reader-verzekeren\/"]}]},{"@type":"ImageObject","inLanguage":"fr-BE","@id":"https:\/\/nowinsure.com\/e-reader-verzekeren\/#primaryimage","url":"https:\/\/nowinsure.com\/wp-content\/uploads\/2022\/08\/1579853789e_reader.png","contentUrl":"https:\/\/nowinsure.com\/wp-content\/uploads\/2022\/08\/1579853789e_reader.png","width":140,"height":140},{"@type":"BreadcrumbList","@id":"https:\/\/nowinsure.com\/e-reader-verzekeren\/#breadcrumb","itemListElement":[{"@type":"ListItem","position":1,"name":"Home","item":"https:\/\/nowinsure.com\/"},{"@type":"ListItem","position":2,"name":"E-reader verzekeren"}]},{"@type":"WebSite","@id":"https:\/\/nowinsure.com\/#website","url":"https:\/\/nowinsure.com\/","name":"NowInsure","description":"Assurer les appareils \u00e0 partir de 2,99 \u20ac par mois","publisher":{"@id":"https:\/\/nowinsure.com\/#organization"},"potentialAction":[{"@type":"SearchAction","target":{"@type":"EntryPoint","urlTemplate":"https:\/\/nowinsure.com\/?s={search_term_string}"},"query-input":{"@type":"PropertyValueSpecification","valueRequired":true,"valueName":"search_term_string"}}],"inLanguage":"fr-BE"},{"@type":"Organization","@id":"https:\/\/nowinsure.com\/#organization","name":"nowinsure.com","url":"https:\/\/nowinsure.com\/","logo":{"@type":"ImageObject","inLanguage":"fr-BE","@id":"https:\/\/nowinsure.com\/#\/schema\/logo\/image\/","url":"https:\/\/nowinsure.com\/wp-content\/uploads\/2022\/08\/nowinsure.png","contentUrl":"https:\/\/nowinsure.com\/wp-content\/uploads\/2022\/08\/nowinsure.png","width":500,"height":114,"caption":"nowinsure.com"},"image":{"@id":"https:\/\/nowinsure.com\/#\/schema\/logo\/image\/"}}]}},"_links":{"self":[{"href":"https:\/\/nowinsure.com\/fr\/wp-json\/wp\/v2\/pages\/36","targetHints":{"allow":["GET"]}}],"collection":[{"href":"https:\/\/nowinsure.com\/fr\/wp-json\/wp\/v2\/pages"}],"about":[{"href":"https:\/\/nowinsure.com\/fr\/wp-json\/wp\/v2\/types\/page"}],"author":[{"embeddable":true,"href":"https:\/\/nowinsure.com\/fr\/wp-json\/wp\/v2\/users\/1"}],"replies":[{"embeddable":true,"href":"https:\/\/nowinsure.com\/fr\/wp-json\/wp\/v2\/comments?post=36"}],"version-history":[{"count":2,"href":"https:\/\/nowinsure.com\/fr\/wp-json\/wp\/v2\/pages\/36\/revisions"}],"predecessor-version":[{"id":93,"href":"https:\/\/nowinsure.com\/fr\/wp-json\/wp\/v2\/pages\/36\/revisions\/93"}],"wp:featuredmedia":[{"embeddable":true,"href":"https:\/\/nowinsure.com\/fr\/wp-json\/wp\/v2\/media\/41"}],"wp:attachment":[{"href":"https:\/\/nowinsure.com\/fr\/wp-json\/wp\/v2\/media?parent=36"}],"wp:term":[{"taxonomy":"category","embeddable":true,"href":"https:\/\/nowinsure.com\/fr\/wp-json\/wp\/v2\/categories?post=36"},{"taxonomy":"post_tag","embeddable":true,"href":"https:\/\/nowinsure.com\/fr\/wp-json\/wp\/v2\/tags?post=36"}],"curies":[{"name":"wp","href":"https:\/\/api.w.org\/{rel}","templated":true}]}}