{"id":336,"date":"2023-08-30T13:32:21","date_gmt":"2023-08-30T13:32:21","guid":{"rendered":"https:\/\/www.nowinsure.com\/?page_id=336"},"modified":"2023-08-30T13:32:21","modified_gmt":"2023-08-30T13:32:21","slug":"waarom-een-smartwatchverzekering-het-overwegen-waard-is","status":"publish","type":"page","link":"https:\/\/nowinsure.com\/fr\/verzekeringen\/waarom-een-smartwatchverzekering-het-overwegen-waard-is\/","title":{"rendered":"Pourquoi l'assurance de la smartwatch vaut la peine d'\u00eatre envisag\u00e9e"},"content":{"rendered":"<p>Depuis que la premi\u00e8re Apple Watch a vu le jour en 2014, la smartwatch a connu une popularit\u00e9 fulgurante. Des millions d'appareils sont vendus chaque ann\u00e9e, la valeur du march\u00e9 des wearables se chiffre en milliards et augmente chaque ann\u00e9e.<\/p>\n<p>Comme pour toutes les nouvelles technologies, le march\u00e9 de la r\u00e9paration cro\u00eet r\u00e9guli\u00e8rement dans le sillage du march\u00e9 de la vente. Les accidents sont tout simplement dans un petit coin. Il en va de m\u00eame pour la smartwatch. Ce qui est diff\u00e9rent, c'est le rapport entre les co\u00fbts de r\u00e9paration et le prix du neuf. Ce ratio peut rapidement atteindre 70% pour une smartwatch. Si l'on compare ce chiffre au ratio moyen de 25% pour les smartphones, par exemple, il appara\u00eet clairement que la smartwatch est un produit risqu\u00e9. En d'autres termes, si votre smartwatch tombe en panne, il n'est souvent pas rentable de la faire r\u00e9parer. Ce n'est pas une bonne id\u00e9e. A <a href=\"https:\/\/nowinsure.com\/fr\/verzekeringen\/smartwatch-verzekeren\/\">assurance smartwatch<\/a> peut apporter un soulagement. Voyons pourquoi.<\/p>\n<p>Quelle que soit la prudence dont vous faites preuve, un accident peut survenir en un clin d'\u0153il. Cette collision malheureuse avec un cadre de porte ou ce moment involontaire o\u00f9 votre smartwatch vous \u00e9chappe des mains et tombe par terre. Que se passe-t-il alors ? Une fissure dans l'\u00e9cran peut non seulement g\u00e2cher votre humeur, mais aussi frapper votre portefeuille. Une r\u00e9paration peut s'av\u00e9rer beaucoup plus co\u00fbteuse que vous ne le pensez. Comme les smartwatches p\u00e8sent parfois lourd dans votre budget, une r\u00e9paration peut repr\u00e9senter un s\u00e9rieux revers.<\/p>\n<p>Imaginez que votre montre intelligente pr\u00e9f\u00e9r\u00e9e soit endommag\u00e9e. Vous \u00eates alors confront\u00e9 \u00e0 un choix difficile : vaut-il la peine de la faire r\u00e9parer ? Ou devriez-vous quand m\u00eame envisager d'en acheter une nouvelle ? Un dilemme diabolique. Il peut \u00eatre frustrant de d\u00e9couvrir que le co\u00fbt d'une r\u00e9paration avoisine souvent le prix d'achat. Dans ce cas, il peut \u00eatre int\u00e9ressant de souscrire une assurance pour sa smartwatch. L'assurance n'est pas un bouclier magique qui emp\u00eache les accidents, mais c'est un parapluie financier solide pour faire face aux impr\u00e9vus.<\/p>\n<p>Savoir que les cons\u00e9quences financi\u00e8res d'un dommage ou d'un vol sont couvertes peut vous apporter la tranquillit\u00e9 d'esprit que vous recherchez. Vous pouvez ainsi profiter des fonctionnalit\u00e9s de votre Apple Watch, Samsung Galaxy Watch ou Fitbit en toute s\u00e9r\u00e9nit\u00e9. Dans le cas improbable o\u00f9 quelque chose arriverait ? Il n'y a pas de facture sal\u00e9e pour la r\u00e9paration ou le remplacement, mais une prise en charge rapide du probl\u00e8me. C'est tr\u00e8s agr\u00e9able !<\/p>\n<p>Vous \u00eates curieux de conna\u00eetre l'avenir de la smartwatch ? Alors lisez <a href=\"https:\/\/nowinsure.com\/fr\/verzekeringen\/smartwatch-verzekeren\/de-toekomst-van-smartwatches\/\">ici<\/a> avance rapide.<\/p>","protected":false},"excerpt":{"rendered":"<p>Sinds de eerste Apple Watch het levenslicht zag in 2014, heeft de smartwatch razendsnel een grote populariteit bereikt. Jaarlijks worden er miljoenen apparaten verkocht, de waarde van de wearables-markt loopt in de miljarden en stijgt ieder jaar. Net zoals met alle nieuwe technologie\u00ebn groeit in het kielzog van de verkoopmarkt de reparatiemarkt gestaag mee. Ongelukken [&hellip;]<\/p>\n","protected":false},"author":1,"featured_media":314,"parent":16,"menu_order":0,"comment_status":"closed","ping_status":"closed","template":"","meta":{"_acf_changed":false,"footnotes":""},"categories":[],"tags":[],"class_list":["post-336","page","type-page","status-publish","has-post-thumbnail","hentry"],"acf":[],"yoast_head":"<!-- This site is optimized with the Yoast SEO plugin v26.8 - https:\/\/yoast.com\/product\/yoast-seo-wordpress\/ -->\n<title>Waarom een smartwatchverzekering het overwegen waard is - NowInsure<\/title>\n<meta name=\"robots\" content=\"index, follow, max-snippet:-1, max-image-preview:large, max-video-preview:-1\" \/>\n<link rel=\"canonical\" href=\"https:\/\/nowinsure.com\/fr\/verzekeringen\/waarom-een-smartwatchverzekering-het-overwegen-waard-is\/\" \/>\n<meta property=\"og:locale\" content=\"fr_FR\" \/>\n<meta property=\"og:type\" content=\"article\" \/>\n<meta property=\"og:title\" content=\"Waarom een smartwatchverzekering het overwegen waard is - NowInsure\" \/>\n<meta property=\"og:description\" content=\"Sinds de eerste Apple Watch het levenslicht zag in 2014, heeft de smartwatch razendsnel een grote populariteit bereikt. Jaarlijks worden er miljoenen apparaten verkocht, de waarde van de wearables-markt loopt in de miljarden en stijgt ieder jaar. Net zoals met alle nieuwe technologie\u00ebn groeit in het kielzog van de verkoopmarkt de reparatiemarkt gestaag mee. Ongelukken [&hellip;]\" \/>\n<meta property=\"og:url\" content=\"https:\/\/nowinsure.com\/fr\/verzekeringen\/waarom-een-smartwatchverzekering-het-overwegen-waard-is\/\" \/>\n<meta property=\"og:site_name\" content=\"NowInsure\" \/>\n<meta property=\"og:image\" content=\"https:\/\/nowinsure.com\/wp-content\/uploads\/2023\/08\/lloyd-dirks-0vsk2_9dkqo-unsplash-1.jpg\" \/>\n\t<meta property=\"og:image:width\" content=\"640\" \/>\n\t<meta property=\"og:image:height\" content=\"1137\" \/>\n\t<meta property=\"og:image:type\" content=\"image\/jpeg\" \/>\n<meta name=\"twitter:card\" content=\"summary_large_image\" \/>\n<meta name=\"twitter:label1\" content=\"Dur\u00e9e de lecture est.\" \/>\n\t<meta name=\"twitter:data1\" content=\"2 minutes\" \/>\n<script type=\"application\/ld+json\" class=\"yoast-schema-graph\">{\"@context\":\"https:\/\/schema.org\",\"@graph\":[{\"@type\":\"WebPage\",\"@id\":\"https:\/\/nowinsure.com\/fr\/verzekeringen\/waarom-een-smartwatchverzekering-het-overwegen-waard-is\/\",\"url\":\"https:\/\/nowinsure.com\/fr\/verzekeringen\/waarom-een-smartwatchverzekering-het-overwegen-waard-is\/\",\"name\":\"Waarom een smartwatchverzekering het overwegen waard is - NowInsure\",\"isPartOf\":{\"@id\":\"https:\/\/nowinsure.com\/#website\"},\"primaryImageOfPage\":{\"@id\":\"https:\/\/nowinsure.com\/fr\/verzekeringen\/waarom-een-smartwatchverzekering-het-overwegen-waard-is\/#primaryimage\"},\"image\":{\"@id\":\"https:\/\/nowinsure.com\/fr\/verzekeringen\/waarom-een-smartwatchverzekering-het-overwegen-waard-is\/#primaryimage\"},\"thumbnailUrl\":\"https:\/\/nowinsure.com\/wp-content\/uploads\/2023\/08\/lloyd-dirks-0vsk2_9dkqo-unsplash-1.jpg\",\"datePublished\":\"2023-08-30T13:32:21+00:00\",\"breadcrumb\":{\"@id\":\"https:\/\/nowinsure.com\/fr\/verzekeringen\/waarom-een-smartwatchverzekering-het-overwegen-waard-is\/#breadcrumb\"},\"inLanguage\":\"fr-BE\",\"potentialAction\":[{\"@type\":\"ReadAction\",\"target\":[\"https:\/\/nowinsure.com\/fr\/verzekeringen\/waarom-een-smartwatchverzekering-het-overwegen-waard-is\/\"]}]},{\"@type\":\"ImageObject\",\"inLanguage\":\"fr-BE\",\"@id\":\"https:\/\/nowinsure.com\/fr\/verzekeringen\/waarom-een-smartwatchverzekering-het-overwegen-waard-is\/#primaryimage\",\"url\":\"https:\/\/nowinsure.com\/wp-content\/uploads\/2023\/08\/lloyd-dirks-0vsk2_9dkqo-unsplash-1.jpg\",\"contentUrl\":\"https:\/\/nowinsure.com\/wp-content\/uploads\/2023\/08\/lloyd-dirks-0vsk2_9dkqo-unsplash-1.jpg\",\"width\":640,\"height\":1137},{\"@type\":\"BreadcrumbList\",\"@id\":\"https:\/\/nowinsure.com\/fr\/verzekeringen\/waarom-een-smartwatchverzekering-het-overwegen-waard-is\/#breadcrumb\",\"itemListElement\":[{\"@type\":\"ListItem\",\"position\":1,\"name\":\"Home\",\"item\":\"https:\/\/nowinsure.com\/\"},{\"@type\":\"ListItem\",\"position\":2,\"name\":\"Verzekeringen\",\"item\":\"https:\/\/nowinsure.com\/verzekeringen\/\"},{\"@type\":\"ListItem\",\"position\":3,\"name\":\"Waarom een smartwatchverzekering het overwegen waard is\"}]},{\"@type\":\"WebSite\",\"@id\":\"https:\/\/nowinsure.com\/#website\",\"url\":\"https:\/\/nowinsure.com\/\",\"name\":\"NowInsure\",\"description\":\"Apparaten verzekeren vanaf \u20ac2,99 p\/m\",\"publisher\":{\"@id\":\"https:\/\/nowinsure.com\/#organization\"},\"potentialAction\":[{\"@type\":\"SearchAction\",\"target\":{\"@type\":\"EntryPoint\",\"urlTemplate\":\"https:\/\/nowinsure.com\/?s={search_term_string}\"},\"query-input\":{\"@type\":\"PropertyValueSpecification\",\"valueRequired\":true,\"valueName\":\"search_term_string\"}}],\"inLanguage\":\"fr-BE\"},{\"@type\":\"Organization\",\"@id\":\"https:\/\/nowinsure.com\/#organization\",\"name\":\"nowinsure.com\",\"url\":\"https:\/\/nowinsure.com\/\",\"logo\":{\"@type\":\"ImageObject\",\"inLanguage\":\"fr-BE\",\"@id\":\"https:\/\/nowinsure.com\/#\/schema\/logo\/image\/\",\"url\":\"https:\/\/nowinsure.com\/wp-content\/uploads\/2022\/08\/nowinsure.png\",\"contentUrl\":\"https:\/\/nowinsure.com\/wp-content\/uploads\/2022\/08\/nowinsure.png\",\"width\":500,\"height\":114,\"caption\":\"nowinsure.com\"},\"image\":{\"@id\":\"https:\/\/nowinsure.com\/#\/schema\/logo\/image\/\"}}]}<\/script>\n<!-- \/ Yoast SEO plugin. -->","yoast_head_json":{"title":"Waarom een smartwatchverzekering het overwegen waard is - NowInsure","robots":{"index":"index","follow":"follow","max-snippet":"max-snippet:-1","max-image-preview":"max-image-preview:large","max-video-preview":"max-video-preview:-1"},"canonical":"https:\/\/nowinsure.com\/fr\/verzekeringen\/waarom-een-smartwatchverzekering-het-overwegen-waard-is\/","og_locale":"fr_FR","og_type":"article","og_title":"Waarom een smartwatchverzekering het overwegen waard is - NowInsure","og_description":"Sinds de eerste Apple Watch het levenslicht zag in 2014, heeft de smartwatch razendsnel een grote populariteit bereikt. Jaarlijks worden er miljoenen apparaten verkocht, de waarde van de wearables-markt loopt in de miljarden en stijgt ieder jaar. Net zoals met alle nieuwe technologie\u00ebn groeit in het kielzog van de verkoopmarkt de reparatiemarkt gestaag mee. Ongelukken [&hellip;]","og_url":"https:\/\/nowinsure.com\/fr\/verzekeringen\/waarom-een-smartwatchverzekering-het-overwegen-waard-is\/","og_site_name":"NowInsure","og_image":[{"width":640,"height":1137,"url":"https:\/\/nowinsure.com\/wp-content\/uploads\/2023\/08\/lloyd-dirks-0vsk2_9dkqo-unsplash-1.jpg","type":"image\/jpeg"}],"twitter_card":"summary_large_image","twitter_misc":{"Dur\u00e9e de lecture est.":"2 minutes"},"schema":{"@context":"https:\/\/schema.org","@graph":[{"@type":"WebPage","@id":"https:\/\/nowinsure.com\/fr\/verzekeringen\/waarom-een-smartwatchverzekering-het-overwegen-waard-is\/","url":"https:\/\/nowinsure.com\/fr\/verzekeringen\/waarom-een-smartwatchverzekering-het-overwegen-waard-is\/","name":"Waarom een smartwatchverzekering het overwegen waard is - NowInsure","isPartOf":{"@id":"https:\/\/nowinsure.com\/#website"},"primaryImageOfPage":{"@id":"https:\/\/nowinsure.com\/fr\/verzekeringen\/waarom-een-smartwatchverzekering-het-overwegen-waard-is\/#primaryimage"},"image":{"@id":"https:\/\/nowinsure.com\/fr\/verzekeringen\/waarom-een-smartwatchverzekering-het-overwegen-waard-is\/#primaryimage"},"thumbnailUrl":"https:\/\/nowinsure.com\/wp-content\/uploads\/2023\/08\/lloyd-dirks-0vsk2_9dkqo-unsplash-1.jpg","datePublished":"2023-08-30T13:32:21+00:00","breadcrumb":{"@id":"https:\/\/nowinsure.com\/fr\/verzekeringen\/waarom-een-smartwatchverzekering-het-overwegen-waard-is\/#breadcrumb"},"inLanguage":"fr-BE","potentialAction":[{"@type":"ReadAction","target":["https:\/\/nowinsure.com\/fr\/verzekeringen\/waarom-een-smartwatchverzekering-het-overwegen-waard-is\/"]}]},{"@type":"ImageObject","inLanguage":"fr-BE","@id":"https:\/\/nowinsure.com\/fr\/verzekeringen\/waarom-een-smartwatchverzekering-het-overwegen-waard-is\/#primaryimage","url":"https:\/\/nowinsure.com\/wp-content\/uploads\/2023\/08\/lloyd-dirks-0vsk2_9dkqo-unsplash-1.jpg","contentUrl":"https:\/\/nowinsure.com\/wp-content\/uploads\/2023\/08\/lloyd-dirks-0vsk2_9dkqo-unsplash-1.jpg","width":640,"height":1137},{"@type":"BreadcrumbList","@id":"https:\/\/nowinsure.com\/fr\/verzekeringen\/waarom-een-smartwatchverzekering-het-overwegen-waard-is\/#breadcrumb","itemListElement":[{"@type":"ListItem","position":1,"name":"Home","item":"https:\/\/nowinsure.com\/"},{"@type":"ListItem","position":2,"name":"Verzekeringen","item":"https:\/\/nowinsure.com\/verzekeringen\/"},{"@type":"ListItem","position":3,"name":"Waarom een smartwatchverzekering het overwegen waard is"}]},{"@type":"WebSite","@id":"https:\/\/nowinsure.com\/#website","url":"https:\/\/nowinsure.com\/","name":"NowInsure","description":"Assurer les appareils \u00e0 partir de 2,99 \u20ac par mois","publisher":{"@id":"https:\/\/nowinsure.com\/#organization"},"potentialAction":[{"@type":"SearchAction","target":{"@type":"EntryPoint","urlTemplate":"https:\/\/nowinsure.com\/?s={search_term_string}"},"query-input":{"@type":"PropertyValueSpecification","valueRequired":true,"valueName":"search_term_string"}}],"inLanguage":"fr-BE"},{"@type":"Organization","@id":"https:\/\/nowinsure.com\/#organization","name":"nowinsure.com","url":"https:\/\/nowinsure.com\/","logo":{"@type":"ImageObject","inLanguage":"fr-BE","@id":"https:\/\/nowinsure.com\/#\/schema\/logo\/image\/","url":"https:\/\/nowinsure.com\/wp-content\/uploads\/2022\/08\/nowinsure.png","contentUrl":"https:\/\/nowinsure.com\/wp-content\/uploads\/2022\/08\/nowinsure.png","width":500,"height":114,"caption":"nowinsure.com"},"image":{"@id":"https:\/\/nowinsure.com\/#\/schema\/logo\/image\/"}}]}},"_links":{"self":[{"href":"https:\/\/nowinsure.com\/fr\/wp-json\/wp\/v2\/pages\/336","targetHints":{"allow":["GET"]}}],"collection":[{"href":"https:\/\/nowinsure.com\/fr\/wp-json\/wp\/v2\/pages"}],"about":[{"href":"https:\/\/nowinsure.com\/fr\/wp-json\/wp\/v2\/types\/page"}],"author":[{"embeddable":true,"href":"https:\/\/nowinsure.com\/fr\/wp-json\/wp\/v2\/users\/1"}],"replies":[{"embeddable":true,"href":"https:\/\/nowinsure.com\/fr\/wp-json\/wp\/v2\/comments?post=336"}],"version-history":[{"count":2,"href":"https:\/\/nowinsure.com\/fr\/wp-json\/wp\/v2\/pages\/336\/revisions"}],"predecessor-version":[{"id":338,"href":"https:\/\/nowinsure.com\/fr\/wp-json\/wp\/v2\/pages\/336\/revisions\/338"}],"up":[{"embeddable":true,"href":"https:\/\/nowinsure.com\/fr\/wp-json\/wp\/v2\/pages\/16"}],"wp:featuredmedia":[{"embeddable":true,"href":"https:\/\/nowinsure.com\/fr\/wp-json\/wp\/v2\/media\/314"}],"wp:attachment":[{"href":"https:\/\/nowinsure.com\/fr\/wp-json\/wp\/v2\/media?parent=336"}],"wp:term":[{"taxonomy":"category","embeddable":true,"href":"https:\/\/nowinsure.com\/fr\/wp-json\/wp\/v2\/categories?post=336"},{"taxonomy":"post_tag","embeddable":true,"href":"https:\/\/nowinsure.com\/fr\/wp-json\/wp\/v2\/tags?post=336"}],"curies":[{"name":"wp","href":"https:\/\/api.w.org\/{rel}","templated":true}]}}