{"id":322,"date":"2023-08-11T08:21:10","date_gmt":"2023-08-11T08:21:10","guid":{"rendered":"https:\/\/www.nowinsure.com\/?page_id=322"},"modified":"2023-08-31T13:39:17","modified_gmt":"2023-08-31T13:39:17","slug":"de-toekomst-van-de-laptop-evolutie-en-innovatie","status":"publish","type":"page","link":"https:\/\/nowinsure.com\/fr\/verzekeringen\/de-toekomst-van-de-laptop-evolutie-en-innovatie\/","title":{"rendered":"L'avenir de l'ordinateur portable : \u00e9volution et innovation"},"content":{"rendered":"<p>Comment d\u00e9terminer avec pr\u00e9cision l'importance d'un appareil dans notre vie quotidienne ? L'une des solutions consiste \u00e0 imaginer un monde dans lequel l'appareil en question n'existerait pas. \u00c0 quoi ressemblerait alors la vie ? \u00c0 la maison, au travail ou \u00e0 <a href=\"https:\/\/nowinsure.com\/fr\/verzekeringen\/laptop-verzekeren\/de-laptop-in-het-onderwijs\/\">l'\u00e9cole<\/a>. Quelles sont les situations qui deviennent impossibles ? Qu'est-ce qui est conserv\u00e9, qu'est-ce qui dispara\u00eet et qu'il faut combler d'une autre mani\u00e8re ? Dans le cas d'un ordinateur portable, la plupart d'entre nous n'ont pas \u00e0 faire appel \u00e0 leur seule imagination, mais peuvent puiser dans leurs propres souvenirs.<\/p>\n<p>Pendant longtemps, l'utilisateur d'ordinateur a \u00e9t\u00e9 li\u00e9 au lourd PC pos\u00e9 sur son bureau. L'ordinateur avait conquis sa place dans nos vies, mais il a fallu attendre encore quelques ann\u00e9es avant que l'ordinateur portable n'apparaisse sur la sc\u00e8ne. Depuis lors, le d\u00e9veloppement des ordinateurs portables a pris son essor (pour en savoir plus sur le d\u00e9veloppement des ordinateurs portables, cliquez ici). <a href=\"https:\/\/nowinsure.com\/fr\/verzekeringen\/laptop-verzekeren\/laptops-door-de-jaren-heen-van-lomp-naar-lichtgewicht\/\">ici<\/a>). En fait, il est si rapide qu'il semble d\u00e9sormais naturel de se d\u00e9placer avec un ordinateur puissant et l\u00e9ger. Il suffit de travailler dans un bon caf\u00e9, dans le train ou tout simplement \u00e0 la maison, pratiquement \u00e0 la table de la cuisine ou sur le canap\u00e9. Pensez-y : qui, dans votre entourage, se tient encore r\u00e9guli\u00e8rement derri\u00e8re son ordinateur de bureau ?<\/p>\n<h2><strong>Des changements novateurs en perspective<\/strong><\/h2>\n<p>L'ordinateur portable a chang\u00e9 notre vie, c'est certain. La question que nous voulons poser ici est la suivante : que pouvons-nous encore attendre de l'ordinateur portable ? A-t-il atteint sa perfection sous sa forme actuelle ou d'autres solutions sont-elles encore envisageables ? Quel est l'avenir de l'ordinateur portable (<a href=\"https:\/\/nowinsure.com\/fr\/verzekeringen\/laptop-verzekeren\/laptops-en-duurzaamheid\/\">l'avenir de l'ordinateur portable en termes de durabilit\u00e9 lire ici<\/a>)?<\/p>\n<p>L'ordinateur portable d'aujourd'hui s'est impos\u00e9 par sa portabilit\u00e9 et sa polyvalence. Mais regardons plus loin. Les \u00e9crans pliables repr\u00e9sentent une voie passionnante pour l'ordinateur portable du futur. Cette technologie, qui en est encore au stade exp\u00e9rimental, pourrait modifier consid\u00e9rablement notre fa\u00e7on d'utiliser les ordinateurs portables. Imaginez un ordinateur portable que vous pouvez d\u00e9plier pour obtenir un \u00e9cran plus grand lorsque vous avez besoin de plus d'espace de travail, et plier pour obtenir un format plus petit et portable lorsque vous vous d\u00e9placez. Cela r\u00e9volutionnerait l'informatique portable.<\/p>\n<h2><strong>Changement de fronti\u00e8re technologique : l'informatique quantique et les ordinateurs portables<\/strong><\/h2>\n<p>L'informatique quantique est une autre piste intrigante pour l'avenir des ordinateurs portables. Bien que les ordinateurs portables quantiques en soient encore au stade exp\u00e9rimental, ils promettent une puissance de calcul et des capacit\u00e9s sans pr\u00e9c\u00e9dent. Des calculs qui prennent aujourd'hui des jours, voire des mois, pourraient \u00eatre effectu\u00e9s en quelques minutes avec un ordinateur portable quantique. Cela ouvre la porte \u00e0 des simulations avanc\u00e9es, \u00e0 des analyses de donn\u00e9es complexes et \u00e0 des d\u00e9couvertes scientifiques jusqu'ici impossibles.<\/p>\n<p>Il y a donc encore de la place pour le d\u00e9veloppement dans l'univers des ordinateurs portables. Ce que l'avenir nous r\u00e9serve est encore incertain, mais une chose est s\u00fbre : les ordinateurs portables continueront de nous surprendre, de nous \u00e9tonner et d'enrichir notre vie quotidienne. \u00cates-vous aussi attach\u00e9 \u00e0 votre ordinateur portable au point d'envisager d'en acqu\u00e9rir un nouveau ? <a href=\"https:\/\/nowinsure.com\/fr\/verzekeringen\/laptop-verzekeren\/\">assurance ordinateur portable ? Dans ce cas, lisez ce qui suit<\/a>. Vous \u00eates \u00e0 la recherche d'un nouvel ordinateur portable, mais vous ne voyez pas la for\u00eat pour les arbres ? Alors lisez <a href=\"https:\/\/nowinsure.com\/fr\/verzekeringen\/laptop-verzekeren\/welke-laptop-past-bij-jou-hier-moet-je-op-letten\/\">nos conseils sur les points \u00e0 surveiller lors de l'achat<\/a>.<\/p>\n<p>&nbsp;<\/p>","protected":false},"excerpt":{"rendered":"<p>Hoe kun je het belang van een apparaat op ons dagelijks leven accuraat bepalen? Een manier is door je een wereld voor te stellen waarin het apparaat in kwestie niet bestaat. Hoe ziet het leven er dan uit? Thuis, op werk of op school. Welke situaties worden onmogelijk? Wat blijft behouden, wat valt er weg [&hellip;]<\/p>\n","protected":false},"author":1,"featured_media":323,"parent":16,"menu_order":0,"comment_status":"closed","ping_status":"closed","template":"","meta":{"_acf_changed":false,"footnotes":""},"categories":[],"tags":[],"class_list":["post-322","page","type-page","status-publish","has-post-thumbnail","hentry"],"acf":[],"yoast_head":"<!-- This site is optimized with the Yoast SEO plugin v26.8 - https:\/\/yoast.com\/product\/yoast-seo-wordpress\/ -->\n<title>De toekomst van de laptop: evolutie en innovatie - NowInsure<\/title>\n<meta name=\"robots\" content=\"index, follow, max-snippet:-1, max-image-preview:large, max-video-preview:-1\" \/>\n<link rel=\"canonical\" href=\"https:\/\/nowinsure.com\/fr\/verzekeringen\/de-toekomst-van-de-laptop-evolutie-en-innovatie\/\" \/>\n<meta property=\"og:locale\" content=\"fr_FR\" \/>\n<meta property=\"og:type\" content=\"article\" \/>\n<meta property=\"og:title\" content=\"De toekomst van de laptop: evolutie en innovatie - NowInsure\" \/>\n<meta property=\"og:description\" content=\"Hoe kun je het belang van een apparaat op ons dagelijks leven accuraat bepalen? Een manier is door je een wereld voor te stellen waarin het apparaat in kwestie niet bestaat. Hoe ziet het leven er dan uit? Thuis, op werk of op school. Welke situaties worden onmogelijk? Wat blijft behouden, wat valt er weg [&hellip;]\" \/>\n<meta property=\"og:url\" content=\"https:\/\/nowinsure.com\/fr\/verzekeringen\/de-toekomst-van-de-laptop-evolutie-en-innovatie\/\" \/>\n<meta property=\"og:site_name\" content=\"NowInsure\" \/>\n<meta property=\"article:modified_time\" content=\"2023-08-31T13:39:17+00:00\" \/>\n<meta property=\"og:image\" content=\"https:\/\/nowinsure.com\/wp-content\/uploads\/2023\/08\/roberto-cortese-ejhjSZKTeeg-unsplash.jpg\" \/>\n\t<meta property=\"og:image:width\" content=\"640\" \/>\n\t<meta property=\"og:image:height\" content=\"960\" \/>\n\t<meta property=\"og:image:type\" content=\"image\/jpeg\" \/>\n<meta name=\"twitter:card\" content=\"summary_large_image\" \/>\n<meta name=\"twitter:label1\" content=\"Dur\u00e9e de lecture est.\" \/>\n\t<meta name=\"twitter:data1\" content=\"3 minutes\" \/>\n<script type=\"application\/ld+json\" class=\"yoast-schema-graph\">{\"@context\":\"https:\/\/schema.org\",\"@graph\":[{\"@type\":\"WebPage\",\"@id\":\"https:\/\/nowinsure.com\/verzekeringen\/de-toekomst-van-de-laptop-evolutie-en-innovatie\/\",\"url\":\"https:\/\/nowinsure.com\/verzekeringen\/de-toekomst-van-de-laptop-evolutie-en-innovatie\/\",\"name\":\"De toekomst van de laptop: evolutie en innovatie - NowInsure\",\"isPartOf\":{\"@id\":\"https:\/\/nowinsure.com\/#website\"},\"primaryImageOfPage\":{\"@id\":\"https:\/\/nowinsure.com\/verzekeringen\/de-toekomst-van-de-laptop-evolutie-en-innovatie\/#primaryimage\"},\"image\":{\"@id\":\"https:\/\/nowinsure.com\/verzekeringen\/de-toekomst-van-de-laptop-evolutie-en-innovatie\/#primaryimage\"},\"thumbnailUrl\":\"https:\/\/nowinsure.com\/wp-content\/uploads\/2023\/08\/roberto-cortese-ejhjSZKTeeg-unsplash.jpg\",\"datePublished\":\"2023-08-11T08:21:10+00:00\",\"dateModified\":\"2023-08-31T13:39:17+00:00\",\"breadcrumb\":{\"@id\":\"https:\/\/nowinsure.com\/verzekeringen\/de-toekomst-van-de-laptop-evolutie-en-innovatie\/#breadcrumb\"},\"inLanguage\":\"fr-BE\",\"potentialAction\":[{\"@type\":\"ReadAction\",\"target\":[\"https:\/\/nowinsure.com\/verzekeringen\/de-toekomst-van-de-laptop-evolutie-en-innovatie\/\"]}]},{\"@type\":\"ImageObject\",\"inLanguage\":\"fr-BE\",\"@id\":\"https:\/\/nowinsure.com\/verzekeringen\/de-toekomst-van-de-laptop-evolutie-en-innovatie\/#primaryimage\",\"url\":\"https:\/\/nowinsure.com\/wp-content\/uploads\/2023\/08\/roberto-cortese-ejhjSZKTeeg-unsplash.jpg\",\"contentUrl\":\"https:\/\/nowinsure.com\/wp-content\/uploads\/2023\/08\/roberto-cortese-ejhjSZKTeeg-unsplash.jpg\",\"width\":640,\"height\":960},{\"@type\":\"BreadcrumbList\",\"@id\":\"https:\/\/nowinsure.com\/verzekeringen\/de-toekomst-van-de-laptop-evolutie-en-innovatie\/#breadcrumb\",\"itemListElement\":[{\"@type\":\"ListItem\",\"position\":1,\"name\":\"Home\",\"item\":\"https:\/\/nowinsure.com\/\"},{\"@type\":\"ListItem\",\"position\":2,\"name\":\"Verzekeringen\",\"item\":\"https:\/\/nowinsure.com\/verzekeringen\/\"},{\"@type\":\"ListItem\",\"position\":3,\"name\":\"De toekomst van de laptop: evolutie en innovatie\"}]},{\"@type\":\"WebSite\",\"@id\":\"https:\/\/nowinsure.com\/#website\",\"url\":\"https:\/\/nowinsure.com\/\",\"name\":\"NowInsure\",\"description\":\"Apparaten verzekeren vanaf \u20ac2,99 p\/m\",\"publisher\":{\"@id\":\"https:\/\/nowinsure.com\/#organization\"},\"potentialAction\":[{\"@type\":\"SearchAction\",\"target\":{\"@type\":\"EntryPoint\",\"urlTemplate\":\"https:\/\/nowinsure.com\/?s={search_term_string}\"},\"query-input\":{\"@type\":\"PropertyValueSpecification\",\"valueRequired\":true,\"valueName\":\"search_term_string\"}}],\"inLanguage\":\"fr-BE\"},{\"@type\":\"Organization\",\"@id\":\"https:\/\/nowinsure.com\/#organization\",\"name\":\"nowinsure.com\",\"url\":\"https:\/\/nowinsure.com\/\",\"logo\":{\"@type\":\"ImageObject\",\"inLanguage\":\"fr-BE\",\"@id\":\"https:\/\/nowinsure.com\/#\/schema\/logo\/image\/\",\"url\":\"https:\/\/nowinsure.com\/wp-content\/uploads\/2022\/08\/nowinsure.png\",\"contentUrl\":\"https:\/\/nowinsure.com\/wp-content\/uploads\/2022\/08\/nowinsure.png\",\"width\":500,\"height\":114,\"caption\":\"nowinsure.com\"},\"image\":{\"@id\":\"https:\/\/nowinsure.com\/#\/schema\/logo\/image\/\"}}]}<\/script>\n<!-- \/ Yoast SEO plugin. -->","yoast_head_json":{"title":"De toekomst van de laptop: evolutie en innovatie - NowInsure","robots":{"index":"index","follow":"follow","max-snippet":"max-snippet:-1","max-image-preview":"max-image-preview:large","max-video-preview":"max-video-preview:-1"},"canonical":"https:\/\/nowinsure.com\/fr\/verzekeringen\/de-toekomst-van-de-laptop-evolutie-en-innovatie\/","og_locale":"fr_FR","og_type":"article","og_title":"De toekomst van de laptop: evolutie en innovatie - NowInsure","og_description":"Hoe kun je het belang van een apparaat op ons dagelijks leven accuraat bepalen? Een manier is door je een wereld voor te stellen waarin het apparaat in kwestie niet bestaat. Hoe ziet het leven er dan uit? Thuis, op werk of op school. Welke situaties worden onmogelijk? Wat blijft behouden, wat valt er weg [&hellip;]","og_url":"https:\/\/nowinsure.com\/fr\/verzekeringen\/de-toekomst-van-de-laptop-evolutie-en-innovatie\/","og_site_name":"NowInsure","article_modified_time":"2023-08-31T13:39:17+00:00","og_image":[{"width":640,"height":960,"url":"https:\/\/nowinsure.com\/wp-content\/uploads\/2023\/08\/roberto-cortese-ejhjSZKTeeg-unsplash.jpg","type":"image\/jpeg"}],"twitter_card":"summary_large_image","twitter_misc":{"Dur\u00e9e de lecture est.":"3 minutes"},"schema":{"@context":"https:\/\/schema.org","@graph":[{"@type":"WebPage","@id":"https:\/\/nowinsure.com\/verzekeringen\/de-toekomst-van-de-laptop-evolutie-en-innovatie\/","url":"https:\/\/nowinsure.com\/verzekeringen\/de-toekomst-van-de-laptop-evolutie-en-innovatie\/","name":"De toekomst van de laptop: evolutie en innovatie - NowInsure","isPartOf":{"@id":"https:\/\/nowinsure.com\/#website"},"primaryImageOfPage":{"@id":"https:\/\/nowinsure.com\/verzekeringen\/de-toekomst-van-de-laptop-evolutie-en-innovatie\/#primaryimage"},"image":{"@id":"https:\/\/nowinsure.com\/verzekeringen\/de-toekomst-van-de-laptop-evolutie-en-innovatie\/#primaryimage"},"thumbnailUrl":"https:\/\/nowinsure.com\/wp-content\/uploads\/2023\/08\/roberto-cortese-ejhjSZKTeeg-unsplash.jpg","datePublished":"2023-08-11T08:21:10+00:00","dateModified":"2023-08-31T13:39:17+00:00","breadcrumb":{"@id":"https:\/\/nowinsure.com\/verzekeringen\/de-toekomst-van-de-laptop-evolutie-en-innovatie\/#breadcrumb"},"inLanguage":"fr-BE","potentialAction":[{"@type":"ReadAction","target":["https:\/\/nowinsure.com\/verzekeringen\/de-toekomst-van-de-laptop-evolutie-en-innovatie\/"]}]},{"@type":"ImageObject","inLanguage":"fr-BE","@id":"https:\/\/nowinsure.com\/verzekeringen\/de-toekomst-van-de-laptop-evolutie-en-innovatie\/#primaryimage","url":"https:\/\/nowinsure.com\/wp-content\/uploads\/2023\/08\/roberto-cortese-ejhjSZKTeeg-unsplash.jpg","contentUrl":"https:\/\/nowinsure.com\/wp-content\/uploads\/2023\/08\/roberto-cortese-ejhjSZKTeeg-unsplash.jpg","width":640,"height":960},{"@type":"BreadcrumbList","@id":"https:\/\/nowinsure.com\/verzekeringen\/de-toekomst-van-de-laptop-evolutie-en-innovatie\/#breadcrumb","itemListElement":[{"@type":"ListItem","position":1,"name":"Home","item":"https:\/\/nowinsure.com\/"},{"@type":"ListItem","position":2,"name":"Verzekeringen","item":"https:\/\/nowinsure.com\/verzekeringen\/"},{"@type":"ListItem","position":3,"name":"De toekomst van de laptop: evolutie en innovatie"}]},{"@type":"WebSite","@id":"https:\/\/nowinsure.com\/#website","url":"https:\/\/nowinsure.com\/","name":"NowInsure","description":"Assurer les appareils \u00e0 partir de 2,99 \u20ac par mois","publisher":{"@id":"https:\/\/nowinsure.com\/#organization"},"potentialAction":[{"@type":"SearchAction","target":{"@type":"EntryPoint","urlTemplate":"https:\/\/nowinsure.com\/?s={search_term_string}"},"query-input":{"@type":"PropertyValueSpecification","valueRequired":true,"valueName":"search_term_string"}}],"inLanguage":"fr-BE"},{"@type":"Organization","@id":"https:\/\/nowinsure.com\/#organization","name":"nowinsure.com","url":"https:\/\/nowinsure.com\/","logo":{"@type":"ImageObject","inLanguage":"fr-BE","@id":"https:\/\/nowinsure.com\/#\/schema\/logo\/image\/","url":"https:\/\/nowinsure.com\/wp-content\/uploads\/2022\/08\/nowinsure.png","contentUrl":"https:\/\/nowinsure.com\/wp-content\/uploads\/2022\/08\/nowinsure.png","width":500,"height":114,"caption":"nowinsure.com"},"image":{"@id":"https:\/\/nowinsure.com\/#\/schema\/logo\/image\/"}}]}},"_links":{"self":[{"href":"https:\/\/nowinsure.com\/fr\/wp-json\/wp\/v2\/pages\/322","targetHints":{"allow":["GET"]}}],"collection":[{"href":"https:\/\/nowinsure.com\/fr\/wp-json\/wp\/v2\/pages"}],"about":[{"href":"https:\/\/nowinsure.com\/fr\/wp-json\/wp\/v2\/types\/page"}],"author":[{"embeddable":true,"href":"https:\/\/nowinsure.com\/fr\/wp-json\/wp\/v2\/users\/1"}],"replies":[{"embeddable":true,"href":"https:\/\/nowinsure.com\/fr\/wp-json\/wp\/v2\/comments?post=322"}],"version-history":[{"count":5,"href":"https:\/\/nowinsure.com\/fr\/wp-json\/wp\/v2\/pages\/322\/revisions"}],"predecessor-version":[{"id":361,"href":"https:\/\/nowinsure.com\/fr\/wp-json\/wp\/v2\/pages\/322\/revisions\/361"}],"up":[{"embeddable":true,"href":"https:\/\/nowinsure.com\/fr\/wp-json\/wp\/v2\/pages\/16"}],"wp:featuredmedia":[{"embeddable":true,"href":"https:\/\/nowinsure.com\/fr\/wp-json\/wp\/v2\/media\/323"}],"wp:attachment":[{"href":"https:\/\/nowinsure.com\/fr\/wp-json\/wp\/v2\/media?parent=322"}],"wp:term":[{"taxonomy":"category","embeddable":true,"href":"https:\/\/nowinsure.com\/fr\/wp-json\/wp\/v2\/categories?post=322"},{"taxonomy":"post_tag","embeddable":true,"href":"https:\/\/nowinsure.com\/fr\/wp-json\/wp\/v2\/tags?post=322"}],"curies":[{"name":"wp","href":"https:\/\/api.w.org\/{rel}","templated":true}]}}