{"id":32,"date":"2022-08-17T12:02:58","date_gmt":"2022-08-17T12:02:58","guid":{"rendered":"http:\/\/localhost\/projecten\/nowinsure\/wordpress\/?page_id=32"},"modified":"2026-02-25T12:46:55","modified_gmt":"2026-02-25T12:46:55","slug":"koptelefoon-verzekeren","status":"publish","type":"page","link":"https:\/\/nowinsure.com\/fr\/koptelefoon-verzekeren\/","title":{"rendered":"Assurer les \u00e9couteurs"},"content":{"rendered":"<h2>Assurez vos \u00e9couteurs \u00e0 d'excellentes conditions<\/h2>\n<p>En choisissant d'assurer vos \u00e9couteurs, vous profiterez d'un plaisir d'\u00e9coute sans souci. Vous avez probablement toujours vos \u00e9couteurs avec vous. \u00c0 la maison, mais aussi sur la route, \u00e0 v\u00e9lo ou dans le train. En raison de leur utilisation fr\u00e9quente, il est possible que vos \u00e9couteurs soient endommag\u00e9s de temps \u00e0 autre. Un petit dommage n'est pas grave, mais quand il cesse de fonctionner, c'est bien s\u00fbr tr\u00e8s ennuyeux. Et une nouvelle paire d'\u00e9couteurs de bonne qualit\u00e9 repr\u00e9sente un v\u00e9ritable investissement. Vous voulez \u00e9couter de la musique avec vos \u00e9couteurs sans vous soucier d'un \u00e9ventuel dommage ? Dans ce cas, faites assurer vos \u00e9couteurs par nowinsure.com.<\/p>\n<h2>Chaque casque peut \u00eatre assur\u00e9 via nowinsure.com<\/h2>\n<p>Il existe plusieurs types d'\u00e9couteurs. En fonction de l'usage que vous souhaitez en faire, vous pouvez choisir un casque supra-auriculaire ou un casque supra-auriculaire. Les coussinets souples des \u00e9couteurs supra-auriculaires couvrent l'ensemble de l'oreille et r\u00e9duisent les bruits de fond. C'est l'id\u00e9al pour le travail, mais ce n'est pas utile dans les embouteillages. Les \u00e9couteurs supra-auriculaires constituent alors un choix judicieux. Les coussinets plus petits vous permettent d'entendre le bruit ambiant, ce qui vous permet d'\u00e9couter votre musique en toute s\u00e9curit\u00e9 lorsque vous \u00eates en d\u00e9placement. Quel que soit le type de casque que vous souhaitez acheter, nowinsure.com vous propose celui qui vous convient.<\/p>\n<h2>Une bonne assurance pour les \u00e9couteurs<\/h2>\n<p>Chez nowinsure.com, nous mettons tout en \u0153uvre pour vous faciliter la t\u00e2che. C'est pourquoi nous vous proposons une assurance peu co\u00fbteuse et facile \u00e0 souscrire. Gr\u00e2ce \u00e0 notre couverture compl\u00e8te, vos \u00e9couteurs sont assur\u00e9s contre tous les dommages courants. Et si vous voulez \u00eatre s\u00fbr de vous, assurez \u00e9galement vos \u00e9couteurs contre le vol. Nous savons que vous ne voulez pas rester longtemps sans votre casque, c'est pourquoi nous veillons \u00e0 ce que vous obteniez un produit r\u00e9par\u00e9 ou de remplacement dans les plus brefs d\u00e9lais. Vous voulez savoir o\u00f9 vous en \u00eates ? Nos polices d'assurance ne comportent pas de petits caract\u00e8res.<\/p>\n<h2>Assurance casque en 2 minutes<\/h2>\n<p>Chez nowinsure.com, vous, le client, \u00eates au centre de nos pr\u00e9occupations. C'est pourquoi vous pouvez assurer vos \u00e9couteurs jusqu'\u00e0 12 mois apr\u00e8s l'achat et disposez d'un d\u00e9lai de r\u00e9tractation de 14 jours. Quand ferez-vous assurer vos \u00e9couteurs par notre assurance tous risques ?<\/p>","protected":false},"excerpt":{"rendered":"<p>Jouw koptelefoon verzekeren tegen uitstekende voorwaarden Ervoor kiezen jouw koptelefoon te verzekeren levert je veel onbezorgd luisterplezier op. Jouw koptelefoon heb je waarschijnlijk altijd bij je. Thuis, maar ook onderweg op de fiets of in de trein. Door het vele gebruik is de kans aanwezig dat je koptelefoon een keer beschadigd raakt. Nu is een [&hellip;]<\/p>\n","protected":false},"author":1,"featured_media":43,"parent":0,"menu_order":8,"comment_status":"closed","ping_status":"closed","template":"page-templates\/verzekeringen-child.php","meta":{"_acf_changed":false,"footnotes":""},"categories":[1,13],"tags":[],"class_list":["post-32","page","type-page","status-publish","has-post-thumbnail","hentry","category-other","category-verzekering"],"acf":[],"yoast_head":"<!-- This site is optimized with the Yoast SEO plugin v26.8 - https:\/\/yoast.com\/product\/yoast-seo-wordpress\/ -->\n<title>Koptelefoon verzekeren - NowInsure<\/title>\n<meta name=\"description\" content=\"Je telefoon verzekeren tegen schade, verlies of diefstal? Kies voor complete koptelefoon bescherming en snelle afhandeling. Sluit nu eenvoudig online af!\" \/>\n<meta name=\"robots\" content=\"index, follow, max-snippet:-1, max-image-preview:large, max-video-preview:-1\" \/>\n<link rel=\"canonical\" href=\"https:\/\/nowinsure.com\/fr\/koptelefoon-verzekeren\/\" \/>\n<meta property=\"og:locale\" content=\"fr_FR\" \/>\n<meta property=\"og:type\" content=\"article\" \/>\n<meta property=\"og:title\" content=\"Koptelefoon verzekeren - NowInsure\" \/>\n<meta property=\"og:description\" content=\"Je telefoon verzekeren tegen schade, verlies of diefstal? Kies voor complete koptelefoon bescherming en snelle afhandeling. Sluit nu eenvoudig online af!\" \/>\n<meta property=\"og:url\" content=\"https:\/\/nowinsure.com\/fr\/koptelefoon-verzekeren\/\" \/>\n<meta property=\"og:site_name\" content=\"NowInsure\" \/>\n<meta property=\"article:modified_time\" content=\"2026-02-25T12:46:55+00:00\" \/>\n<meta property=\"og:image\" content=\"https:\/\/nowinsure.com\/wp-content\/uploads\/2022\/08\/1579849429headphones.png\" \/>\n\t<meta property=\"og:image:width\" content=\"140\" \/>\n\t<meta property=\"og:image:height\" content=\"140\" \/>\n\t<meta property=\"og:image:type\" content=\"image\/png\" \/>\n<meta name=\"twitter:card\" content=\"summary_large_image\" \/>\n<meta name=\"twitter:label1\" content=\"Dur\u00e9e de lecture est.\" \/>\n\t<meta name=\"twitter:data1\" content=\"2 minutes\" \/>\n<script type=\"application\/ld+json\" class=\"yoast-schema-graph\">{\"@context\":\"https:\/\/schema.org\",\"@graph\":[{\"@type\":\"WebPage\",\"@id\":\"https:\/\/nowinsure.com\/koptelefoon-verzekeren\/\",\"url\":\"https:\/\/nowinsure.com\/koptelefoon-verzekeren\/\",\"name\":\"Koptelefoon verzekeren - NowInsure\",\"isPartOf\":{\"@id\":\"https:\/\/nowinsure.com\/#website\"},\"primaryImageOfPage\":{\"@id\":\"https:\/\/nowinsure.com\/koptelefoon-verzekeren\/#primaryimage\"},\"image\":{\"@id\":\"https:\/\/nowinsure.com\/koptelefoon-verzekeren\/#primaryimage\"},\"thumbnailUrl\":\"https:\/\/nowinsure.com\/wp-content\/uploads\/2022\/08\/1579849429headphones.png\",\"datePublished\":\"2022-08-17T12:02:58+00:00\",\"dateModified\":\"2026-02-25T12:46:55+00:00\",\"description\":\"Je telefoon verzekeren tegen schade, verlies of diefstal? Kies voor complete koptelefoon bescherming en snelle afhandeling. Sluit nu eenvoudig online af!\",\"breadcrumb\":{\"@id\":\"https:\/\/nowinsure.com\/koptelefoon-verzekeren\/#breadcrumb\"},\"inLanguage\":\"fr-BE\",\"potentialAction\":[{\"@type\":\"ReadAction\",\"target\":[\"https:\/\/nowinsure.com\/koptelefoon-verzekeren\/\"]}]},{\"@type\":\"ImageObject\",\"inLanguage\":\"fr-BE\",\"@id\":\"https:\/\/nowinsure.com\/koptelefoon-verzekeren\/#primaryimage\",\"url\":\"https:\/\/nowinsure.com\/wp-content\/uploads\/2022\/08\/1579849429headphones.png\",\"contentUrl\":\"https:\/\/nowinsure.com\/wp-content\/uploads\/2022\/08\/1579849429headphones.png\",\"width\":140,\"height\":140},{\"@type\":\"BreadcrumbList\",\"@id\":\"https:\/\/nowinsure.com\/koptelefoon-verzekeren\/#breadcrumb\",\"itemListElement\":[{\"@type\":\"ListItem\",\"position\":1,\"name\":\"Home\",\"item\":\"https:\/\/nowinsure.com\/\"},{\"@type\":\"ListItem\",\"position\":2,\"name\":\"Koptelefoon verzekeren\"}]},{\"@type\":\"WebSite\",\"@id\":\"https:\/\/nowinsure.com\/#website\",\"url\":\"https:\/\/nowinsure.com\/\",\"name\":\"NowInsure\",\"description\":\"Apparaten verzekeren vanaf \u20ac2,99 p\/m\",\"publisher\":{\"@id\":\"https:\/\/nowinsure.com\/#organization\"},\"potentialAction\":[{\"@type\":\"SearchAction\",\"target\":{\"@type\":\"EntryPoint\",\"urlTemplate\":\"https:\/\/nowinsure.com\/?s={search_term_string}\"},\"query-input\":{\"@type\":\"PropertyValueSpecification\",\"valueRequired\":true,\"valueName\":\"search_term_string\"}}],\"inLanguage\":\"fr-BE\"},{\"@type\":\"Organization\",\"@id\":\"https:\/\/nowinsure.com\/#organization\",\"name\":\"nowinsure.com\",\"url\":\"https:\/\/nowinsure.com\/\",\"logo\":{\"@type\":\"ImageObject\",\"inLanguage\":\"fr-BE\",\"@id\":\"https:\/\/nowinsure.com\/#\/schema\/logo\/image\/\",\"url\":\"https:\/\/nowinsure.com\/wp-content\/uploads\/2022\/08\/nowinsure.png\",\"contentUrl\":\"https:\/\/nowinsure.com\/wp-content\/uploads\/2022\/08\/nowinsure.png\",\"width\":500,\"height\":114,\"caption\":\"nowinsure.com\"},\"image\":{\"@id\":\"https:\/\/nowinsure.com\/#\/schema\/logo\/image\/\"}}]}<\/script>\n<!-- \/ Yoast SEO plugin. -->","yoast_head_json":{"title":"Koptelefoon verzekeren - NowInsure","description":"Je telefoon verzekeren tegen schade, verlies of diefstal? Kies voor complete koptelefoon bescherming en snelle afhandeling. Sluit nu eenvoudig online af!","robots":{"index":"index","follow":"follow","max-snippet":"max-snippet:-1","max-image-preview":"max-image-preview:large","max-video-preview":"max-video-preview:-1"},"canonical":"https:\/\/nowinsure.com\/fr\/koptelefoon-verzekeren\/","og_locale":"fr_FR","og_type":"article","og_title":"Koptelefoon verzekeren - NowInsure","og_description":"Je telefoon verzekeren tegen schade, verlies of diefstal? Kies voor complete koptelefoon bescherming en snelle afhandeling. Sluit nu eenvoudig online af!","og_url":"https:\/\/nowinsure.com\/fr\/koptelefoon-verzekeren\/","og_site_name":"NowInsure","article_modified_time":"2026-02-25T12:46:55+00:00","og_image":[{"width":140,"height":140,"url":"https:\/\/nowinsure.com\/wp-content\/uploads\/2022\/08\/1579849429headphones.png","type":"image\/png"}],"twitter_card":"summary_large_image","twitter_misc":{"Dur\u00e9e de lecture est.":"2 minutes"},"schema":{"@context":"https:\/\/schema.org","@graph":[{"@type":"WebPage","@id":"https:\/\/nowinsure.com\/koptelefoon-verzekeren\/","url":"https:\/\/nowinsure.com\/koptelefoon-verzekeren\/","name":"Koptelefoon verzekeren - NowInsure","isPartOf":{"@id":"https:\/\/nowinsure.com\/#website"},"primaryImageOfPage":{"@id":"https:\/\/nowinsure.com\/koptelefoon-verzekeren\/#primaryimage"},"image":{"@id":"https:\/\/nowinsure.com\/koptelefoon-verzekeren\/#primaryimage"},"thumbnailUrl":"https:\/\/nowinsure.com\/wp-content\/uploads\/2022\/08\/1579849429headphones.png","datePublished":"2022-08-17T12:02:58+00:00","dateModified":"2026-02-25T12:46:55+00:00","description":"Je telefoon verzekeren tegen schade, verlies of diefstal? Kies voor complete koptelefoon bescherming en snelle afhandeling. Sluit nu eenvoudig online af!","breadcrumb":{"@id":"https:\/\/nowinsure.com\/koptelefoon-verzekeren\/#breadcrumb"},"inLanguage":"fr-BE","potentialAction":[{"@type":"ReadAction","target":["https:\/\/nowinsure.com\/koptelefoon-verzekeren\/"]}]},{"@type":"ImageObject","inLanguage":"fr-BE","@id":"https:\/\/nowinsure.com\/koptelefoon-verzekeren\/#primaryimage","url":"https:\/\/nowinsure.com\/wp-content\/uploads\/2022\/08\/1579849429headphones.png","contentUrl":"https:\/\/nowinsure.com\/wp-content\/uploads\/2022\/08\/1579849429headphones.png","width":140,"height":140},{"@type":"BreadcrumbList","@id":"https:\/\/nowinsure.com\/koptelefoon-verzekeren\/#breadcrumb","itemListElement":[{"@type":"ListItem","position":1,"name":"Home","item":"https:\/\/nowinsure.com\/"},{"@type":"ListItem","position":2,"name":"Koptelefoon verzekeren"}]},{"@type":"WebSite","@id":"https:\/\/nowinsure.com\/#website","url":"https:\/\/nowinsure.com\/","name":"NowInsure","description":"Assurer les appareils \u00e0 partir de 2,99 \u20ac par mois","publisher":{"@id":"https:\/\/nowinsure.com\/#organization"},"potentialAction":[{"@type":"SearchAction","target":{"@type":"EntryPoint","urlTemplate":"https:\/\/nowinsure.com\/?s={search_term_string}"},"query-input":{"@type":"PropertyValueSpecification","valueRequired":true,"valueName":"search_term_string"}}],"inLanguage":"fr-BE"},{"@type":"Organization","@id":"https:\/\/nowinsure.com\/#organization","name":"nowinsure.com","url":"https:\/\/nowinsure.com\/","logo":{"@type":"ImageObject","inLanguage":"fr-BE","@id":"https:\/\/nowinsure.com\/#\/schema\/logo\/image\/","url":"https:\/\/nowinsure.com\/wp-content\/uploads\/2022\/08\/nowinsure.png","contentUrl":"https:\/\/nowinsure.com\/wp-content\/uploads\/2022\/08\/nowinsure.png","width":500,"height":114,"caption":"nowinsure.com"},"image":{"@id":"https:\/\/nowinsure.com\/#\/schema\/logo\/image\/"}}]}},"_links":{"self":[{"href":"https:\/\/nowinsure.com\/fr\/wp-json\/wp\/v2\/pages\/32","targetHints":{"allow":["GET"]}}],"collection":[{"href":"https:\/\/nowinsure.com\/fr\/wp-json\/wp\/v2\/pages"}],"about":[{"href":"https:\/\/nowinsure.com\/fr\/wp-json\/wp\/v2\/types\/page"}],"author":[{"embeddable":true,"href":"https:\/\/nowinsure.com\/fr\/wp-json\/wp\/v2\/users\/1"}],"replies":[{"embeddable":true,"href":"https:\/\/nowinsure.com\/fr\/wp-json\/wp\/v2\/comments?post=32"}],"version-history":[{"count":2,"href":"https:\/\/nowinsure.com\/fr\/wp-json\/wp\/v2\/pages\/32\/revisions"}],"predecessor-version":[{"id":94,"href":"https:\/\/nowinsure.com\/fr\/wp-json\/wp\/v2\/pages\/32\/revisions\/94"}],"wp:featuredmedia":[{"embeddable":true,"href":"https:\/\/nowinsure.com\/fr\/wp-json\/wp\/v2\/media\/43"}],"wp:attachment":[{"href":"https:\/\/nowinsure.com\/fr\/wp-json\/wp\/v2\/media?parent=32"}],"wp:term":[{"taxonomy":"category","embeddable":true,"href":"https:\/\/nowinsure.com\/fr\/wp-json\/wp\/v2\/categories?post=32"},{"taxonomy":"post_tag","embeddable":true,"href":"https:\/\/nowinsure.com\/fr\/wp-json\/wp\/v2\/tags?post=32"}],"curies":[{"name":"wp","href":"https:\/\/api.w.org\/{rel}","templated":true}]}}