{"id":30,"date":"2022-08-17T12:02:37","date_gmt":"2022-08-17T12:02:37","guid":{"rendered":"http:\/\/localhost\/projecten\/nowinsure\/wordpress\/?page_id=30"},"modified":"2026-02-25T12:46:05","modified_gmt":"2026-02-25T12:46:05","slug":"computerverzekering","status":"publish","type":"page","link":"https:\/\/nowinsure.com\/fr\/computerverzekering\/","title":{"rendered":"Assurance informatique"},"content":{"rendered":"<h2>Assurer son ordinateur \u00e0 bon prix sur nowinsure.com<\/h2>\n<p>Assurer un ordinateur n'est peut-\u00eatre pas une chose \u00e0 laquelle on pense tout de suite. Pourtant, certains dommages subis par votre ordinateur ne sont pas couverts par vos polices d'assurance habituelles. C'est pourquoi il est judicieux de souscrire une assurance distincte pour votre ordinateur. Les ordinateurs sont de plus en plus perfectionn\u00e9s et, par cons\u00e9quent, tr\u00e8s utilis\u00e9s. Que vous utilisiez votre ordinateur pour le travail ou simplement pendant votre temps libre pour rechercher des informations ou jouer \u00e0 des jeux, l'assurance informatique est toujours un bon plan. L'assurance informatique est toujours un bon plan. Elle vous assure contre les d\u00e9fauts techniques et, par exemple, contre les chocs ou les d\u00e9g\u00e2ts des eaux.<\/p>\n<h2>L'assurance informatique en 2 minutes<\/h2>\n<p>Avec l'assurance ordinateur de bureau de nowinsure.com, vous \u00eates assur\u00e9 \u00e0 partir de 2,99 \u20ac par mois pour toutes sortes de d\u00e9fauts de votre ordinateur. Par exemple, les d\u00e9fauts techniques et les d\u00e9g\u00e2ts des eaux sont couverts par notre assurance. Vous pouvez \u00e9galement opter pour une assurance facultative contre le vol et le cambriolage. Notre assurance s'applique dans le monde entier. Vous pouvez donc \u00e9galement compter sur notre assurance \u00e0 l'\u00e9tranger. Vous pouvez souscrire une assurance jusqu'\u00e0 12 mois apr\u00e8s l'achat d'un produit non endommag\u00e9. Si vous changez d'avis quelques mois apr\u00e8s l'achat et souhaitez finalement assurer votre ordinateur de bureau ? Pas de probl\u00e8me !<\/p>\n<h2>Le service et la commodit\u00e9 sont primordiaux<\/h2>\n<p>Chez nowinsure.com, nous voulons vous d\u00e9charger au maximum de vos responsabilit\u00e9s en tant que client. La souscription d'une assurance est simple et ne vous prend pas trop de temps. Votre ordinateur a \u00e9t\u00e9 endommag\u00e9 ou vol\u00e9 et vous souhaitez b\u00e9n\u00e9ficier de l'assurance ? Il vous suffit de vous connecter \u00e0 mon compte et le processus est lanc\u00e9. Nous sommes disponibles tous les jours ouvrables pour vous fournir le meilleur service possible. La r\u00e9paration de votre ordinateur n'est pas possible ? Dans ce cas, vous \u00eates assur\u00e9 chez nous pour le m\u00eame PC ou un PC \u00e9quivalent !<\/p>\n<h2>Obtenez une assurance informatique pour ces marques<\/h2>\n<p>Vous vous demandez quelles marques d'ordinateurs nous assurons ? L'un des ordinateurs les plus populaires que vous pouvez assurer chez nous est l'iMac. Mais bien s\u00fbr, ce n'est pas le seul ordinateur. Vous pouvez vous adresser \u00e0 nous pour assurer votre ordinateur de marque : Acer, Apple, HP, Lenovo, Medion, Asus, Dell, Microsoft, MSI, Alienware et plus encore.<\/p>","protected":false},"excerpt":{"rendered":"<p>Je computer verzekeren voor een goede prijs bij nowinsure.com Een computer verzekeren is misschien niet iets waar je snel aan denkt. Maar sommige schade aan je desktop valt niet onder je normale verzekeringen. Daarom is het slim om een aparte verzekering voor je computer af te sluiten. Computers krijgen steeds meer mogelijkheden en daardoor worden [&hellip;]<\/p>\n","protected":false},"author":1,"featured_media":44,"parent":0,"menu_order":6,"comment_status":"closed","ping_status":"closed","template":"page-templates\/verzekeringen-child.php","meta":{"_acf_changed":false,"footnotes":""},"categories":[6,13],"tags":[],"class_list":["post-30","page","type-page","status-publish","has-post-thumbnail","hentry","category-desktop","category-verzekering"],"acf":[],"yoast_head":"<!-- This site is optimized with the Yoast SEO plugin v26.8 - https:\/\/yoast.com\/product\/yoast-seo-wordpress\/ -->\n<title>Computerverzekering - NowInsure<\/title>\n<meta name=\"description\" content=\"Je computer verzekeren tegen schade, diefstal of een defect? Profiteer van snelle reparatieservice en wereldwijde dekking. Sluit nu je computerverzekering af!\" \/>\n<meta name=\"robots\" content=\"index, follow, max-snippet:-1, max-image-preview:large, max-video-preview:-1\" \/>\n<link rel=\"canonical\" href=\"https:\/\/nowinsure.com\/fr\/computerverzekering\/\" \/>\n<meta property=\"og:locale\" content=\"fr_FR\" \/>\n<meta property=\"og:type\" content=\"article\" \/>\n<meta property=\"og:title\" content=\"Computerverzekering - NowInsure\" \/>\n<meta property=\"og:description\" content=\"Je computer verzekeren tegen schade, diefstal of een defect? Profiteer van snelle reparatieservice en wereldwijde dekking. Sluit nu je computerverzekering af!\" \/>\n<meta property=\"og:url\" content=\"https:\/\/nowinsure.com\/fr\/computerverzekering\/\" \/>\n<meta property=\"og:site_name\" content=\"NowInsure\" \/>\n<meta property=\"article:modified_time\" content=\"2026-02-25T12:46:05+00:00\" \/>\n<meta property=\"og:image\" content=\"https:\/\/nowinsure.com\/wp-content\/uploads\/2022\/08\/1579849487computer.png\" \/>\n\t<meta property=\"og:image:width\" content=\"140\" \/>\n\t<meta property=\"og:image:height\" content=\"140\" \/>\n\t<meta property=\"og:image:type\" content=\"image\/png\" \/>\n<meta name=\"twitter:card\" content=\"summary_large_image\" \/>\n<meta name=\"twitter:label1\" content=\"Dur\u00e9e de lecture est.\" \/>\n\t<meta name=\"twitter:data1\" content=\"2 minutes\" \/>\n<script type=\"application\/ld+json\" class=\"yoast-schema-graph\">{\"@context\":\"https:\/\/schema.org\",\"@graph\":[{\"@type\":\"WebPage\",\"@id\":\"https:\/\/nowinsure.com\/computerverzekering\/\",\"url\":\"https:\/\/nowinsure.com\/computerverzekering\/\",\"name\":\"Computerverzekering - NowInsure\",\"isPartOf\":{\"@id\":\"https:\/\/nowinsure.com\/#website\"},\"primaryImageOfPage\":{\"@id\":\"https:\/\/nowinsure.com\/computerverzekering\/#primaryimage\"},\"image\":{\"@id\":\"https:\/\/nowinsure.com\/computerverzekering\/#primaryimage\"},\"thumbnailUrl\":\"https:\/\/nowinsure.com\/wp-content\/uploads\/2022\/08\/1579849487computer.png\",\"datePublished\":\"2022-08-17T12:02:37+00:00\",\"dateModified\":\"2026-02-25T12:46:05+00:00\",\"description\":\"Je computer verzekeren tegen schade, diefstal of een defect? Profiteer van snelle reparatieservice en wereldwijde dekking. Sluit nu je computerverzekering af!\",\"breadcrumb\":{\"@id\":\"https:\/\/nowinsure.com\/computerverzekering\/#breadcrumb\"},\"inLanguage\":\"fr-BE\",\"potentialAction\":[{\"@type\":\"ReadAction\",\"target\":[\"https:\/\/nowinsure.com\/computerverzekering\/\"]}]},{\"@type\":\"ImageObject\",\"inLanguage\":\"fr-BE\",\"@id\":\"https:\/\/nowinsure.com\/computerverzekering\/#primaryimage\",\"url\":\"https:\/\/nowinsure.com\/wp-content\/uploads\/2022\/08\/1579849487computer.png\",\"contentUrl\":\"https:\/\/nowinsure.com\/wp-content\/uploads\/2022\/08\/1579849487computer.png\",\"width\":140,\"height\":140},{\"@type\":\"BreadcrumbList\",\"@id\":\"https:\/\/nowinsure.com\/computerverzekering\/#breadcrumb\",\"itemListElement\":[{\"@type\":\"ListItem\",\"position\":1,\"name\":\"Home\",\"item\":\"https:\/\/nowinsure.com\/\"},{\"@type\":\"ListItem\",\"position\":2,\"name\":\"Computerverzekering\"}]},{\"@type\":\"WebSite\",\"@id\":\"https:\/\/nowinsure.com\/#website\",\"url\":\"https:\/\/nowinsure.com\/\",\"name\":\"NowInsure\",\"description\":\"Apparaten verzekeren vanaf \u20ac2,99 p\/m\",\"publisher\":{\"@id\":\"https:\/\/nowinsure.com\/#organization\"},\"potentialAction\":[{\"@type\":\"SearchAction\",\"target\":{\"@type\":\"EntryPoint\",\"urlTemplate\":\"https:\/\/nowinsure.com\/?s={search_term_string}\"},\"query-input\":{\"@type\":\"PropertyValueSpecification\",\"valueRequired\":true,\"valueName\":\"search_term_string\"}}],\"inLanguage\":\"fr-BE\"},{\"@type\":\"Organization\",\"@id\":\"https:\/\/nowinsure.com\/#organization\",\"name\":\"nowinsure.com\",\"url\":\"https:\/\/nowinsure.com\/\",\"logo\":{\"@type\":\"ImageObject\",\"inLanguage\":\"fr-BE\",\"@id\":\"https:\/\/nowinsure.com\/#\/schema\/logo\/image\/\",\"url\":\"https:\/\/nowinsure.com\/wp-content\/uploads\/2022\/08\/nowinsure.png\",\"contentUrl\":\"https:\/\/nowinsure.com\/wp-content\/uploads\/2022\/08\/nowinsure.png\",\"width\":500,\"height\":114,\"caption\":\"nowinsure.com\"},\"image\":{\"@id\":\"https:\/\/nowinsure.com\/#\/schema\/logo\/image\/\"}}]}<\/script>\n<!-- \/ Yoast SEO plugin. -->","yoast_head_json":{"title":"Computerverzekering - NowInsure","description":"Je computer verzekeren tegen schade, diefstal of een defect? Profiteer van snelle reparatieservice en wereldwijde dekking. Sluit nu je computerverzekering af!","robots":{"index":"index","follow":"follow","max-snippet":"max-snippet:-1","max-image-preview":"max-image-preview:large","max-video-preview":"max-video-preview:-1"},"canonical":"https:\/\/nowinsure.com\/fr\/computerverzekering\/","og_locale":"fr_FR","og_type":"article","og_title":"Computerverzekering - NowInsure","og_description":"Je computer verzekeren tegen schade, diefstal of een defect? Profiteer van snelle reparatieservice en wereldwijde dekking. Sluit nu je computerverzekering af!","og_url":"https:\/\/nowinsure.com\/fr\/computerverzekering\/","og_site_name":"NowInsure","article_modified_time":"2026-02-25T12:46:05+00:00","og_image":[{"width":140,"height":140,"url":"https:\/\/nowinsure.com\/wp-content\/uploads\/2022\/08\/1579849487computer.png","type":"image\/png"}],"twitter_card":"summary_large_image","twitter_misc":{"Dur\u00e9e de lecture est.":"2 minutes"},"schema":{"@context":"https:\/\/schema.org","@graph":[{"@type":"WebPage","@id":"https:\/\/nowinsure.com\/computerverzekering\/","url":"https:\/\/nowinsure.com\/computerverzekering\/","name":"Computerverzekering - NowInsure","isPartOf":{"@id":"https:\/\/nowinsure.com\/#website"},"primaryImageOfPage":{"@id":"https:\/\/nowinsure.com\/computerverzekering\/#primaryimage"},"image":{"@id":"https:\/\/nowinsure.com\/computerverzekering\/#primaryimage"},"thumbnailUrl":"https:\/\/nowinsure.com\/wp-content\/uploads\/2022\/08\/1579849487computer.png","datePublished":"2022-08-17T12:02:37+00:00","dateModified":"2026-02-25T12:46:05+00:00","description":"Je computer verzekeren tegen schade, diefstal of een defect? Profiteer van snelle reparatieservice en wereldwijde dekking. Sluit nu je computerverzekering af!","breadcrumb":{"@id":"https:\/\/nowinsure.com\/computerverzekering\/#breadcrumb"},"inLanguage":"fr-BE","potentialAction":[{"@type":"ReadAction","target":["https:\/\/nowinsure.com\/computerverzekering\/"]}]},{"@type":"ImageObject","inLanguage":"fr-BE","@id":"https:\/\/nowinsure.com\/computerverzekering\/#primaryimage","url":"https:\/\/nowinsure.com\/wp-content\/uploads\/2022\/08\/1579849487computer.png","contentUrl":"https:\/\/nowinsure.com\/wp-content\/uploads\/2022\/08\/1579849487computer.png","width":140,"height":140},{"@type":"BreadcrumbList","@id":"https:\/\/nowinsure.com\/computerverzekering\/#breadcrumb","itemListElement":[{"@type":"ListItem","position":1,"name":"Home","item":"https:\/\/nowinsure.com\/"},{"@type":"ListItem","position":2,"name":"Computerverzekering"}]},{"@type":"WebSite","@id":"https:\/\/nowinsure.com\/#website","url":"https:\/\/nowinsure.com\/","name":"NowInsure","description":"Assurer les appareils \u00e0 partir de 2,99 \u20ac par mois","publisher":{"@id":"https:\/\/nowinsure.com\/#organization"},"potentialAction":[{"@type":"SearchAction","target":{"@type":"EntryPoint","urlTemplate":"https:\/\/nowinsure.com\/?s={search_term_string}"},"query-input":{"@type":"PropertyValueSpecification","valueRequired":true,"valueName":"search_term_string"}}],"inLanguage":"fr-BE"},{"@type":"Organization","@id":"https:\/\/nowinsure.com\/#organization","name":"nowinsure.com","url":"https:\/\/nowinsure.com\/","logo":{"@type":"ImageObject","inLanguage":"fr-BE","@id":"https:\/\/nowinsure.com\/#\/schema\/logo\/image\/","url":"https:\/\/nowinsure.com\/wp-content\/uploads\/2022\/08\/nowinsure.png","contentUrl":"https:\/\/nowinsure.com\/wp-content\/uploads\/2022\/08\/nowinsure.png","width":500,"height":114,"caption":"nowinsure.com"},"image":{"@id":"https:\/\/nowinsure.com\/#\/schema\/logo\/image\/"}}]}},"_links":{"self":[{"href":"https:\/\/nowinsure.com\/fr\/wp-json\/wp\/v2\/pages\/30","targetHints":{"allow":["GET"]}}],"collection":[{"href":"https:\/\/nowinsure.com\/fr\/wp-json\/wp\/v2\/pages"}],"about":[{"href":"https:\/\/nowinsure.com\/fr\/wp-json\/wp\/v2\/types\/page"}],"author":[{"embeddable":true,"href":"https:\/\/nowinsure.com\/fr\/wp-json\/wp\/v2\/users\/1"}],"replies":[{"embeddable":true,"href":"https:\/\/nowinsure.com\/fr\/wp-json\/wp\/v2\/comments?post=30"}],"version-history":[{"count":4,"href":"https:\/\/nowinsure.com\/fr\/wp-json\/wp\/v2\/pages\/30\/revisions"}],"predecessor-version":[{"id":640,"href":"https:\/\/nowinsure.com\/fr\/wp-json\/wp\/v2\/pages\/30\/revisions\/640"}],"wp:featuredmedia":[{"embeddable":true,"href":"https:\/\/nowinsure.com\/fr\/wp-json\/wp\/v2\/media\/44"}],"wp:attachment":[{"href":"https:\/\/nowinsure.com\/fr\/wp-json\/wp\/v2\/media?parent=30"}],"wp:term":[{"taxonomy":"category","embeddable":true,"href":"https:\/\/nowinsure.com\/fr\/wp-json\/wp\/v2\/categories?post=30"},{"taxonomy":"post_tag","embeddable":true,"href":"https:\/\/nowinsure.com\/fr\/wp-json\/wp\/v2\/tags?post=30"}],"curies":[{"name":"wp","href":"https:\/\/api.w.org\/{rel}","templated":true}]}}