{"id":28,"date":"2022-08-17T12:02:17","date_gmt":"2022-08-17T12:02:17","guid":{"rendered":"http:\/\/localhost\/projecten\/nowinsure\/wordpress\/?page_id=28"},"modified":"2026-02-25T12:48:11","modified_gmt":"2026-02-25T12:48:11","slug":"oordopjes-verzekeren","status":"publish","type":"page","link":"https:\/\/nowinsure.com\/fr\/oordopjes-verzekeren\/","title":{"rendered":"Assurer les bouchons d'oreille"},"content":{"rendered":"<h2>Assurez vos \u00e9couteurs via nowinsure.com<\/h2>\n<p>Assurer les oreillettes est toujours une bonne id\u00e9e. Apr\u00e8s tout, vous utilisez ces bouchons d'oreille pratiques \u00e0 tout moment et en tout lieu, n'est-ce pas ? C'est justement parce que vous les utilisez beaucoup qu'il y a de fortes chances qu'il leur arrive quelque chose un jour. Apr\u00e8s tout, un accident n'est jamais bien loin. Une fois que vous vous serez habitu\u00e9 \u00e0 la commodit\u00e9 de ces bouchons d'oreille, vous ne voudrez plus vous en passer. En outre, l'achat de nouveaux bouchons d'oreille repr\u00e9sente une d\u00e9pense non n\u00e9gligeable. Si vous pouvez y rem\u00e9dier gr\u00e2ce \u00e0 une bonne police d'assurance, c'est parfait. Sur nowinsure.com, vous pouvez assurer vos bouchons d'oreille \u00e0 d'excellentes conditions.<\/p>\n<h2>Fixation des \u00e9couteurs sans fil en 2 minutes<\/h2>\n<p>Lorsque vos \u00e9couteurs sans fil se cassent, vous vous retrouvez soudain \u00e0 la case d\u00e9part. Vous devez recommencer \u00e0 utiliser ces \u00e9couteurs maladroits qui s'emm\u00ealent toujours. Il n'est donc pas \u00e9tonnant que vous souhaitiez r\u00e9cup\u00e9rer vos \u00e9couteurs sans fil le plus rapidement possible. Si vous optez pour une assurance bouchons d'oreille chez nowinsure.com, vous n'aurez pas \u00e0 attendre longtemps. En effet, nous mettons tout en \u0153uvre pour que vous retrouviez des \u00e9couteurs en \u00e9tat de marche le plus rapidement possible. Vos anciens \u00e9couteurs sont irr\u00e9parables ? Dans ce cas, nous vous enverrons tout simplement un produit de remplacement.<\/p>\n<h2>L'assurance de vos \u00e9couteurs sans fil se ferme facilement<\/h2>\n<p>Chez nowinsure.com, nous pensons que l'assurance doit \u00eatre facile, y compris l'assurance de vos \u00e9couteurs. C'est pourquoi il est facile de souscrire une nouvelle police d'assurance chez nous. Vous choisissez l'assurance que vous souhaitez. Par exemple, vous pouvez choisir entre l'assurance contre le vol et l'absence d'assurance. Apr\u00e8s avoir souscrit l'assurance, vous disposez toujours d'un d\u00e9lai de r\u00e9flexion de 14 jours. Et saviez-vous que vous pouvez assurer vos \u00e9couteurs sans fil jusqu'\u00e0 3 mois apr\u00e8s l'achat ? L'assurance est donc tr\u00e8s simple !<\/p>\n<h2>Pas de petits caract\u00e8res avec votre assurance<\/h2>\n<p>Chez nowinsure.com, la clart\u00e9 est de mise et vous, le client, \u00eates au centre de nos pr\u00e9occupations. Si vous souhaitez assurer vos \u00e9couteurs sans fil, vous trouverez une assurance sans petits caract\u00e8res. Et si vous souhaitez utiliser votre assurance en cas de dommage, vous pouvez tout mettre en \u0153uvre dans mon compte. Optez pour le confort et faites assurer vos \u00e9couteurs \u00e0 nos conditions avantageuses. Car ce n'est qu'avec une bonne assurance que vous pourrez vraiment profiter de vos \u00e9couteurs sans fil en toute tranquillit\u00e9.<\/p>","protected":false},"excerpt":{"rendered":"<p>Je oordopjes\u00a0verzekeren via nowinsure.com Oordopjes verzekeren is altijd een goed idee. Want deze handige oordopjes gebruik je toch altijd en overal? Juist omdat je ze zoveel gebruikt, is de kans aanwezig dat er een keer iets mee gebeurd. Een ongeluk zit immers in een klein hoekje. En ben je eenmaal aan het gemak van deze [&hellip;]<\/p>\n","protected":false},"author":1,"featured_media":45,"parent":0,"menu_order":10,"comment_status":"closed","ping_status":"closed","template":"page-templates\/verzekeringen-child.php","meta":{"_acf_changed":false,"footnotes":""},"categories":[1,13],"tags":[],"class_list":["post-28","page","type-page","status-publish","has-post-thumbnail","hentry","category-other","category-verzekering"],"acf":[],"yoast_head":"<!-- This site is optimized with the Yoast SEO plugin v26.8 - https:\/\/yoast.com\/product\/yoast-seo-wordpress\/ -->\n<title>Oordopjes verzekeren - NowInsure<\/title>\n<meta name=\"description\" content=\"AirPods verzekeren of een verzekering voor oordopjes? Bescherm tegen schade, diefstal of verlies met onze wereldwijde dekking. Sluit nu eenvoudig online af!\" \/>\n<meta name=\"robots\" content=\"index, follow, max-snippet:-1, max-image-preview:large, max-video-preview:-1\" \/>\n<link rel=\"canonical\" href=\"https:\/\/nowinsure.com\/fr\/oordopjes-verzekeren\/\" \/>\n<meta property=\"og:locale\" content=\"fr_FR\" \/>\n<meta property=\"og:type\" content=\"article\" \/>\n<meta property=\"og:title\" content=\"Oordopjes verzekeren - NowInsure\" \/>\n<meta property=\"og:description\" content=\"AirPods verzekeren of een verzekering voor oordopjes? Bescherm tegen schade, diefstal of verlies met onze wereldwijde dekking. Sluit nu eenvoudig online af!\" \/>\n<meta property=\"og:url\" content=\"https:\/\/nowinsure.com\/fr\/oordopjes-verzekeren\/\" \/>\n<meta property=\"og:site_name\" content=\"NowInsure\" \/>\n<meta property=\"article:modified_time\" content=\"2026-02-25T12:48:11+00:00\" \/>\n<meta property=\"og:image\" content=\"https:\/\/nowinsure.com\/wp-content\/uploads\/2022\/08\/1579849452earbuds.png\" \/>\n\t<meta property=\"og:image:width\" content=\"140\" \/>\n\t<meta property=\"og:image:height\" content=\"140\" \/>\n\t<meta property=\"og:image:type\" content=\"image\/png\" \/>\n<meta name=\"twitter:card\" content=\"summary_large_image\" \/>\n<meta name=\"twitter:label1\" content=\"Dur\u00e9e de lecture est.\" \/>\n\t<meta name=\"twitter:data1\" content=\"2 minutes\" \/>\n<script type=\"application\/ld+json\" class=\"yoast-schema-graph\">{\"@context\":\"https:\/\/schema.org\",\"@graph\":[{\"@type\":\"WebPage\",\"@id\":\"https:\/\/nowinsure.com\/oordopjes-verzekeren\/\",\"url\":\"https:\/\/nowinsure.com\/oordopjes-verzekeren\/\",\"name\":\"Oordopjes verzekeren - NowInsure\",\"isPartOf\":{\"@id\":\"https:\/\/nowinsure.com\/#website\"},\"primaryImageOfPage\":{\"@id\":\"https:\/\/nowinsure.com\/oordopjes-verzekeren\/#primaryimage\"},\"image\":{\"@id\":\"https:\/\/nowinsure.com\/oordopjes-verzekeren\/#primaryimage\"},\"thumbnailUrl\":\"https:\/\/nowinsure.com\/wp-content\/uploads\/2022\/08\/1579849452earbuds.png\",\"datePublished\":\"2022-08-17T12:02:17+00:00\",\"dateModified\":\"2026-02-25T12:48:11+00:00\",\"description\":\"AirPods verzekeren of een verzekering voor oordopjes? Bescherm tegen schade, diefstal of verlies met onze wereldwijde dekking. Sluit nu eenvoudig online af!\",\"breadcrumb\":{\"@id\":\"https:\/\/nowinsure.com\/oordopjes-verzekeren\/#breadcrumb\"},\"inLanguage\":\"fr-BE\",\"potentialAction\":[{\"@type\":\"ReadAction\",\"target\":[\"https:\/\/nowinsure.com\/oordopjes-verzekeren\/\"]}]},{\"@type\":\"ImageObject\",\"inLanguage\":\"fr-BE\",\"@id\":\"https:\/\/nowinsure.com\/oordopjes-verzekeren\/#primaryimage\",\"url\":\"https:\/\/nowinsure.com\/wp-content\/uploads\/2022\/08\/1579849452earbuds.png\",\"contentUrl\":\"https:\/\/nowinsure.com\/wp-content\/uploads\/2022\/08\/1579849452earbuds.png\",\"width\":140,\"height\":140},{\"@type\":\"BreadcrumbList\",\"@id\":\"https:\/\/nowinsure.com\/oordopjes-verzekeren\/#breadcrumb\",\"itemListElement\":[{\"@type\":\"ListItem\",\"position\":1,\"name\":\"Home\",\"item\":\"https:\/\/nowinsure.com\/\"},{\"@type\":\"ListItem\",\"position\":2,\"name\":\"Oordopjes verzekeren\"}]},{\"@type\":\"WebSite\",\"@id\":\"https:\/\/nowinsure.com\/#website\",\"url\":\"https:\/\/nowinsure.com\/\",\"name\":\"NowInsure\",\"description\":\"Apparaten verzekeren vanaf \u20ac2,99 p\/m\",\"publisher\":{\"@id\":\"https:\/\/nowinsure.com\/#organization\"},\"potentialAction\":[{\"@type\":\"SearchAction\",\"target\":{\"@type\":\"EntryPoint\",\"urlTemplate\":\"https:\/\/nowinsure.com\/?s={search_term_string}\"},\"query-input\":{\"@type\":\"PropertyValueSpecification\",\"valueRequired\":true,\"valueName\":\"search_term_string\"}}],\"inLanguage\":\"fr-BE\"},{\"@type\":\"Organization\",\"@id\":\"https:\/\/nowinsure.com\/#organization\",\"name\":\"nowinsure.com\",\"url\":\"https:\/\/nowinsure.com\/\",\"logo\":{\"@type\":\"ImageObject\",\"inLanguage\":\"fr-BE\",\"@id\":\"https:\/\/nowinsure.com\/#\/schema\/logo\/image\/\",\"url\":\"https:\/\/nowinsure.com\/wp-content\/uploads\/2022\/08\/nowinsure.png\",\"contentUrl\":\"https:\/\/nowinsure.com\/wp-content\/uploads\/2022\/08\/nowinsure.png\",\"width\":500,\"height\":114,\"caption\":\"nowinsure.com\"},\"image\":{\"@id\":\"https:\/\/nowinsure.com\/#\/schema\/logo\/image\/\"}}]}<\/script>\n<!-- \/ Yoast SEO plugin. -->","yoast_head_json":{"title":"Oordopjes verzekeren - NowInsure","description":"AirPods verzekeren of een verzekering voor oordopjes? Bescherm tegen schade, diefstal of verlies met onze wereldwijde dekking. Sluit nu eenvoudig online af!","robots":{"index":"index","follow":"follow","max-snippet":"max-snippet:-1","max-image-preview":"max-image-preview:large","max-video-preview":"max-video-preview:-1"},"canonical":"https:\/\/nowinsure.com\/fr\/oordopjes-verzekeren\/","og_locale":"fr_FR","og_type":"article","og_title":"Oordopjes verzekeren - NowInsure","og_description":"AirPods verzekeren of een verzekering voor oordopjes? Bescherm tegen schade, diefstal of verlies met onze wereldwijde dekking. Sluit nu eenvoudig online af!","og_url":"https:\/\/nowinsure.com\/fr\/oordopjes-verzekeren\/","og_site_name":"NowInsure","article_modified_time":"2026-02-25T12:48:11+00:00","og_image":[{"width":140,"height":140,"url":"https:\/\/nowinsure.com\/wp-content\/uploads\/2022\/08\/1579849452earbuds.png","type":"image\/png"}],"twitter_card":"summary_large_image","twitter_misc":{"Dur\u00e9e de lecture est.":"2 minutes"},"schema":{"@context":"https:\/\/schema.org","@graph":[{"@type":"WebPage","@id":"https:\/\/nowinsure.com\/oordopjes-verzekeren\/","url":"https:\/\/nowinsure.com\/oordopjes-verzekeren\/","name":"Oordopjes verzekeren - NowInsure","isPartOf":{"@id":"https:\/\/nowinsure.com\/#website"},"primaryImageOfPage":{"@id":"https:\/\/nowinsure.com\/oordopjes-verzekeren\/#primaryimage"},"image":{"@id":"https:\/\/nowinsure.com\/oordopjes-verzekeren\/#primaryimage"},"thumbnailUrl":"https:\/\/nowinsure.com\/wp-content\/uploads\/2022\/08\/1579849452earbuds.png","datePublished":"2022-08-17T12:02:17+00:00","dateModified":"2026-02-25T12:48:11+00:00","description":"AirPods verzekeren of een verzekering voor oordopjes? Bescherm tegen schade, diefstal of verlies met onze wereldwijde dekking. Sluit nu eenvoudig online af!","breadcrumb":{"@id":"https:\/\/nowinsure.com\/oordopjes-verzekeren\/#breadcrumb"},"inLanguage":"fr-BE","potentialAction":[{"@type":"ReadAction","target":["https:\/\/nowinsure.com\/oordopjes-verzekeren\/"]}]},{"@type":"ImageObject","inLanguage":"fr-BE","@id":"https:\/\/nowinsure.com\/oordopjes-verzekeren\/#primaryimage","url":"https:\/\/nowinsure.com\/wp-content\/uploads\/2022\/08\/1579849452earbuds.png","contentUrl":"https:\/\/nowinsure.com\/wp-content\/uploads\/2022\/08\/1579849452earbuds.png","width":140,"height":140},{"@type":"BreadcrumbList","@id":"https:\/\/nowinsure.com\/oordopjes-verzekeren\/#breadcrumb","itemListElement":[{"@type":"ListItem","position":1,"name":"Home","item":"https:\/\/nowinsure.com\/"},{"@type":"ListItem","position":2,"name":"Oordopjes verzekeren"}]},{"@type":"WebSite","@id":"https:\/\/nowinsure.com\/#website","url":"https:\/\/nowinsure.com\/","name":"NowInsure","description":"Assurer les appareils \u00e0 partir de 2,99 \u20ac par mois","publisher":{"@id":"https:\/\/nowinsure.com\/#organization"},"potentialAction":[{"@type":"SearchAction","target":{"@type":"EntryPoint","urlTemplate":"https:\/\/nowinsure.com\/?s={search_term_string}"},"query-input":{"@type":"PropertyValueSpecification","valueRequired":true,"valueName":"search_term_string"}}],"inLanguage":"fr-BE"},{"@type":"Organization","@id":"https:\/\/nowinsure.com\/#organization","name":"nowinsure.com","url":"https:\/\/nowinsure.com\/","logo":{"@type":"ImageObject","inLanguage":"fr-BE","@id":"https:\/\/nowinsure.com\/#\/schema\/logo\/image\/","url":"https:\/\/nowinsure.com\/wp-content\/uploads\/2022\/08\/nowinsure.png","contentUrl":"https:\/\/nowinsure.com\/wp-content\/uploads\/2022\/08\/nowinsure.png","width":500,"height":114,"caption":"nowinsure.com"},"image":{"@id":"https:\/\/nowinsure.com\/#\/schema\/logo\/image\/"}}]}},"_links":{"self":[{"href":"https:\/\/nowinsure.com\/fr\/wp-json\/wp\/v2\/pages\/28","targetHints":{"allow":["GET"]}}],"collection":[{"href":"https:\/\/nowinsure.com\/fr\/wp-json\/wp\/v2\/pages"}],"about":[{"href":"https:\/\/nowinsure.com\/fr\/wp-json\/wp\/v2\/types\/page"}],"author":[{"embeddable":true,"href":"https:\/\/nowinsure.com\/fr\/wp-json\/wp\/v2\/users\/1"}],"replies":[{"embeddable":true,"href":"https:\/\/nowinsure.com\/fr\/wp-json\/wp\/v2\/comments?post=28"}],"version-history":[{"count":4,"href":"https:\/\/nowinsure.com\/fr\/wp-json\/wp\/v2\/pages\/28\/revisions"}],"predecessor-version":[{"id":380,"href":"https:\/\/nowinsure.com\/fr\/wp-json\/wp\/v2\/pages\/28\/revisions\/380"}],"wp:featuredmedia":[{"embeddable":true,"href":"https:\/\/nowinsure.com\/fr\/wp-json\/wp\/v2\/media\/45"}],"wp:attachment":[{"href":"https:\/\/nowinsure.com\/fr\/wp-json\/wp\/v2\/media?parent=28"}],"wp:term":[{"taxonomy":"category","embeddable":true,"href":"https:\/\/nowinsure.com\/fr\/wp-json\/wp\/v2\/categories?post=28"},{"taxonomy":"post_tag","embeddable":true,"href":"https:\/\/nowinsure.com\/fr\/wp-json\/wp\/v2\/tags?post=28"}],"curies":[{"name":"wp","href":"https:\/\/api.w.org\/{rel}","templated":true}]}}