{"id":20,"date":"2022-08-17T12:00:37","date_gmt":"2022-08-17T12:00:37","guid":{"rendered":"http:\/\/localhost\/projecten\/nowinsure\/wordpress\/?page_id=20"},"modified":"2025-04-18T08:34:55","modified_gmt":"2025-04-18T08:34:55","slug":"ipad-verzekeren","status":"publish","type":"page","link":"https:\/\/nowinsure.com\/fr\/ipad-verzekeren\/","title":{"rendered":"Assurance iPad et tablettes"},"content":{"rendered":"<h2>Assurez votre tablette \u00e0 un prix comp\u00e9titif via nowinsure.com<\/h2>\n<p>Faites assurer votre tablette sur nowinsure.com ! Les tablettes sont largement utilis\u00e9es parce qu'elles ont la taille id\u00e9ale. Plus grande que votre smartphone, mais plus petite qu'un ordinateur portable. Elles sont id\u00e9ales pour lire ou regarder des vid\u00e9os. Leur taille permet \u00e9galement de les emporter avec soi, en vacances ou lors d'une r\u00e9union \u00e0 l'ext\u00e9rieur. Mais cette utilisation intensive augmente naturellement le risque de dommages ou de vol. Il est donc judicieux d'assurer votre tablette pour \u00e9viter qu'un dommage \u00e0 l'\u00e9cran, un d\u00e9g\u00e2t des eaux ou un d\u00e9faut technique ne vous emp\u00eache d'utiliser votre tablette.<\/p>\n<h2>Assurez votre tablette contre les dommages les plus courants<\/h2>\n<p>Sur nowinsure.com, vous pouvez assurer votre tablette \u00e0 partir de 2,99 \u20ac par mois ! Votre tablette est ainsi assur\u00e9e contre les d\u00e9fauts techniques, les chutes et les chocs. Vous pouvez ainsi utiliser votre tablette en toute tranquillit\u00e9. Les d\u00e9g\u00e2ts caus\u00e9s par l'eau et l'humidit\u00e9 sont \u00e9galement assur\u00e9s, car il arrive malheureusement qu'un verre de boisson soit renvers\u00e9 par m\u00e9garde. Notre couverture s'applique dans le monde entier, peu importe o\u00f9 vous vous trouvez au moment du sinistre.<\/p>\n<h2>Assurez votre tablette contre le vol \u00e9galement en option<\/h2>\n<p>Les tablettes sont malheureusement des objets tr\u00e8s pris\u00e9s des voleurs. Surtout si vous emportez r\u00e9guli\u00e8rement votre tablette en voyage, le risque de vol ou de cambriolage augmente. \u00c9vitez de vous retrouver les mains vides apr\u00e8s le vol et optez pour notre couverture optionnelle contre le vol.<\/p>\n<h2>L'assurance tablette en 2 minutes<\/h2>\n<p>Si vous assurez votre tablette via nowinsure.com, vous pouvez compter sur un service de qualit\u00e9. La souscription d'une assurance est tr\u00e8s simple via notre site web. Et si un dommage survient, connectez-vous \u00e0 mon compte et nous mettrons en place la proc\u00e9dure de r\u00e9paration. En choisissant l'assurance de nowinsure.com, vous optez pour la commodit\u00e9 et un bon service !<\/p>\n<h2>Quelles tablettes peuvent \u00eatre assur\u00e9es sur nowinsure.com ?<\/h2>\n<p>Vous pouvez bien s\u00fbr assurer chez nous les c\u00e9l\u00e8bres iPad et Galaxy Tab. Mais nous assurons bien entendu d'autres marques pour vous. Nous assurons les tablettes des marques suivantes : Sony, Apple, Samsung, Asus, Microsoft, Lenovo, Huawei, Acer, Archos, HP, Alcatel, Medion, Kurio et plus encore.<\/p>","protected":false},"excerpt":{"rendered":"<p>Je tablet verzekeren voor een scherpe prijs via nowinsure.com Je tablet verzekeren doe je bij nowinsure.com! Tablets worden veel gebruikt, omdat ze de ideale omvang hebben. Groter dan je smartphone, maar kleiner dan een laptop. Ideaal om op te lezen of filmpjes te kijken. Door hun formaat zijn tablets ook gemakkelijk mee te nemen, op [&hellip;]<\/p>\n","protected":false},"author":1,"featured_media":49,"parent":0,"menu_order":13,"comment_status":"closed","ping_status":"closed","template":"page-templates\/verzekeringen-child.php","meta":{"_acf_changed":false,"footnotes":""},"categories":[9,13],"tags":[],"class_list":["post-20","page","type-page","status-publish","has-post-thumbnail","hentry","category-tablet","category-verzekering"],"acf":[],"yoast_head":"<!-- This site is optimized with the Yoast SEO plugin v26.8 - https:\/\/yoast.com\/product\/yoast-seo-wordpress\/ -->\n<title>iPad &amp; tablet verzekeren? | nowinsure.com | Tegen schade en diefstal<\/title>\n<meta name=\"description\" content=\"Afsluiten tot 12 maanden na aankoop, 14 dagen bedenktijd. Geen jaarcontract, maandelijks opzegbaar. Geen poliskosten, zowel particulier als zakelijk.\" \/>\n<meta name=\"robots\" content=\"index, follow, max-snippet:-1, max-image-preview:large, max-video-preview:-1\" \/>\n<link rel=\"canonical\" href=\"https:\/\/nowinsure.com\/fr\/ipad-verzekeren\/\" \/>\n<meta property=\"og:locale\" content=\"fr_FR\" \/>\n<meta property=\"og:type\" content=\"article\" \/>\n<meta property=\"og:title\" content=\"iPad &amp; tablet verzekeren? | nowinsure.com | Tegen schade en diefstal\" \/>\n<meta property=\"og:description\" content=\"Afsluiten tot 12 maanden na aankoop, 14 dagen bedenktijd. Geen jaarcontract, maandelijks opzegbaar. Geen poliskosten, zowel particulier als zakelijk.\" \/>\n<meta property=\"og:url\" content=\"https:\/\/nowinsure.com\/fr\/ipad-verzekeren\/\" \/>\n<meta property=\"og:site_name\" content=\"NowInsure\" \/>\n<meta property=\"article:modified_time\" content=\"2025-04-18T08:34:55+00:00\" \/>\n<meta property=\"og:image\" content=\"https:\/\/nowinsure.com\/wp-content\/uploads\/2022\/08\/1579849390tablet.png\" \/>\n\t<meta property=\"og:image:width\" content=\"140\" \/>\n\t<meta property=\"og:image:height\" content=\"140\" \/>\n\t<meta property=\"og:image:type\" content=\"image\/png\" \/>\n<meta name=\"twitter:card\" content=\"summary_large_image\" \/>\n<meta name=\"twitter:label1\" content=\"Dur\u00e9e de lecture est.\" \/>\n\t<meta name=\"twitter:data1\" content=\"2 minutes\" \/>\n<script type=\"application\/ld+json\" class=\"yoast-schema-graph\">{\"@context\":\"https:\/\/schema.org\",\"@graph\":[{\"@type\":\"WebPage\",\"@id\":\"https:\/\/nowinsure.com\/ipad-verzekeren\/\",\"url\":\"https:\/\/nowinsure.com\/ipad-verzekeren\/\",\"name\":\"iPad & tablet verzekeren? | nowinsure.com | Tegen schade en diefstal\",\"isPartOf\":{\"@id\":\"https:\/\/nowinsure.com\/#website\"},\"primaryImageOfPage\":{\"@id\":\"https:\/\/nowinsure.com\/ipad-verzekeren\/#primaryimage\"},\"image\":{\"@id\":\"https:\/\/nowinsure.com\/ipad-verzekeren\/#primaryimage\"},\"thumbnailUrl\":\"https:\/\/nowinsure.com\/wp-content\/uploads\/2022\/08\/1579849390tablet.png\",\"datePublished\":\"2022-08-17T12:00:37+00:00\",\"dateModified\":\"2025-04-18T08:34:55+00:00\",\"description\":\"Afsluiten tot 12 maanden na aankoop, 14 dagen bedenktijd. Geen jaarcontract, maandelijks opzegbaar. Geen poliskosten, zowel particulier als zakelijk.\",\"breadcrumb\":{\"@id\":\"https:\/\/nowinsure.com\/ipad-verzekeren\/#breadcrumb\"},\"inLanguage\":\"fr-BE\",\"potentialAction\":[{\"@type\":\"ReadAction\",\"target\":[\"https:\/\/nowinsure.com\/ipad-verzekeren\/\"]}]},{\"@type\":\"ImageObject\",\"inLanguage\":\"fr-BE\",\"@id\":\"https:\/\/nowinsure.com\/ipad-verzekeren\/#primaryimage\",\"url\":\"https:\/\/nowinsure.com\/wp-content\/uploads\/2022\/08\/1579849390tablet.png\",\"contentUrl\":\"https:\/\/nowinsure.com\/wp-content\/uploads\/2022\/08\/1579849390tablet.png\",\"width\":140,\"height\":140},{\"@type\":\"BreadcrumbList\",\"@id\":\"https:\/\/nowinsure.com\/ipad-verzekeren\/#breadcrumb\",\"itemListElement\":[{\"@type\":\"ListItem\",\"position\":1,\"name\":\"Home\",\"item\":\"https:\/\/nowinsure.com\/\"},{\"@type\":\"ListItem\",\"position\":2,\"name\":\"iPad &#038; tablet verzekeren\"}]},{\"@type\":\"WebSite\",\"@id\":\"https:\/\/nowinsure.com\/#website\",\"url\":\"https:\/\/nowinsure.com\/\",\"name\":\"NowInsure\",\"description\":\"Apparaten verzekeren vanaf \u20ac2,99 p\/m\",\"publisher\":{\"@id\":\"https:\/\/nowinsure.com\/#organization\"},\"potentialAction\":[{\"@type\":\"SearchAction\",\"target\":{\"@type\":\"EntryPoint\",\"urlTemplate\":\"https:\/\/nowinsure.com\/?s={search_term_string}\"},\"query-input\":{\"@type\":\"PropertyValueSpecification\",\"valueRequired\":true,\"valueName\":\"search_term_string\"}}],\"inLanguage\":\"fr-BE\"},{\"@type\":\"Organization\",\"@id\":\"https:\/\/nowinsure.com\/#organization\",\"name\":\"nowinsure.com\",\"url\":\"https:\/\/nowinsure.com\/\",\"logo\":{\"@type\":\"ImageObject\",\"inLanguage\":\"fr-BE\",\"@id\":\"https:\/\/nowinsure.com\/#\/schema\/logo\/image\/\",\"url\":\"https:\/\/nowinsure.com\/wp-content\/uploads\/2022\/08\/nowinsure.png\",\"contentUrl\":\"https:\/\/nowinsure.com\/wp-content\/uploads\/2022\/08\/nowinsure.png\",\"width\":500,\"height\":114,\"caption\":\"nowinsure.com\"},\"image\":{\"@id\":\"https:\/\/nowinsure.com\/#\/schema\/logo\/image\/\"}}]}<\/script>\n<!-- \/ Yoast SEO plugin. -->","yoast_head_json":{"title":"iPad & tablet verzekeren? | nowinsure.com | Tegen schade en diefstal","description":"Afsluiten tot 12 maanden na aankoop, 14 dagen bedenktijd. Geen jaarcontract, maandelijks opzegbaar. Geen poliskosten, zowel particulier als zakelijk.","robots":{"index":"index","follow":"follow","max-snippet":"max-snippet:-1","max-image-preview":"max-image-preview:large","max-video-preview":"max-video-preview:-1"},"canonical":"https:\/\/nowinsure.com\/fr\/ipad-verzekeren\/","og_locale":"fr_FR","og_type":"article","og_title":"iPad & tablet verzekeren? | nowinsure.com | Tegen schade en diefstal","og_description":"Afsluiten tot 12 maanden na aankoop, 14 dagen bedenktijd. Geen jaarcontract, maandelijks opzegbaar. Geen poliskosten, zowel particulier als zakelijk.","og_url":"https:\/\/nowinsure.com\/fr\/ipad-verzekeren\/","og_site_name":"NowInsure","article_modified_time":"2025-04-18T08:34:55+00:00","og_image":[{"width":140,"height":140,"url":"https:\/\/nowinsure.com\/wp-content\/uploads\/2022\/08\/1579849390tablet.png","type":"image\/png"}],"twitter_card":"summary_large_image","twitter_misc":{"Dur\u00e9e de lecture est.":"2 minutes"},"schema":{"@context":"https:\/\/schema.org","@graph":[{"@type":"WebPage","@id":"https:\/\/nowinsure.com\/ipad-verzekeren\/","url":"https:\/\/nowinsure.com\/ipad-verzekeren\/","name":"iPad & tablet verzekeren? | nowinsure.com | Tegen schade en diefstal","isPartOf":{"@id":"https:\/\/nowinsure.com\/#website"},"primaryImageOfPage":{"@id":"https:\/\/nowinsure.com\/ipad-verzekeren\/#primaryimage"},"image":{"@id":"https:\/\/nowinsure.com\/ipad-verzekeren\/#primaryimage"},"thumbnailUrl":"https:\/\/nowinsure.com\/wp-content\/uploads\/2022\/08\/1579849390tablet.png","datePublished":"2022-08-17T12:00:37+00:00","dateModified":"2025-04-18T08:34:55+00:00","description":"Afsluiten tot 12 maanden na aankoop, 14 dagen bedenktijd. Geen jaarcontract, maandelijks opzegbaar. Geen poliskosten, zowel particulier als zakelijk.","breadcrumb":{"@id":"https:\/\/nowinsure.com\/ipad-verzekeren\/#breadcrumb"},"inLanguage":"fr-BE","potentialAction":[{"@type":"ReadAction","target":["https:\/\/nowinsure.com\/ipad-verzekeren\/"]}]},{"@type":"ImageObject","inLanguage":"fr-BE","@id":"https:\/\/nowinsure.com\/ipad-verzekeren\/#primaryimage","url":"https:\/\/nowinsure.com\/wp-content\/uploads\/2022\/08\/1579849390tablet.png","contentUrl":"https:\/\/nowinsure.com\/wp-content\/uploads\/2022\/08\/1579849390tablet.png","width":140,"height":140},{"@type":"BreadcrumbList","@id":"https:\/\/nowinsure.com\/ipad-verzekeren\/#breadcrumb","itemListElement":[{"@type":"ListItem","position":1,"name":"Home","item":"https:\/\/nowinsure.com\/"},{"@type":"ListItem","position":2,"name":"iPad &#038; tablet verzekeren"}]},{"@type":"WebSite","@id":"https:\/\/nowinsure.com\/#website","url":"https:\/\/nowinsure.com\/","name":"NowInsure","description":"Assurer les appareils \u00e0 partir de 2,99 \u20ac par mois","publisher":{"@id":"https:\/\/nowinsure.com\/#organization"},"potentialAction":[{"@type":"SearchAction","target":{"@type":"EntryPoint","urlTemplate":"https:\/\/nowinsure.com\/?s={search_term_string}"},"query-input":{"@type":"PropertyValueSpecification","valueRequired":true,"valueName":"search_term_string"}}],"inLanguage":"fr-BE"},{"@type":"Organization","@id":"https:\/\/nowinsure.com\/#organization","name":"nowinsure.com","url":"https:\/\/nowinsure.com\/","logo":{"@type":"ImageObject","inLanguage":"fr-BE","@id":"https:\/\/nowinsure.com\/#\/schema\/logo\/image\/","url":"https:\/\/nowinsure.com\/wp-content\/uploads\/2022\/08\/nowinsure.png","contentUrl":"https:\/\/nowinsure.com\/wp-content\/uploads\/2022\/08\/nowinsure.png","width":500,"height":114,"caption":"nowinsure.com"},"image":{"@id":"https:\/\/nowinsure.com\/#\/schema\/logo\/image\/"}}]}},"_links":{"self":[{"href":"https:\/\/nowinsure.com\/fr\/wp-json\/wp\/v2\/pages\/20","targetHints":{"allow":["GET"]}}],"collection":[{"href":"https:\/\/nowinsure.com\/fr\/wp-json\/wp\/v2\/pages"}],"about":[{"href":"https:\/\/nowinsure.com\/fr\/wp-json\/wp\/v2\/types\/page"}],"author":[{"embeddable":true,"href":"https:\/\/nowinsure.com\/fr\/wp-json\/wp\/v2\/users\/1"}],"replies":[{"embeddable":true,"href":"https:\/\/nowinsure.com\/fr\/wp-json\/wp\/v2\/comments?post=20"}],"version-history":[{"count":6,"href":"https:\/\/nowinsure.com\/fr\/wp-json\/wp\/v2\/pages\/20\/revisions"}],"predecessor-version":[{"id":642,"href":"https:\/\/nowinsure.com\/fr\/wp-json\/wp\/v2\/pages\/20\/revisions\/642"}],"wp:featuredmedia":[{"embeddable":true,"href":"https:\/\/nowinsure.com\/fr\/wp-json\/wp\/v2\/media\/49"}],"wp:attachment":[{"href":"https:\/\/nowinsure.com\/fr\/wp-json\/wp\/v2\/media?parent=20"}],"wp:term":[{"taxonomy":"category","embeddable":true,"href":"https:\/\/nowinsure.com\/fr\/wp-json\/wp\/v2\/categories?post=20"},{"taxonomy":"post_tag","embeddable":true,"href":"https:\/\/nowinsure.com\/fr\/wp-json\/wp\/v2\/tags?post=20"}],"curies":[{"name":"wp","href":"https:\/\/api.w.org\/{rel}","templated":true}]}}