{"id":16,"date":"2022-08-17T11:59:38","date_gmt":"2022-08-17T11:59:38","guid":{"rendered":"http:\/\/localhost\/projecten\/nowinsure\/wordpress\/?page_id=16"},"modified":"2022-09-21T13:36:27","modified_gmt":"2022-09-21T13:36:27","slug":"verzekeringen","status":"publish","type":"page","link":"https:\/\/nowinsure.com\/fr\/verzekeringen\/","title":{"rendered":"Assurance"},"content":{"rendered":"<h2>D\u00e9couvrez une bonne assurance objets de valeur sur nowinsure.com<\/h2>\n<p>Sur nowinsure.com, vous trouverez une assurance pour tous vos appareils \u00e9lectroniques. De votre <a href=\"https:\/\/nowinsure.com\/fr\/verzekering\/telefoon-verzekeren\/\">t\u00e9l\u00e9phone<\/a>, <a href=\"https:\/\/nowinsure.com\/fr\/verzekering\/tablet-verzekeren\/\">tablette<\/a>, <a href=\"https:\/\/nowinsure.com\/fr\/verzekering\/laptop-verzekeren\/\">ordinateur portable<\/a>, <a href=\"https:\/\/nowinsure.com\/fr\/verzekering\/camera-verzekeren\/\">cam\u00e9ra<\/a> <a href=\"https:\/\/nowinsure.com\/fr\/verzekering\/smartwatch-verzekeren\/\">montre intelligente<\/a>\u00a0et <a href=\"https:\/\/nowinsure.com\/fr\/verzekering\/computer-verzekeren\/\">ordinateur<\/a>\u00a0nous disposons d'une assurance adapt\u00e9e. Et aucune de nos assurances n'est r\u00e9dig\u00e9e en petits caract\u00e8res ! Vous n'aurez donc pas de mauvaises surprises par la suite. Nos assurances sont claires et faciles \u00e0 souscrire. Vous cherchez une assurance adapt\u00e9e \u00e0 votre mat\u00e9riel ? Choisissez le mat\u00e9riel que vous souhaitez assurer et souscrivez une police d'assurance via notre site web en quelques minutes.<\/p>\n<h2>Une assurance hors domicile appropri\u00e9e pour chaque appareil<\/h2>\n<p>Quel que soit l'appareil \u00e9lectronique que vous souhaitez assurer, nowinsure.com vous propose une assurance adapt\u00e9e. Parce que manipuler vos affaires en toute s\u00e9r\u00e9nit\u00e9 vaut de l'or. C'est pourquoi nous proposons une assurance pour la premi\u00e8re ann\u00e9e suivant l'achat. Vous changez d'avis sur l'assurance de votre produit quelques mois apr\u00e8s l'avoir achet\u00e9 ? Aucun probl\u00e8me ! Nous tenons \u00e0 ce que nos clients profitent encore plus de leurs produits. Et quel meilleur moyen d'y parvenir qu'avec une assurance dont vous pouvez \u00eatre s\u00fbr qu'elle est correcte ?<\/p>\n<h2>Profitez sans souci de vos appareils \u00e9lectroniques gr\u00e2ce \u00e0 nos assurances<\/h2>\n<p>Lorsque vos appareils \u00e9lectroniques sont assur\u00e9s, vous en profitez encore plus. Car sans le savoir, nous utilisons notre t\u00e9l\u00e9phone, notre tablette, notre ordinateur (de jeu) ou nos \u00e9couteurs plus que nous ne le pensons ! Peut-on encore s'en passer ? Heureusement, avec l'assurance de nowinsure.com, vous n'avez pas \u00e0 le faire. Votre appareil est endommag\u00e9 ou cass\u00e9 ? Nous comprenons que vous souhaitiez utiliser \u00e0 nouveau votre appareil le plus rapidement possible. Il vous suffit donc d'un simple appel pour que nous mettions en place le processus de r\u00e9paration ou de remplacement. Remplacement oui, car si vos appareils \u00e9lectroniques sont irr\u00e9parables, nous vous fournirons un nouvel appareil comparable !<\/p>\n<p>Souscrivez votre assurance imm\u00e9diatement et profitez de tous les avantages de l'assurance avec nowinsure.com ! Gr\u00e2ce \u00e0 notre couverture mondiale, vous pouvez toujours profiter de vos produits sans souci. \u00c0 la maison et en voyage.<\/p>","protected":false},"excerpt":{"rendered":"<p>Ontdek de goede kostbaarhedenverzekering van nowinsure.com Bij nowinsure.com vind je verzekeringen voor al jouw elektronica. Van je telefoon, tablet, laptop, camera smartwatch\u00a0en computer\u00a0wij hebben een geschikte verzekering. En bij geen enkele van onze verzekeringen vind je kleine lettertjes! Geen gekke verrassingen achteraf dus. Onze verzekeringen zijn overzichtelijk en gemakkelijk af te sluiten. Op zoek naar [&hellip;]<\/p>\n","protected":false},"author":1,"featured_media":0,"parent":0,"menu_order":0,"comment_status":"closed","ping_status":"closed","template":"page-templates\/verzekeringen.php","meta":{"_acf_changed":false,"footnotes":""},"categories":[],"tags":[],"class_list":["post-16","page","type-page","status-publish","hentry"],"acf":[],"yoast_head":"<!-- This site is optimized with the Yoast SEO plugin v26.8 - https:\/\/yoast.com\/product\/yoast-seo-wordpress\/ -->\n<title>Verzekeringen - NowInsure<\/title>\n<meta name=\"robots\" content=\"index, follow, max-snippet:-1, max-image-preview:large, max-video-preview:-1\" \/>\n<link rel=\"canonical\" href=\"https:\/\/nowinsure.com\/fr\/verzekeringen\/\" \/>\n<meta property=\"og:locale\" content=\"fr_FR\" \/>\n<meta property=\"og:type\" content=\"article\" \/>\n<meta property=\"og:title\" content=\"Verzekeringen - NowInsure\" \/>\n<meta property=\"og:description\" content=\"Ontdek de goede kostbaarhedenverzekering van nowinsure.com Bij nowinsure.com vind je verzekeringen voor al jouw elektronica. Van je telefoon, tablet, laptop, camera smartwatch\u00a0en computer\u00a0wij hebben een geschikte verzekering. En bij geen enkele van onze verzekeringen vind je kleine lettertjes! Geen gekke verrassingen achteraf dus. Onze verzekeringen zijn overzichtelijk en gemakkelijk af te sluiten. Op zoek naar [&hellip;]\" \/>\n<meta property=\"og:url\" content=\"https:\/\/nowinsure.com\/fr\/verzekeringen\/\" \/>\n<meta property=\"og:site_name\" content=\"NowInsure\" \/>\n<meta property=\"article:modified_time\" content=\"2022-09-21T13:36:27+00:00\" \/>\n<meta name=\"twitter:card\" content=\"summary_large_image\" \/>\n<script type=\"application\/ld+json\" class=\"yoast-schema-graph\">{\"@context\":\"https:\/\/schema.org\",\"@graph\":[{\"@type\":\"WebPage\",\"@id\":\"https:\/\/nowinsure.com\/verzekeringen\/\",\"url\":\"https:\/\/nowinsure.com\/verzekeringen\/\",\"name\":\"Verzekeringen - NowInsure\",\"isPartOf\":{\"@id\":\"https:\/\/nowinsure.com\/#website\"},\"datePublished\":\"2022-08-17T11:59:38+00:00\",\"dateModified\":\"2022-09-21T13:36:27+00:00\",\"breadcrumb\":{\"@id\":\"https:\/\/nowinsure.com\/verzekeringen\/#breadcrumb\"},\"inLanguage\":\"fr-BE\",\"potentialAction\":[{\"@type\":\"ReadAction\",\"target\":[\"https:\/\/nowinsure.com\/verzekeringen\/\"]}]},{\"@type\":\"BreadcrumbList\",\"@id\":\"https:\/\/nowinsure.com\/verzekeringen\/#breadcrumb\",\"itemListElement\":[{\"@type\":\"ListItem\",\"position\":1,\"name\":\"Home\",\"item\":\"https:\/\/nowinsure.com\/\"},{\"@type\":\"ListItem\",\"position\":2,\"name\":\"Verzekeringen\"}]},{\"@type\":\"WebSite\",\"@id\":\"https:\/\/nowinsure.com\/#website\",\"url\":\"https:\/\/nowinsure.com\/\",\"name\":\"NowInsure\",\"description\":\"Apparaten verzekeren vanaf \u20ac2,99 p\/m\",\"publisher\":{\"@id\":\"https:\/\/nowinsure.com\/#organization\"},\"potentialAction\":[{\"@type\":\"SearchAction\",\"target\":{\"@type\":\"EntryPoint\",\"urlTemplate\":\"https:\/\/nowinsure.com\/?s={search_term_string}\"},\"query-input\":{\"@type\":\"PropertyValueSpecification\",\"valueRequired\":true,\"valueName\":\"search_term_string\"}}],\"inLanguage\":\"fr-BE\"},{\"@type\":\"Organization\",\"@id\":\"https:\/\/nowinsure.com\/#organization\",\"name\":\"nowinsure.com\",\"url\":\"https:\/\/nowinsure.com\/\",\"logo\":{\"@type\":\"ImageObject\",\"inLanguage\":\"fr-BE\",\"@id\":\"https:\/\/nowinsure.com\/#\/schema\/logo\/image\/\",\"url\":\"https:\/\/nowinsure.com\/wp-content\/uploads\/2022\/08\/nowinsure.png\",\"contentUrl\":\"https:\/\/nowinsure.com\/wp-content\/uploads\/2022\/08\/nowinsure.png\",\"width\":500,\"height\":114,\"caption\":\"nowinsure.com\"},\"image\":{\"@id\":\"https:\/\/nowinsure.com\/#\/schema\/logo\/image\/\"}}]}<\/script>\n<!-- \/ Yoast SEO plugin. -->","yoast_head_json":{"title":"Verzekeringen - NowInsure","robots":{"index":"index","follow":"follow","max-snippet":"max-snippet:-1","max-image-preview":"max-image-preview:large","max-video-preview":"max-video-preview:-1"},"canonical":"https:\/\/nowinsure.com\/fr\/verzekeringen\/","og_locale":"fr_FR","og_type":"article","og_title":"Verzekeringen - NowInsure","og_description":"Ontdek de goede kostbaarhedenverzekering van nowinsure.com Bij nowinsure.com vind je verzekeringen voor al jouw elektronica. Van je telefoon, tablet, laptop, camera smartwatch\u00a0en computer\u00a0wij hebben een geschikte verzekering. En bij geen enkele van onze verzekeringen vind je kleine lettertjes! Geen gekke verrassingen achteraf dus. Onze verzekeringen zijn overzichtelijk en gemakkelijk af te sluiten. Op zoek naar [&hellip;]","og_url":"https:\/\/nowinsure.com\/fr\/verzekeringen\/","og_site_name":"NowInsure","article_modified_time":"2022-09-21T13:36:27+00:00","twitter_card":"summary_large_image","schema":{"@context":"https:\/\/schema.org","@graph":[{"@type":"WebPage","@id":"https:\/\/nowinsure.com\/verzekeringen\/","url":"https:\/\/nowinsure.com\/verzekeringen\/","name":"Verzekeringen - NowInsure","isPartOf":{"@id":"https:\/\/nowinsure.com\/#website"},"datePublished":"2022-08-17T11:59:38+00:00","dateModified":"2022-09-21T13:36:27+00:00","breadcrumb":{"@id":"https:\/\/nowinsure.com\/verzekeringen\/#breadcrumb"},"inLanguage":"fr-BE","potentialAction":[{"@type":"ReadAction","target":["https:\/\/nowinsure.com\/verzekeringen\/"]}]},{"@type":"BreadcrumbList","@id":"https:\/\/nowinsure.com\/verzekeringen\/#breadcrumb","itemListElement":[{"@type":"ListItem","position":1,"name":"Home","item":"https:\/\/nowinsure.com\/"},{"@type":"ListItem","position":2,"name":"Verzekeringen"}]},{"@type":"WebSite","@id":"https:\/\/nowinsure.com\/#website","url":"https:\/\/nowinsure.com\/","name":"NowInsure","description":"Assurer les appareils \u00e0 partir de 2,99 \u20ac par mois","publisher":{"@id":"https:\/\/nowinsure.com\/#organization"},"potentialAction":[{"@type":"SearchAction","target":{"@type":"EntryPoint","urlTemplate":"https:\/\/nowinsure.com\/?s={search_term_string}"},"query-input":{"@type":"PropertyValueSpecification","valueRequired":true,"valueName":"search_term_string"}}],"inLanguage":"fr-BE"},{"@type":"Organization","@id":"https:\/\/nowinsure.com\/#organization","name":"nowinsure.com","url":"https:\/\/nowinsure.com\/","logo":{"@type":"ImageObject","inLanguage":"fr-BE","@id":"https:\/\/nowinsure.com\/#\/schema\/logo\/image\/","url":"https:\/\/nowinsure.com\/wp-content\/uploads\/2022\/08\/nowinsure.png","contentUrl":"https:\/\/nowinsure.com\/wp-content\/uploads\/2022\/08\/nowinsure.png","width":500,"height":114,"caption":"nowinsure.com"},"image":{"@id":"https:\/\/nowinsure.com\/#\/schema\/logo\/image\/"}}]}},"_links":{"self":[{"href":"https:\/\/nowinsure.com\/fr\/wp-json\/wp\/v2\/pages\/16","targetHints":{"allow":["GET"]}}],"collection":[{"href":"https:\/\/nowinsure.com\/fr\/wp-json\/wp\/v2\/pages"}],"about":[{"href":"https:\/\/nowinsure.com\/fr\/wp-json\/wp\/v2\/types\/page"}],"author":[{"embeddable":true,"href":"https:\/\/nowinsure.com\/fr\/wp-json\/wp\/v2\/users\/1"}],"replies":[{"embeddable":true,"href":"https:\/\/nowinsure.com\/fr\/wp-json\/wp\/v2\/comments?post=16"}],"version-history":[{"count":2,"href":"https:\/\/nowinsure.com\/fr\/wp-json\/wp\/v2\/pages\/16\/revisions"}],"predecessor-version":[{"id":166,"href":"https:\/\/nowinsure.com\/fr\/wp-json\/wp\/v2\/pages\/16\/revisions\/166"}],"wp:attachment":[{"href":"https:\/\/nowinsure.com\/fr\/wp-json\/wp\/v2\/media?parent=16"}],"wp:term":[{"taxonomy":"category","embeddable":true,"href":"https:\/\/nowinsure.com\/fr\/wp-json\/wp\/v2\/categories?post=16"},{"taxonomy":"post_tag","embeddable":true,"href":"https:\/\/nowinsure.com\/fr\/wp-json\/wp\/v2\/tags?post=16"}],"curies":[{"name":"wp","href":"https:\/\/api.w.org\/{rel}","templated":true}]}}